{"id":106,"date":"2025-09-18T21:07:28","date_gmt":"2025-09-19T00:07:28","guid":{"rendered":"https:\/\/piscinariasumare.com.br\/vitrine\/?post_type=product&#038;p=106"},"modified":"2025-09-22T19:12:47","modified_gmt":"2025-09-22T22:12:47","slug":"filtro-v-60-veico-150-kg","status":"publish","type":"product","link":"https:\/\/piscinariasumare.com.br\/vitrine\/produto\/filtro-v-60-veico-150-kg\/","title":{"rendered":"Filtro V-60 VEICO 150 KG"},"content":{"rendered":"<h1>Filtro V-60 VEICO 150 KG<\/h1>\n<h4>Filtro de Piscina com V\u00e1lvula de Comando Veico V-60 &#8211; At\u00e9 86.000 Litros V-60 Fluidra<\/h4>\n<p><strong>Tanque do filtro em polietileno rotomoldado.<\/strong><\/p>\n<p>V\u00e1lvula seletora de 6 fun\u00e7\u00f5es, com conex\u00f5es de 50 mm, equipada com man\u00f4metro, produzida com pl\u00e1sticos de engenharia (ABS, ABS + Fibra de Vidro, Policarbonato, EPDM) e elementos met\u00e1licos em a\u00e7o inoxid\u00e1vel, o que garante melhor desempenho, robustez, facilidade de manuseio e maior vida \u00fatil.<\/p>\n<p><strong>Uni\u00e3o da v\u00e1lvula ao tanque parafusada e com veda\u00e7\u00e3o em EPDM.<\/strong><\/p>\n<h4>Marca: Veico by Fluidra<\/h4>\n<p>&#8211; Tanque do Filtro em Polietileno rotomoldado<br \/>\n&#8211; V\u00e1lvula Seletora de 6 fun\u00e7\u00f5es produzida compl\u00e1sticos de engenharia<br \/>\n&#8211; Uni\u00e3o da V\u00e1lvula ao Tanque parafusada e veda\u00e7\u00e3o em EPDM<br \/>\n&#8211; Velocidade m\u00e1xima de trabalho: 48 m\u00b3\/h\/m\u00b2<br \/>\n&#8211; Press\u00e3o m\u00e1xima de trabalho: 1,5 kg\/cm\u00b2<br \/>\n&#8211; Man\u00f4metro indicativo de press\u00e3o de trabalho<br \/>\n&#8211; Possui p\u00e9s que facilitam a limpeza da casa de m\u00e1quinas<br \/>\n&#8211; 3 anos de garantia de f\u00e1brica no tanque*<\/p>\n<p><strong>*de acordo com o certificado de garantia<\/strong><\/p>\n<h4>Caracter\u00edsticas T\u00e9cnicas<\/h4>\n<p>Recircula\u00e7\u00e3o em 6 horas*: 64,8 m\u00b3<br \/>\nRecircula\u00e7\u00e3o em 8 horas*: 86,4 m\u00b3<br \/>\nCarga de areia: 125 kg<br \/>\nTaxa de filtra\u00e7\u00e3o (m\u00b3\/m\u00b2\/dia): 1141<br \/>\n\u00c1rea filtrante (m\u00b2): 0,227<br \/>\nPress\u00e3o m\u00e1xima (kg\/cm\u00b2): 1,5<\/p>\n<h4>Dimens\u00f5es<\/h4>\n<p>Altura: 922 mm<br \/>\nDi\u00e2metro: 560 mm<br \/>\nAltura tubula\u00e7\u00e3o \u00e1gua (entrada\/bomba): 818 mm<br \/>\nAltura tubula\u00e7\u00e3o retorno (entrada\/bomba): 746 mm<br \/>\nAltura tubula\u00e7\u00e3o esgoto: 746 mm<\/p>\n","protected":false},"excerpt":{"rendered":"<h4>A Piscinaria Sumar\u00e9 \u00e9 especialista em produtos para piscinas.<\/h4>\n<p>\u2013 Fabrica\u00e7\u00e3o pr\u00f3pria de produtos<br \/>\n\u2013 Distribui\u00e7\u00e3o das principais marcas do mercado<br \/>\n\u2013 Especialistas que ajudam na escolha do produto e equipamento ideal<\/p>\n","protected":false},"featured_media":107,"comment_status":"open","ping_status":"closed","template":"","meta":[],"product_brand":[],"product_cat":[22],"product_tag":[],"class_list":{"0":"post-106","1":"product","2":"type-product","3":"status-publish","4":"has-post-thumbnail","6":"product_cat-filtros-para-piscinas","8":"first","9":"instock","10":"shipping-taxable","11":"product-type-simple"},"_links":{"self":[{"href":"https:\/\/piscinariasumare.com.br\/vitrine\/wp-json\/wp\/v2\/product\/106","targetHints":{"allow":["GET"]}}],"collection":[{"href":"https:\/\/piscinariasumare.com.br\/vitrine\/wp-json\/wp\/v2\/product"}],"about":[{"href":"https:\/\/piscinariasumare.com.br\/vitrine\/wp-json\/wp\/v2\/types\/product"}],"replies":[{"embeddable":true,"href":"https:\/\/piscinariasumare.com.br\/vitrine\/wp-json\/wp\/v2\/comments?post=106"}],"wp:featuredmedia":[{"embeddable":true,"href":"https:\/\/piscinariasumare.com.br\/vitrine\/wp-json\/wp\/v2\/media\/107"}],"wp:attachment":[{"href":"https:\/\/piscinariasumare.com.br\/vitrine\/wp-json\/wp\/v2\/media?parent=106"}],"wp:term":[{"taxonomy":"product_brand","embeddable":true,"href":"https:\/\/piscinariasumare.com.br\/vitrine\/wp-json\/wp\/v2\/product_brand?post=106"},{"taxonomy":"product_cat","embeddable":true,"href":"https:\/\/piscinariasumare.com.br\/vitrine\/wp-json\/wp\/v2\/product_cat?post=106"},{"taxonomy":"product_tag","embeddable":true,"href":"https:\/\/piscinariasumare.com.br\/vitrine\/wp-json\/wp\/v2\/product_tag?post=106"}],"curies":[{"name":"wp","href":"https:\/\/api.w.org\/{rel}","templated":true}]}}