{"id":110,"date":"2025-09-18T21:21:06","date_gmt":"2025-09-19T00:21:06","guid":{"rendered":"https:\/\/piscinariasumare.com.br\/vitrine\/?post_type=product&#038;p=110"},"modified":"2025-09-22T19:13:51","modified_gmt":"2025-09-22T22:13:51","slug":"filtro-v-40-veico-65-kg","status":"publish","type":"product","link":"https:\/\/piscinariasumare.com.br\/vitrine\/produto\/filtro-v-40-veico-65-kg\/","title":{"rendered":"Filtro V-40 VEICO 65 KG"},"content":{"rendered":"<h1>Filtro V-40 VEICO 65 KG<\/h1>\n<h4>Tanque do filtro em polietileno rotomoldado.<\/h4>\n<p>V\u00e1lvula seletora de 6 fun\u00e7\u00f5es, com conex\u00f5es de 50 mm, equipada com man\u00f4metro, produzida com pl\u00e1sticos de engenharia (ABS, ABS + Fibra de Vidro, Policarbonato, EPDM) e elementos met\u00e1licos em a\u00e7o inoxid\u00e1vel, o que garante melhor desempenho, robustez, facilidade de manuseio e maior vida \u00fatil.<\/p>\n<h4>DADOS TECNICOS<\/h4>\n<p>Potencia Sugerida da Bomba: 1\/2\u00a0CV<br \/>\nArea Total Filtra\u00e7\u00e3o: 0,116m\u00b2<br \/>\nVaz\u00e3o Nominal: 5,2 m\u00b3\/H<br \/>\nVolume Piscina: 31 m\u00b3\/6Horas, 42m\u00b3\/8 Horas<br \/>\nCarga de Areia: 65Kg<br \/>\nTaxa de Filtra\u00e7\u00e3o\/ Retrolavagem: 1075m\u00b3\/m\u00b2\/Dia<br \/>\nDimens\u00f5es Aproximadas: 400mmx400mmx780mm<br \/>\nPeso: 7,6kg<\/p>\n","protected":false},"excerpt":{"rendered":"<h4>A Piscinaria Sumar\u00e9 \u00e9 especialista em produtos para piscinas.<\/h4>\n<p>\u2013 Fabrica\u00e7\u00e3o pr\u00f3pria de produtos<br \/>\n\u2013 Distribui\u00e7\u00e3o das principais marcas do mercado<br \/>\n\u2013 Especialistas que ajudam na escolha do produto e equipamento ideal<\/p>\n","protected":false},"featured_media":111,"comment_status":"open","ping_status":"closed","template":"","meta":[],"product_brand":[],"product_cat":[22],"product_tag":[],"class_list":{"0":"post-110","1":"product","2":"type-product","3":"status-publish","4":"has-post-thumbnail","6":"product_cat-filtros-para-piscinas","8":"first","9":"instock","10":"shipping-taxable","11":"product-type-simple"},"_links":{"self":[{"href":"https:\/\/piscinariasumare.com.br\/vitrine\/wp-json\/wp\/v2\/product\/110","targetHints":{"allow":["GET"]}}],"collection":[{"href":"https:\/\/piscinariasumare.com.br\/vitrine\/wp-json\/wp\/v2\/product"}],"about":[{"href":"https:\/\/piscinariasumare.com.br\/vitrine\/wp-json\/wp\/v2\/types\/product"}],"replies":[{"embeddable":true,"href":"https:\/\/piscinariasumare.com.br\/vitrine\/wp-json\/wp\/v2\/comments?post=110"}],"wp:featuredmedia":[{"embeddable":true,"href":"https:\/\/piscinariasumare.com.br\/vitrine\/wp-json\/wp\/v2\/media\/111"}],"wp:attachment":[{"href":"https:\/\/piscinariasumare.com.br\/vitrine\/wp-json\/wp\/v2\/media?parent=110"}],"wp:term":[{"taxonomy":"product_brand","embeddable":true,"href":"https:\/\/piscinariasumare.com.br\/vitrine\/wp-json\/wp\/v2\/product_brand?post=110"},{"taxonomy":"product_cat","embeddable":true,"href":"https:\/\/piscinariasumare.com.br\/vitrine\/wp-json\/wp\/v2\/product_cat?post=110"},{"taxonomy":"product_tag","embeddable":true,"href":"https:\/\/piscinariasumare.com.br\/vitrine\/wp-json\/wp\/v2\/product_tag?post=110"}],"curies":[{"name":"wp","href":"https:\/\/api.w.org\/{rel}","templated":true}]}}