{"id":112,"date":"2025-09-18T21:27:55","date_gmt":"2025-09-19T00:27:55","guid":{"rendered":"https:\/\/piscinariasumare.com.br\/vitrine\/?post_type=product&#038;p=112"},"modified":"2025-09-22T19:14:21","modified_gmt":"2025-09-22T22:14:21","slug":"filtro-v-30-veico-30-kg","status":"publish","type":"product","link":"https:\/\/piscinariasumare.com.br\/vitrine\/produto\/filtro-v-30-veico-30-kg\/","title":{"rendered":"Filtro V-30 VEICO 30 KG"},"content":{"rendered":"<h1>Filtro para Piscina Veico V-30<\/h1>\n<h4>Filtro Veico para Piscina at\u00e9 30.000 Litros V-30 c\/ V\u00e1lvula de Comando<\/h4>\n<p>Tanque do filtro em polietileno rotomoldado.<br \/>\nV\u00e1lvula seletora de 6 fun\u00e7\u00f5es, com conex\u00f5es de 50 mm, equipada com man\u00f4metro, produzida com pl\u00e1sticos de engenharia (ABS, ABS + Fibra de Vidro, Policarbonato, EPDM) e elementos met\u00e1licos em a\u00e7o inoxid\u00e1vel, o que garante melhor desempenho, robustez, facilidade de manuseio e maior vida \u00fatil.<\/p>\n<h4>Caracter\u00edsticas<\/h4>\n<p>Fabricante Filtro: Veico<br \/>\nModelo: V-30<br \/>\nPeso por unidade em Kg: 17<br \/>\nCarga de areia: 30 Kg ( N\u00c3O INCLUSO )<br \/>\nComposi\u00e7\u00e3o: Polietileno rotomoldado, V\u00e1lvula multivias em ABS<br \/>\nOrigem: Nacional<\/p>\n","protected":false},"excerpt":{"rendered":"<h4>A Piscinaria Sumar\u00e9 \u00e9 especialista em produtos para piscinas.<\/h4>\n<p>\u2013 Fabrica\u00e7\u00e3o pr\u00f3pria de produtos<br \/>\n\u2013 Distribui\u00e7\u00e3o das principais marcas do mercado<br \/>\n\u2013 Especialistas que ajudam na escolha do produto e equipamento ideal<\/p>\n","protected":false},"featured_media":113,"comment_status":"open","ping_status":"closed","template":"","meta":[],"product_brand":[],"product_cat":[22],"product_tag":[30],"class_list":{"0":"post-112","1":"product","2":"type-product","3":"status-publish","4":"has-post-thumbnail","6":"product_cat-filtros-para-piscinas","7":"product_tag-filtro-v-30-veico-30-kg","9":"first","10":"instock","11":"shipping-taxable","12":"product-type-simple"},"_links":{"self":[{"href":"https:\/\/piscinariasumare.com.br\/vitrine\/wp-json\/wp\/v2\/product\/112","targetHints":{"allow":["GET"]}}],"collection":[{"href":"https:\/\/piscinariasumare.com.br\/vitrine\/wp-json\/wp\/v2\/product"}],"about":[{"href":"https:\/\/piscinariasumare.com.br\/vitrine\/wp-json\/wp\/v2\/types\/product"}],"replies":[{"embeddable":true,"href":"https:\/\/piscinariasumare.com.br\/vitrine\/wp-json\/wp\/v2\/comments?post=112"}],"wp:featuredmedia":[{"embeddable":true,"href":"https:\/\/piscinariasumare.com.br\/vitrine\/wp-json\/wp\/v2\/media\/113"}],"wp:attachment":[{"href":"https:\/\/piscinariasumare.com.br\/vitrine\/wp-json\/wp\/v2\/media?parent=112"}],"wp:term":[{"taxonomy":"product_brand","embeddable":true,"href":"https:\/\/piscinariasumare.com.br\/vitrine\/wp-json\/wp\/v2\/product_brand?post=112"},{"taxonomy":"product_cat","embeddable":true,"href":"https:\/\/piscinariasumare.com.br\/vitrine\/wp-json\/wp\/v2\/product_cat?post=112"},{"taxonomy":"product_tag","embeddable":true,"href":"https:\/\/piscinariasumare.com.br\/vitrine\/wp-json\/wp\/v2\/product_tag?post=112"}],"curies":[{"name":"wp","href":"https:\/\/api.w.org\/{rel}","templated":true}]}}