{"id":114,"date":"2025-09-19T10:16:51","date_gmt":"2025-09-19T13:16:51","guid":{"rendered":"https:\/\/piscinariasumare.com.br\/vitrine\/?post_type=product&#038;p=114"},"modified":"2025-09-22T19:14:48","modified_gmt":"2025-09-22T22:14:48","slug":"coletor-solar-girassol-pnz","status":"publish","type":"product","link":"https:\/\/piscinariasumare.com.br\/vitrine\/produto\/coletor-solar-girassol-pnz\/","title":{"rendered":"Coletor Solar (girassol) PNZ"},"content":{"rendered":"<h1>Placa Solar Caracol (Girassol)<\/h1>\n<h4>A Placa Solar Caracol (Girassol), utilizam tecnologia avan\u00e7ada no aquecimento de piscinas residencias ou de uso p\u00fablico.<\/h4>\n<p>Desenvolvidas com tecnologia 100% nacional foram projetadas para apresentar um alto grau de efici\u00eancia, economia e sustentabilidade al\u00e9m do conforto t\u00e9rmico.<br \/>\nMenor \u00edndice de vazamento e de assist\u00eancia t\u00e9cnica do mercado devido ao menor n\u00famero de pontos pass\u00edveis de vazamento.<\/p>\n<p>Pode ser instalada em v\u00e1rios tipos de telhado horizonta (platibanda). Ideal para telhados com pequenas \u00e1reas de instala\u00e7\u00e3o e diferente dos sistemas tradicionais de aquecimento que necessitam de 1m\u00b2 de telhado para cada 1m\u00b2 de l\u00e2mina d&#8217;\u00e1gua, o sistema Girassol aquece 4m\u00b2 de l\u00e2mina d&#8217;\u00e1gua, utilizando apenas 1 m\u00b2 de telhado.<\/p>\n<p>Sistema de aquecimento de alta vaz\u00e3o, maior volume de \u00e1gua quente por m\u00b2 de \u00e1gua h. Devido \u00e1 f\u00e1cil instala\u00e7\u00e3o e conex\u00f5es exclusivas de engate r\u00e1pido, o sistema possibilita a sua expans\u00e3o \u00e1 qualquer momento.<\/p>\n<h4>Destina-se para uso em :<\/h4>\n<p>&#8211; Piscinas de uso dom\u00e9stico;<br \/>\n&#8211; Piscinas de uso comercial, tais como: Academias, Clubes, Hot\u00e9is, Pousadas;<br \/>\n&#8211; Piscinas para fins terap\u00eauticos: clinicas de fisioterapia, institutos;<br \/>\n&#8211; Alta resist\u00eancia \u00e0 produtos qu\u00edmicos utilizados no tratamento da \u00e1gua da piscina;<br \/>\n&#8211; Facilidade de manuten\u00e7\u00e3o, pois n\u00e3o exige lavagem\/ limpeza dos coletores, devido a n\u00e3o ader\u00eancia de poeira e incrusta\u00e7\u00f5es, ou dep\u00f3sito de produtos qu\u00edmicos<br \/>\n&#8211; Alta resist\u00eancia para reinstala\u00e7\u00f5es;<br \/>\n&#8211; Durabilidade comprovada atrav\u00e9s de centenas de Sistemas instalados e funcionando com efici\u00eancia a mais de 10 anos.<\/p>\n","protected":false},"excerpt":{"rendered":"<h4>A Piscinaria Sumar\u00e9 \u00e9 especialista em produtos para piscinas.<\/h4>\n<p>\u2013 Fabrica\u00e7\u00e3o pr\u00f3pria de produtos<br \/>\n\u2013 Distribui\u00e7\u00e3o das principais marcas do mercado<br \/>\n\u2013 Especialistas que ajudam na escolha do produto e equipamento ideal<\/p>\n","protected":false},"featured_media":115,"comment_status":"open","ping_status":"closed","template":"","meta":[],"product_brand":[],"product_cat":[17],"product_tag":[31],"class_list":{"0":"post-114","1":"product","2":"type-product","3":"status-publish","4":"has-post-thumbnail","6":"product_cat-aquecedores","7":"product_tag-aquecedor-para-piscinas","9":"first","10":"instock","11":"shipping-taxable","12":"product-type-simple"},"_links":{"self":[{"href":"https:\/\/piscinariasumare.com.br\/vitrine\/wp-json\/wp\/v2\/product\/114","targetHints":{"allow":["GET"]}}],"collection":[{"href":"https:\/\/piscinariasumare.com.br\/vitrine\/wp-json\/wp\/v2\/product"}],"about":[{"href":"https:\/\/piscinariasumare.com.br\/vitrine\/wp-json\/wp\/v2\/types\/product"}],"replies":[{"embeddable":true,"href":"https:\/\/piscinariasumare.com.br\/vitrine\/wp-json\/wp\/v2\/comments?post=114"}],"wp:featuredmedia":[{"embeddable":true,"href":"https:\/\/piscinariasumare.com.br\/vitrine\/wp-json\/wp\/v2\/media\/115"}],"wp:attachment":[{"href":"https:\/\/piscinariasumare.com.br\/vitrine\/wp-json\/wp\/v2\/media?parent=114"}],"wp:term":[{"taxonomy":"product_brand","embeddable":true,"href":"https:\/\/piscinariasumare.com.br\/vitrine\/wp-json\/wp\/v2\/product_brand?post=114"},{"taxonomy":"product_cat","embeddable":true,"href":"https:\/\/piscinariasumare.com.br\/vitrine\/wp-json\/wp\/v2\/product_cat?post=114"},{"taxonomy":"product_tag","embeddable":true,"href":"https:\/\/piscinariasumare.com.br\/vitrine\/wp-json\/wp\/v2\/product_tag?post=114"}],"curies":[{"name":"wp","href":"https:\/\/api.w.org\/{rel}","templated":true}]}}