{"id":118,"date":"2025-09-19T10:26:48","date_gmt":"2025-09-19T13:26:48","guid":{"rendered":"https:\/\/piscinariasumare.com.br\/vitrine\/?post_type=product&#038;p=118"},"modified":"2025-09-22T19:15:42","modified_gmt":"2025-09-22T22:15:42","slug":"placa-solar-sibrape-050-x-3-00","status":"publish","type":"product","link":"https:\/\/piscinariasumare.com.br\/vitrine\/produto\/placa-solar-sibrape-050-x-3-00\/","title":{"rendered":"Placa Solar Sibrape &#8211; 0,50 x 3.00"},"content":{"rendered":"<h1>Placa Solar Sibrape &#8211; 0,50 x 3.00<\/h1>\n<h4>Aquecedor Solar Sibrape\u00ae<\/h4>\n<p>&#8211; S\u00e3o leves e flex\u00edveis facilitando a instala\u00e7\u00e3o<br \/>\n&#8211; Classifica\u00e7\u00e3o de efici\u00eancia energ\u00e9tica do Inmetro \u201cA\u201d<br \/>\n&#8211; Vaz\u00e3o do coletor, 240 a 280 litros\/h\/m\u00b2 de coletor<br \/>\n&#8211; Alta resist\u00eancia \u00e0 press\u00e3o at\u00e9 50 PSI; \u2022 Garantia de 5 anos.*<\/p>\n<p><strong>Os pain\u00e9is solares Sibrape s\u00e3o fabricados em polipropileno com aditivos at\u00f3xicos para oferecer a voc\u00ea:<\/strong><\/p>\n<p>&#8211; Maior resist\u00eancia.<br \/>\n&#8211; Excelente durabilidade.<br \/>\n&#8211; Alta resist\u00eancia contra raios ultravioleta.<br \/>\n&#8211; O painel solar Sibrape destina-se ao aquecimento de \u00e1gua de piscinas ou pr\u00e9-aquecimento de \u00e1gua de servi\u00e7o.<\/p>\n","protected":false},"excerpt":{"rendered":"<h4>A Piscinaria Sumar\u00e9 \u00e9 especialista em produtos para piscinas.<\/h4>\n<p>\u2013 Fabrica\u00e7\u00e3o pr\u00f3pria de produtos<br \/>\n\u2013 Distribui\u00e7\u00e3o das principais marcas do mercado<br \/>\n\u2013 Especialistas que ajudam na escolha do produto e equipamento ideal<\/p>\n","protected":false},"featured_media":119,"comment_status":"open","ping_status":"closed","template":"","meta":[],"product_brand":[],"product_cat":[17],"product_tag":[33,32],"class_list":{"0":"post-118","1":"product","2":"type-product","3":"status-publish","4":"has-post-thumbnail","6":"product_cat-aquecedores","7":"product_tag-50-x-3-00","8":"product_tag-placa-solar-sibrape-0","10":"first","11":"instock","12":"shipping-taxable","13":"product-type-simple"},"_links":{"self":[{"href":"https:\/\/piscinariasumare.com.br\/vitrine\/wp-json\/wp\/v2\/product\/118","targetHints":{"allow":["GET"]}}],"collection":[{"href":"https:\/\/piscinariasumare.com.br\/vitrine\/wp-json\/wp\/v2\/product"}],"about":[{"href":"https:\/\/piscinariasumare.com.br\/vitrine\/wp-json\/wp\/v2\/types\/product"}],"replies":[{"embeddable":true,"href":"https:\/\/piscinariasumare.com.br\/vitrine\/wp-json\/wp\/v2\/comments?post=118"}],"wp:featuredmedia":[{"embeddable":true,"href":"https:\/\/piscinariasumare.com.br\/vitrine\/wp-json\/wp\/v2\/media\/119"}],"wp:attachment":[{"href":"https:\/\/piscinariasumare.com.br\/vitrine\/wp-json\/wp\/v2\/media?parent=118"}],"wp:term":[{"taxonomy":"product_brand","embeddable":true,"href":"https:\/\/piscinariasumare.com.br\/vitrine\/wp-json\/wp\/v2\/product_brand?post=118"},{"taxonomy":"product_cat","embeddable":true,"href":"https:\/\/piscinariasumare.com.br\/vitrine\/wp-json\/wp\/v2\/product_cat?post=118"},{"taxonomy":"product_tag","embeddable":true,"href":"https:\/\/piscinariasumare.com.br\/vitrine\/wp-json\/wp\/v2\/product_tag?post=118"}],"curies":[{"name":"wp","href":"https:\/\/api.w.org\/{rel}","templated":true}]}}