{"id":126,"date":"2025-09-19T17:52:51","date_gmt":"2025-09-19T20:52:51","guid":{"rendered":"https:\/\/piscinariasumare.com.br\/vitrine\/?post_type=product&#038;p=126"},"modified":"2025-09-22T19:20:27","modified_gmt":"2025-09-22T22:20:27","slug":"porta-sensor-solar-tholz","status":"publish","type":"product","link":"https:\/\/piscinariasumare.com.br\/vitrine\/produto\/porta-sensor-solar-tholz\/","title":{"rendered":"Porta Sensor Solar &#8211; Tholz"},"content":{"rendered":"<h1>Luva Porta Sensor de temperatura Solar para Aquecimento de Piscinas\u00a0 &#8211; Tholz<\/h1>\n<p>A Piscinaria Sumar\u00e9 \u00e9 especialista em produtos para piscina, com fabrica\u00e7\u00e3o pr\u00f3pria de alguns produtos e distribui\u00e7\u00e3o das principais marcas do mercado.<br \/>\nTemos uma equipe preparada para te ajudar a escolher o equipamento ideal com melhor custo benef\u00edcio.<br \/>\nInstalada em meio a tubos de 50mm, inserindo em seu orif\u00edcio o sensor do CDT. Possibilita uma leitura mais precisa e segura da \u00e1gua.<br \/>\nPor ser feita em plastico ABS ele n\u00e3o sofre com a a\u00e7\u00e3o dos produtos qu\u00edmicos utilizados nos tratamentos de piscinas.Esse porta sensor \u00e9 compat\u00edvel com sensores da marca Tholz.<\/p>\n","protected":false},"excerpt":{"rendered":"<h4>A Piscinaria Sumar\u00e9 \u00e9 especialista em produtos para piscinas.<\/h4>\n<p>\u2013 Fabrica\u00e7\u00e3o pr\u00f3pria de produtos<br \/>\n\u2013 Distribui\u00e7\u00e3o das principais marcas do mercado<br \/>\n\u2013 Especialistas que ajudam na escolha do produto e equipamento ideal<\/p>\n","protected":false},"featured_media":127,"comment_status":"open","ping_status":"closed","template":"","meta":[],"product_brand":[],"product_cat":[17],"product_tag":[35],"class_list":{"0":"post-126","1":"product","2":"type-product","3":"status-publish","4":"has-post-thumbnail","6":"product_cat-aquecedores","7":"product_tag-porta-sensor-solar-tholz","9":"first","10":"instock","11":"shipping-taxable","12":"product-type-simple"},"_links":{"self":[{"href":"https:\/\/piscinariasumare.com.br\/vitrine\/wp-json\/wp\/v2\/product\/126","targetHints":{"allow":["GET"]}}],"collection":[{"href":"https:\/\/piscinariasumare.com.br\/vitrine\/wp-json\/wp\/v2\/product"}],"about":[{"href":"https:\/\/piscinariasumare.com.br\/vitrine\/wp-json\/wp\/v2\/types\/product"}],"replies":[{"embeddable":true,"href":"https:\/\/piscinariasumare.com.br\/vitrine\/wp-json\/wp\/v2\/comments?post=126"}],"wp:featuredmedia":[{"embeddable":true,"href":"https:\/\/piscinariasumare.com.br\/vitrine\/wp-json\/wp\/v2\/media\/127"}],"wp:attachment":[{"href":"https:\/\/piscinariasumare.com.br\/vitrine\/wp-json\/wp\/v2\/media?parent=126"}],"wp:term":[{"taxonomy":"product_brand","embeddable":true,"href":"https:\/\/piscinariasumare.com.br\/vitrine\/wp-json\/wp\/v2\/product_brand?post=126"},{"taxonomy":"product_cat","embeddable":true,"href":"https:\/\/piscinariasumare.com.br\/vitrine\/wp-json\/wp\/v2\/product_cat?post=126"},{"taxonomy":"product_tag","embeddable":true,"href":"https:\/\/piscinariasumare.com.br\/vitrine\/wp-json\/wp\/v2\/product_tag?post=126"}],"curies":[{"name":"wp","href":"https:\/\/api.w.org\/{rel}","templated":true}]}}