{"id":128,"date":"2025-09-22T10:30:24","date_gmt":"2025-09-22T13:30:24","guid":{"rendered":"https:\/\/piscinariasumare.com.br\/vitrine\/?post_type=product&#038;p=128"},"modified":"2025-09-22T19:22:09","modified_gmt":"2025-09-22T22:22:09","slug":"peneira-pelicano-piscinaria","status":"publish","type":"product","link":"https:\/\/piscinariasumare.com.br\/vitrine\/produto\/peneira-pelicano-piscinaria\/","title":{"rendered":"Peneira Pelicano Piscinaria"},"content":{"rendered":"<h1>Peneira Pelicano Piscinaria &#8211; ferro galvanizado &#8211; refor\u00e7ada &#8211; n\u00e3o quebra<\/h1>\n<div class=\"ui-pdp-container__row ui-pdp-container__row--highlighted-specs-title\">\n<h4 class=\"ui-vpp-text-alignment--left ui-pdp-color--BLACK ui-pdp-size--XLARGE ui-pdp-family--REGULAR highlighted-specs-title\">Caracter\u00edsticas do produto<\/h4>\n<\/div>\n<div class=\"ui-pdp-container__row ui-pdp-container__row--technical-specifications\">\n<div class=\"ui-pdp-collapsable ui-vpp-highlighted-specs__striped-collapsed__action\">\n<div class=\"ui-pdp-collapsable__container\">\n<div class=\"ui-vpp-highlighted-specs__striped-specs\">\n<div class=\"ui-vpp-striped-specs\">\n<div class=\"ui-vpp-striped-specs__table\">\n<table class=\"andes-table\">\n<tbody class=\"andes-table__body\">\n<tr class=\"andes-table__row ui-vpp-striped-specs__row\">\n<th class=\"andes-table__header andes-table__header--left ui-vpp-striped-specs__row__column ui-vpp-striped-specs__row__column--id\" scope=\"row\">\n<div class=\"andes-table__header__container\">Marca<\/div>\n<\/th>\n<td id=\":Rkjqlpakp7de:\" class=\"andes-table__column andes-table__column--left andes-table__column--vertical-align-center ui-vpp-striped-specs__row__column\"><span id=\":Rkjqlpakp7de:-value\" class=\"andes-table__column--value\">Piscinaria<\/span><\/td>\n<\/tr>\n<tr class=\"andes-table__row ui-vpp-striped-specs__row\">\n<th class=\"andes-table__header andes-table__header--left ui-vpp-striped-specs__row__column ui-vpp-striped-specs__row__column--id\" scope=\"row\">\n<div class=\"andes-table__header__container\">Modelo<\/div>\n<\/th>\n<td id=\":Rklqlpakp7de:\" class=\"andes-table__column andes-table__column--left andes-table__column--vertical-align-center ui-vpp-striped-specs__row__column\"><span id=\":Rklqlpakp7de:-value\" class=\"andes-table__column--value\">Pelicano<\/span><\/td>\n<\/tr>\n<tr class=\"andes-table__row ui-vpp-striped-specs__row\">\n<th class=\"andes-table__header andes-table__header--left ui-vpp-striped-specs__row__column ui-vpp-striped-specs__row__column--id\" scope=\"row\">\n<div class=\"andes-table__header__container\">Forma da borda<\/div>\n<\/th>\n<td id=\":Rknqlpakp7de:\" class=\"andes-table__column andes-table__column--left andes-table__column--vertical-align-center ui-vpp-striped-specs__row__column\"><span id=\":Rknqlpakp7de:-value\" class=\"andes-table__column--value\">Oval<\/span><\/td>\n<\/tr>\n<tr class=\"andes-table__row ui-vpp-striped-specs__row\">\n<th class=\"andes-table__header andes-table__header--left ui-vpp-striped-specs__row__column ui-vpp-striped-specs__row__column--id\" scope=\"row\">\n<div class=\"andes-table__header__container\">Di\u00e2metro do cabo<\/div>\n<\/th>\n<td id=\":Rkpqlpakp7de:\" class=\"andes-table__column andes-table__column--left andes-table__column--vertical-align-center ui-vpp-striped-specs__row__column\"><span id=\":Rkpqlpakp7de:-value\" class=\"andes-table__column--value\">3,2 cm<\/span><\/td>\n<\/tr>\n<\/tbody>\n<\/table>\n<\/div>\n<\/div>\n<\/div>\n<div class=\"ui-vpp-striped-specs__table\">\n<h4 class=\"ui-vpp-striped-specs__header\">Peso e dimens\u00f5es<\/h4>\n<table class=\"andes-table\">\n<tbody class=\"andes-table__body\">\n<tr class=\"andes-table__row ui-vpp-striped-specs__row\">\n<th class=\"andes-table__header andes-table__header--left ui-vpp-striped-specs__row__column ui-vpp-striped-specs__row__column--id\" scope=\"row\">\n<div class=\"andes-table__header__container\">Altura total<\/div>\n<\/th>\n<td id=\":Rknj5pakp7de:\" class=\"andes-table__column andes-table__column--left andes-table__column--vertical-align-center ui-vpp-striped-specs__row__column\"><span id=\":Rknj5pakp7de:-value\" class=\"andes-table__column--value\">50 cm<\/span><\/td>\n<\/tr>\n<tr class=\"andes-table__row ui-vpp-striped-specs__row\">\n<th class=\"andes-table__header andes-table__header--left ui-vpp-striped-specs__row__column ui-vpp-striped-specs__row__column--id\" scope=\"row\">\n<div class=\"andes-table__header__container\">Largura total<\/div>\n<\/th>\n<td id=\":Rkrj5pakp7de:\" class=\"andes-table__column andes-table__column--left andes-table__column--vertical-align-center ui-vpp-striped-specs__row__column\"><span id=\":Rkrj5pakp7de:-value\" class=\"andes-table__column--value\">30 cm<\/span><\/td>\n<\/tr>\n<tr class=\"andes-table__row ui-vpp-striped-specs__row\">\n<th class=\"andes-table__header andes-table__header--left ui-vpp-striped-specs__row__column ui-vpp-striped-specs__row__column--id\" scope=\"row\">\n<div class=\"andes-table__header__container\">Peso total<\/div>\n<\/th>\n<td id=\":Rkvj5pakp7de:\" class=\"andes-table__column andes-table__column--left andes-table__column--vertical-align-center ui-vpp-striped-specs__row__column\"><span id=\":Rkvj5pakp7de:-value\" class=\"andes-table__column--value\">430 g<\/span><\/td>\n<\/tr>\n<\/tbody>\n<\/table>\n<\/div>\n<p>Outros<\/p>\n<table class=\"andes-table\">\n<tbody class=\"andes-table__body\">\n<tr class=\"andes-table__row ui-vpp-striped-specs__row\">\n<th class=\"andes-table__header andes-table__header--left ui-vpp-striped-specs__row__column ui-vpp-striped-specs__row__column--id\" scope=\"row\">\n<p class=\"andes-table__header__container\">Forma da rede<\/p>\n<\/th>\n<td id=\":Rknl5pakp7de:\" class=\"andes-table__column andes-table__column--left andes-table__column--vertical-align-center ui-vpp-striped-specs__row__column\"><span id=\":Rknl5pakp7de:-value\" class=\"andes-table__column--value\">Bolsa<\/span><\/td>\n<\/tr>\n<tr class=\"andes-table__row ui-vpp-striped-specs__row\">\n<th class=\"andes-table__header andes-table__header--left ui-vpp-striped-specs__row__column ui-vpp-striped-specs__row__column--id\" scope=\"row\">\n<p class=\"andes-table__header__container\">Com cabo<\/p>\n<\/th>\n<td id=\":Rkrl5pakp7de:\" class=\"andes-table__column andes-table__column--left andes-table__column--vertical-align-center ui-vpp-striped-specs__row__column\"><span id=\":Rkrl5pakp7de:-value\" class=\"andes-table__column--value\">Sim<\/span><\/td>\n<\/tr>\n<\/tbody>\n<\/table>\n<\/div>\n<\/div>\n<\/div>\n","protected":false},"excerpt":{"rendered":"<h4>A Piscinaria Sumar\u00e9 \u00e9 especialista em produtos para piscinas.<\/h4>\n<p>\u2013 Fabrica\u00e7\u00e3o pr\u00f3pria de produtos<br \/>\n\u2013 Distribui\u00e7\u00e3o das principais marcas do mercado<br \/>\n\u2013 Especialistas que ajudam na escolha do produto e equipamento ideal<\/p>\n","protected":false},"featured_media":129,"comment_status":"open","ping_status":"closed","template":"","meta":[],"product_brand":[],"product_cat":[16],"product_tag":[37,39,38,36],"class_list":{"0":"post-128","1":"product","2":"type-product","3":"status-publish","4":"has-post-thumbnail","6":"product_cat-acessorios-limpeza","7":"product_tag-peneira-para-piscina-de-ferro-galvanizado","8":"product_tag-peneira-para-piscina-que-nao-nao-quebra","9":"product_tag-peneira-para-piscina-reforcada","10":"product_tag-peneira-pelicano-piscinaria","12":"first","13":"instock","14":"shipping-taxable","15":"product-type-simple"},"_links":{"self":[{"href":"https:\/\/piscinariasumare.com.br\/vitrine\/wp-json\/wp\/v2\/product\/128","targetHints":{"allow":["GET"]}}],"collection":[{"href":"https:\/\/piscinariasumare.com.br\/vitrine\/wp-json\/wp\/v2\/product"}],"about":[{"href":"https:\/\/piscinariasumare.com.br\/vitrine\/wp-json\/wp\/v2\/types\/product"}],"replies":[{"embeddable":true,"href":"https:\/\/piscinariasumare.com.br\/vitrine\/wp-json\/wp\/v2\/comments?post=128"}],"wp:featuredmedia":[{"embeddable":true,"href":"https:\/\/piscinariasumare.com.br\/vitrine\/wp-json\/wp\/v2\/media\/129"}],"wp:attachment":[{"href":"https:\/\/piscinariasumare.com.br\/vitrine\/wp-json\/wp\/v2\/media?parent=128"}],"wp:term":[{"taxonomy":"product_brand","embeddable":true,"href":"https:\/\/piscinariasumare.com.br\/vitrine\/wp-json\/wp\/v2\/product_brand?post=128"},{"taxonomy":"product_cat","embeddable":true,"href":"https:\/\/piscinariasumare.com.br\/vitrine\/wp-json\/wp\/v2\/product_cat?post=128"},{"taxonomy":"product_tag","embeddable":true,"href":"https:\/\/piscinariasumare.com.br\/vitrine\/wp-json\/wp\/v2\/product_tag?post=128"}],"curies":[{"name":"wp","href":"https:\/\/api.w.org\/{rel}","templated":true}]}}