{"id":137,"date":"2025-09-22T10:48:55","date_gmt":"2025-09-22T13:48:55","guid":{"rendered":"https:\/\/piscinariasumare.com.br\/vitrine\/?post_type=product&#038;p=137"},"modified":"2025-09-22T19:23:37","modified_gmt":"2025-09-22T22:23:37","slug":"adaptador-plastico-1-1-2-para-piscina","status":"publish","type":"product","link":"https:\/\/piscinariasumare.com.br\/vitrine\/produto\/adaptador-plastico-1-1-2-para-piscina\/","title":{"rendered":"Adaptador pl\u00e1stico 1.1\/2 para piscina"},"content":{"rendered":"<h1>Adaptador pl\u00e1stico 1.1\/2 para piscina<\/h1>\n<p>Adaptador pl\u00e1stico 11\/2 para piscina sodramar \u00e9 essencial para uma correta encaixe da mangueira para a aspira\u00e7\u00e3o da piscina.<br \/>\nO n\u00e3o uso desta pe\u00e7a pode causar a entrada de ar na mangueira e consequentemente, poss\u00edveis danos nos equipamentos<\/p>\n","protected":false},"excerpt":{"rendered":"<h4>A Piscinaria Sumar\u00e9 \u00e9 especialista em produtos para piscinas.<\/h4>\n<p>&#8211; Fabrica\u00e7\u00e3o pr\u00f3pria de produtos<br \/>\n&#8211; Distribuidora das principais marcas do mercado<br \/>\n&#8211; Especialistas ajudam a escolha do produto ou equipamento ideal<\/p>\n","protected":false},"featured_media":138,"comment_status":"open","ping_status":"closed","template":"","meta":[],"product_brand":[],"product_cat":[16],"product_tag":[42],"class_list":{"0":"post-137","1":"product","2":"type-product","3":"status-publish","4":"has-post-thumbnail","6":"product_cat-acessorios-limpeza","7":"product_tag-adaptador-plastico-1-1-2-para-piscina","9":"first","10":"instock","11":"shipping-taxable","12":"product-type-simple"},"_links":{"self":[{"href":"https:\/\/piscinariasumare.com.br\/vitrine\/wp-json\/wp\/v2\/product\/137","targetHints":{"allow":["GET"]}}],"collection":[{"href":"https:\/\/piscinariasumare.com.br\/vitrine\/wp-json\/wp\/v2\/product"}],"about":[{"href":"https:\/\/piscinariasumare.com.br\/vitrine\/wp-json\/wp\/v2\/types\/product"}],"replies":[{"embeddable":true,"href":"https:\/\/piscinariasumare.com.br\/vitrine\/wp-json\/wp\/v2\/comments?post=137"}],"wp:featuredmedia":[{"embeddable":true,"href":"https:\/\/piscinariasumare.com.br\/vitrine\/wp-json\/wp\/v2\/media\/138"}],"wp:attachment":[{"href":"https:\/\/piscinariasumare.com.br\/vitrine\/wp-json\/wp\/v2\/media?parent=137"}],"wp:term":[{"taxonomy":"product_brand","embeddable":true,"href":"https:\/\/piscinariasumare.com.br\/vitrine\/wp-json\/wp\/v2\/product_brand?post=137"},{"taxonomy":"product_cat","embeddable":true,"href":"https:\/\/piscinariasumare.com.br\/vitrine\/wp-json\/wp\/v2\/product_cat?post=137"},{"taxonomy":"product_tag","embeddable":true,"href":"https:\/\/piscinariasumare.com.br\/vitrine\/wp-json\/wp\/v2\/product_tag?post=137"}],"curies":[{"name":"wp","href":"https:\/\/api.w.org\/{rel}","templated":true}]}}