{"id":139,"date":"2025-09-22T11:01:34","date_gmt":"2025-09-22T14:01:34","guid":{"rendered":"https:\/\/piscinariasumare.com.br\/vitrine\/?post_type=product&#038;p=139"},"modified":"2025-09-22T19:23:55","modified_gmt":"2025-09-22T22:23:55","slug":"adaptador-para-aspirador-abs-netuno","status":"publish","type":"product","link":"https:\/\/piscinariasumare.com.br\/vitrine\/produto\/adaptador-para-aspirador-abs-netuno\/","title":{"rendered":"Adaptador para aspirador ABS Netuno"},"content":{"rendered":"<h2 class=\"WjNdTR\">Adaptador para aspirador ABS Netuno<\/h2>\n<div class=\"Gf4Ro0\">\n<div class=\"e8lZp3\">\n<p class=\"QN2lPu\">O adaptador serve como pe\u00e7a para reposi\u00e7\u00e3o para aspiradores de piscinas, da marca Netuno. Com rosca de 32 e 38 mm, o produto \u00e9 ideal para repor quando o adaptador do aspirador \u00e9 perdido ou quebrado.<\/p>\n<h4>Especifica\u00e7\u00f5es:<\/h4>\n<p>&#8211; Marca: Netuno<br \/>\n&#8211; Indica\u00e7\u00e3o e Uso: repor adaptador do aspirador para piscinas<br \/>\n&#8211; Comprimento: 0- Recomenda\u00e7\u00e3o de uso: Pe\u00e7a para reposi\u00e7\u00e3o<br \/>\n&#8211; Acompanha Mangueira: N\u00e3o<br \/>\n&#8211; Altura: 10,5 cm- Composi\u00e7\u00e3o: ABS<br \/>\n&#8211; Di\u00e2metro Maior: 38 mm<br \/>\n&#8211; Acompanha Cabo: N\u00e3o<br \/>\n&#8211; Di\u00e2metro menor: 32 mm<br \/>\n&#8211; Cor: Branco<br \/>\n&#8211; Observa\u00e7\u00e3o: Disp\u00f5e de rosca de: 32 e 38 mm<\/p>\n<\/div>\n<\/div>\n","protected":false},"excerpt":{"rendered":"<h4>A Piscinaria Sumar\u00e9 \u00e9 especialista em produtos para piscinas.<\/h4>\n<p>&#8211; Fabrica\u00e7\u00e3o pr\u00f3pria de produtos<br \/>\n&#8211; Distribuidora das principais marcas do mercado<br \/>\n&#8211; Especialistas ajudam a escolha do produto ou equipamento ideal<\/p>\n","protected":false},"featured_media":140,"comment_status":"open","ping_status":"closed","template":"","meta":[],"product_brand":[],"product_cat":[16],"product_tag":[],"class_list":{"0":"post-139","1":"product","2":"type-product","3":"status-publish","4":"has-post-thumbnail","6":"product_cat-acessorios-limpeza","8":"first","9":"instock","10":"shipping-taxable","11":"product-type-simple"},"_links":{"self":[{"href":"https:\/\/piscinariasumare.com.br\/vitrine\/wp-json\/wp\/v2\/product\/139","targetHints":{"allow":["GET"]}}],"collection":[{"href":"https:\/\/piscinariasumare.com.br\/vitrine\/wp-json\/wp\/v2\/product"}],"about":[{"href":"https:\/\/piscinariasumare.com.br\/vitrine\/wp-json\/wp\/v2\/types\/product"}],"replies":[{"embeddable":true,"href":"https:\/\/piscinariasumare.com.br\/vitrine\/wp-json\/wp\/v2\/comments?post=139"}],"wp:featuredmedia":[{"embeddable":true,"href":"https:\/\/piscinariasumare.com.br\/vitrine\/wp-json\/wp\/v2\/media\/140"}],"wp:attachment":[{"href":"https:\/\/piscinariasumare.com.br\/vitrine\/wp-json\/wp\/v2\/media?parent=139"}],"wp:term":[{"taxonomy":"product_brand","embeddable":true,"href":"https:\/\/piscinariasumare.com.br\/vitrine\/wp-json\/wp\/v2\/product_brand?post=139"},{"taxonomy":"product_cat","embeddable":true,"href":"https:\/\/piscinariasumare.com.br\/vitrine\/wp-json\/wp\/v2\/product_cat?post=139"},{"taxonomy":"product_tag","embeddable":true,"href":"https:\/\/piscinariasumare.com.br\/vitrine\/wp-json\/wp\/v2\/product_tag?post=139"}],"curies":[{"name":"wp","href":"https:\/\/api.w.org\/{rel}","templated":true}]}}