{"id":145,"date":"2025-09-22T16:43:06","date_gmt":"2025-09-22T19:43:06","guid":{"rendered":"https:\/\/piscinariasumare.com.br\/vitrine\/?post_type=product&#038;p=145"},"modified":"2025-09-22T16:43:06","modified_gmt":"2025-09-22T19:43:06","slug":"capa-tela-de-protecao-em-polietileno","status":"publish","type":"product","link":"https:\/\/piscinariasumare.com.br\/vitrine\/produto\/capa-tela-de-protecao-em-polietileno\/","title":{"rendered":"Capa Tela de prote\u00e7\u00e3o em polietileno"},"content":{"rendered":"<h1>Capa Tela de prote\u00e7\u00e3o em polietileno<\/h1>\n<p>Desenvolvemos uma nova capa para piscina, que combina ainda mais tecnologia e materiais de alta qualidade.<br \/>\nComo resultado, obtivemos uma capa mais forte e duradoura, com elevado n\u00edvel de efici\u00eancia em termos de economia de energia e recursos. Resist\u00eancia: o moderno sistema de fabrica\u00e7\u00e3o e o novo design, fazem com que a capa fique com a espessura do filme mais uniforme e espesso, sem pontos fr\u00e1geis. Estas caracter\u00edsticas tornam as capas da Piscinaria Sumar\u00e9 mais resistente ao ataque qu\u00edmico e UV por mais tempo do que uma capa tradicional.<\/p>\n","protected":false},"excerpt":{"rendered":"<h4>A Piscinaria Sumar\u00e9 \u00e9 especialista em produtos para piscinas.<\/h4>\n<p>&#8211; Fabrica\u00e7\u00e3o pr\u00f3pria de produtos<br \/>\n&#8211; Distribui\u00e7\u00e3o das principais marcas do mercado<br \/>\n&#8211; Especialistas que ajudam na escolha do produto e equipamento ideal<\/p>\n","protected":false},"featured_media":146,"comment_status":"open","ping_status":"closed","template":"","meta":[],"product_brand":[],"product_cat":[18],"product_tag":[45],"class_list":{"0":"post-145","1":"product","2":"type-product","3":"status-publish","4":"has-post-thumbnail","6":"product_cat-capa-p-piscinas-enrolador","7":"product_tag-capa-tela-de-protecao-em-polietileno","9":"first","10":"instock","11":"shipping-taxable","12":"product-type-simple"},"_links":{"self":[{"href":"https:\/\/piscinariasumare.com.br\/vitrine\/wp-json\/wp\/v2\/product\/145","targetHints":{"allow":["GET"]}}],"collection":[{"href":"https:\/\/piscinariasumare.com.br\/vitrine\/wp-json\/wp\/v2\/product"}],"about":[{"href":"https:\/\/piscinariasumare.com.br\/vitrine\/wp-json\/wp\/v2\/types\/product"}],"replies":[{"embeddable":true,"href":"https:\/\/piscinariasumare.com.br\/vitrine\/wp-json\/wp\/v2\/comments?post=145"}],"wp:featuredmedia":[{"embeddable":true,"href":"https:\/\/piscinariasumare.com.br\/vitrine\/wp-json\/wp\/v2\/media\/146"}],"wp:attachment":[{"href":"https:\/\/piscinariasumare.com.br\/vitrine\/wp-json\/wp\/v2\/media?parent=145"}],"wp:term":[{"taxonomy":"product_brand","embeddable":true,"href":"https:\/\/piscinariasumare.com.br\/vitrine\/wp-json\/wp\/v2\/product_brand?post=145"},{"taxonomy":"product_cat","embeddable":true,"href":"https:\/\/piscinariasumare.com.br\/vitrine\/wp-json\/wp\/v2\/product_cat?post=145"},{"taxonomy":"product_tag","embeddable":true,"href":"https:\/\/piscinariasumare.com.br\/vitrine\/wp-json\/wp\/v2\/product_tag?post=145"}],"curies":[{"name":"wp","href":"https:\/\/api.w.org\/{rel}","templated":true}]}}