{"id":149,"date":"2025-09-22T16:58:42","date_gmt":"2025-09-22T19:58:42","guid":{"rendered":"https:\/\/piscinariasumare.com.br\/vitrine\/?post_type=product&#038;p=149"},"modified":"2025-09-22T16:58:42","modified_gmt":"2025-09-22T19:58:42","slug":"capa-termica-300-micras","status":"publish","type":"product","link":"https:\/\/piscinariasumare.com.br\/vitrine\/produto\/capa-termica-300-micras\/","title":{"rendered":"Capa termica 300 micras"},"content":{"rendered":"<h1>Capa termica 300 micras<\/h1>\n<p>A capa t\u00e9rmica para piscina 300 micras \u00e9 indicada para academias, clubes, condom\u00ednios e locais onde o tratamento qu\u00edmico da \u00e1gua \u00e9 muito intenso devido ao maior \ufb02uxo de usu\u00e1rios. Desenvolvida para maior durabilidade, com 300 micra de espessura.<\/p>\n<p>&#8211; Comprimento: 6 m.<br \/>\n&#8211; Largura: 3 m.<br \/>\n&#8211; Di\u00e2metro: 0 mm.<br \/>\n&#8211; Capa t\u00e9rmica com alta reten\u00e7\u00e3o de calor, reduzindo em at\u00e9 75% a perda de temperatura.<br \/>\n&#8211; Eleva a temperatura da \u00e1gua de 1 a 4 graus cent\u00edgrados.<br \/>\n&#8211; Reduz despesas com produtos qu\u00edmicos devido \u00e0 menor sujeira e evapora\u00e7\u00e3o.<br \/>\n&#8211; Instala\u00e7\u00e3o simples, flutua sobre a superf\u00edcie da piscina sem fixadores.<\/p>\n","protected":false},"excerpt":{"rendered":"<h4>A Piscinaria Sumar\u00e9 \u00e9 especialista em produtos para piscinas.<\/h4>\n<p>&#8211; Fabrica\u00e7\u00e3o pr\u00f3pria de produtos<br \/>\n&#8211; Distribui\u00e7\u00e3o das principais marcas do mercado<br \/>\n&#8211; Especialistas que ajudam na escolha do produto e equipamento ideal<\/p>\n","protected":false},"featured_media":150,"comment_status":"open","ping_status":"closed","template":"","meta":[],"product_brand":[],"product_cat":[18],"product_tag":[47],"class_list":{"0":"post-149","1":"product","2":"type-product","3":"status-publish","4":"has-post-thumbnail","6":"product_cat-capa-p-piscinas-enrolador","7":"product_tag-capa-termica-300-micras","9":"first","10":"instock","11":"shipping-taxable","12":"product-type-simple"},"_links":{"self":[{"href":"https:\/\/piscinariasumare.com.br\/vitrine\/wp-json\/wp\/v2\/product\/149","targetHints":{"allow":["GET"]}}],"collection":[{"href":"https:\/\/piscinariasumare.com.br\/vitrine\/wp-json\/wp\/v2\/product"}],"about":[{"href":"https:\/\/piscinariasumare.com.br\/vitrine\/wp-json\/wp\/v2\/types\/product"}],"replies":[{"embeddable":true,"href":"https:\/\/piscinariasumare.com.br\/vitrine\/wp-json\/wp\/v2\/comments?post=149"}],"wp:featuredmedia":[{"embeddable":true,"href":"https:\/\/piscinariasumare.com.br\/vitrine\/wp-json\/wp\/v2\/media\/150"}],"wp:attachment":[{"href":"https:\/\/piscinariasumare.com.br\/vitrine\/wp-json\/wp\/v2\/media?parent=149"}],"wp:term":[{"taxonomy":"product_brand","embeddable":true,"href":"https:\/\/piscinariasumare.com.br\/vitrine\/wp-json\/wp\/v2\/product_brand?post=149"},{"taxonomy":"product_cat","embeddable":true,"href":"https:\/\/piscinariasumare.com.br\/vitrine\/wp-json\/wp\/v2\/product_cat?post=149"},{"taxonomy":"product_tag","embeddable":true,"href":"https:\/\/piscinariasumare.com.br\/vitrine\/wp-json\/wp\/v2\/product_tag?post=149"}],"curies":[{"name":"wp","href":"https:\/\/api.w.org\/{rel}","templated":true}]}}