{"id":154,"date":"2025-09-22T17:08:11","date_gmt":"2025-09-22T20:08:11","guid":{"rendered":"https:\/\/piscinariasumare.com.br\/vitrine\/?post_type=product&#038;p=154"},"modified":"2025-09-22T18:32:28","modified_gmt":"2025-09-22T21:32:28","slug":"gancho-com-bucha-para-capa-termica-de-piscinas","status":"publish","type":"product","link":"https:\/\/piscinariasumare.com.br\/vitrine\/produto\/gancho-com-bucha-para-capa-termica-de-piscinas\/","title":{"rendered":"Gancho com bucha para capa t\u00e9rmica de piscinas"},"content":{"rendered":"<h1>Gancho com bucha para capa t\u00e9rmica de piscinas<\/h1>\n<p>Parafuso, Gancho Zincado c\/ Bucha 10mm, (Pacote acompanha 10 Pe\u00e7as).<br \/>\nAcompanha 10 Ganchos e 10 buchas.<br \/>\nIdeal para instala\u00e7\u00f5es de rede de prote\u00e7\u00e3o, lonas em piscinas.<br \/>\nA sua aplica\u00e7\u00e3o \u00e9 realizada em paredes de concreto, alvenaria, tijolo maci\u00e7o e placas pr\u00e9-moldadas, vasos, quadros, rede, varal e etc.<\/p>\n<p>Quando aplicados em superf\u00edcies de alvenaria s\u00e3o utilizados com buchas de expans\u00e3o.<\/p>\n<p><strong>Especifica\u00e7\u00f5es T\u00e9cnicas:<\/strong><br \/>\nGancho zincado com buchas<br \/>\nConte\u00fado da embalagem:<br \/>\n&#8211; 10 Ganchos<br \/>\n&#8211; 10 Buchas<br \/>\nEspessura: 6mm<br \/>\nComprimento: 85mm<br \/>\nDi\u00e2metro da bucha: 10mm<\/p>\n","protected":false},"excerpt":{"rendered":"<h4>A Piscinaria Sumar\u00e9 \u00e9 especialista em produtos para piscinas.<\/h4>\n<p>\u2013 Fabrica\u00e7\u00e3o pr\u00f3pria de produtos<br \/>\n\u2013 Distribui\u00e7\u00e3o das principais marcas do mercado<br \/>\n\u2013 Especialistas que ajudam na escolha do produto e equipamento ideal<\/p>\n","protected":false},"featured_media":155,"comment_status":"open","ping_status":"closed","template":"","meta":[],"product_brand":[],"product_cat":[18],"product_tag":[49],"class_list":{"0":"post-154","1":"product","2":"type-product","3":"status-publish","4":"has-post-thumbnail","6":"product_cat-capa-p-piscinas-enrolador","7":"product_tag-gancho-com-bucha-para-capa-termica-de-piscinas","9":"first","10":"instock","11":"shipping-taxable","12":"product-type-simple"},"_links":{"self":[{"href":"https:\/\/piscinariasumare.com.br\/vitrine\/wp-json\/wp\/v2\/product\/154","targetHints":{"allow":["GET"]}}],"collection":[{"href":"https:\/\/piscinariasumare.com.br\/vitrine\/wp-json\/wp\/v2\/product"}],"about":[{"href":"https:\/\/piscinariasumare.com.br\/vitrine\/wp-json\/wp\/v2\/types\/product"}],"replies":[{"embeddable":true,"href":"https:\/\/piscinariasumare.com.br\/vitrine\/wp-json\/wp\/v2\/comments?post=154"}],"wp:featuredmedia":[{"embeddable":true,"href":"https:\/\/piscinariasumare.com.br\/vitrine\/wp-json\/wp\/v2\/media\/155"}],"wp:attachment":[{"href":"https:\/\/piscinariasumare.com.br\/vitrine\/wp-json\/wp\/v2\/media?parent=154"}],"wp:term":[{"taxonomy":"product_brand","embeddable":true,"href":"https:\/\/piscinariasumare.com.br\/vitrine\/wp-json\/wp\/v2\/product_brand?post=154"},{"taxonomy":"product_cat","embeddable":true,"href":"https:\/\/piscinariasumare.com.br\/vitrine\/wp-json\/wp\/v2\/product_cat?post=154"},{"taxonomy":"product_tag","embeddable":true,"href":"https:\/\/piscinariasumare.com.br\/vitrine\/wp-json\/wp\/v2\/product_tag?post=154"}],"curies":[{"name":"wp","href":"https:\/\/api.w.org\/{rel}","templated":true}]}}