{"id":168,"date":"2025-09-23T08:39:33","date_gmt":"2025-09-23T11:39:33","guid":{"rendered":"https:\/\/piscinariasumare.com.br\/vitrine\/?post_type=product&#038;p=168"},"modified":"2025-09-23T08:39:33","modified_gmt":"2025-09-23T11:39:33","slug":"cascata-wave-wall-avanco-75-cm-lamina-dagua-50cm","status":"publish","type":"product","link":"https:\/\/piscinariasumare.com.br\/vitrine\/produto\/cascata-wave-wall-avanco-75-cm-lamina-dagua-50cm\/","title":{"rendered":"Cascata Wave Wall &#8211; avan\u00e7o 75 cm (lamina d&#8217;agua 50cm)"},"content":{"rendered":"<h1>Cascata Wave Wall &#8211; avan\u00e7o 75 cm (lamina d&#8217;agua 50cm)<\/h1>\n<p><strong>Descri\u00e7\u00e3o:<\/strong><br \/>\nAs cascatas tem a finalidade de agregar valorizar sua piscina. Com design moderno e inovador, elas embelezam seu ambiente de lazer com quedas d \u00e1gua que proporcionam uma sensa\u00e7\u00e3o refrescante de relaxamento e divers\u00e3o, al\u00e9m de contribuir no processo de oxigena\u00e7\u00e3o da \u00e1gua de sua piscina. S\u00e3o desenvolvidas em a\u00e7o inoxid\u00e1vel e materiais n\u00e3o ferrosos, oferecendo excelente resist\u00eancia e durabilidade.<\/p>\n<p><strong>Informa\u00e7\u00f5es:<\/strong><br \/>\nAvan\u00e7o: 75 cm<br \/>\nL\u00e2mina d\u00e1gua: 50 cm<br \/>\nMaterial: Inox 304<br \/>\nAcabamento: A\u00e7o Escovado<\/p>\n","protected":false},"excerpt":{"rendered":"<h4>A Piscinaria Sumar\u00e9 \u00e9 especialista em produtos para piscinas.<\/h4>\n<p>\u2013 Fabrica\u00e7\u00e3o pr\u00f3pria de produtos<br \/>\n\u2013 Distribui\u00e7\u00e3o das principais marcas do mercado<br \/>\n\u2013 Especialistas que ajudam na escolha do produto e equipamento ideal<\/p>\n","protected":false},"featured_media":169,"comment_status":"open","ping_status":"closed","template":"","meta":[],"product_brand":[],"product_cat":[19],"product_tag":[56],"class_list":{"0":"post-168","1":"product","2":"type-product","3":"status-publish","4":"has-post-thumbnail","6":"product_cat-cascatas-duchas","7":"product_tag-cascata-wave-wall-avanco-75-cm-lamina-dagua-50cm","9":"first","10":"instock","11":"shipping-taxable","12":"product-type-simple"},"_links":{"self":[{"href":"https:\/\/piscinariasumare.com.br\/vitrine\/wp-json\/wp\/v2\/product\/168","targetHints":{"allow":["GET"]}}],"collection":[{"href":"https:\/\/piscinariasumare.com.br\/vitrine\/wp-json\/wp\/v2\/product"}],"about":[{"href":"https:\/\/piscinariasumare.com.br\/vitrine\/wp-json\/wp\/v2\/types\/product"}],"replies":[{"embeddable":true,"href":"https:\/\/piscinariasumare.com.br\/vitrine\/wp-json\/wp\/v2\/comments?post=168"}],"wp:featuredmedia":[{"embeddable":true,"href":"https:\/\/piscinariasumare.com.br\/vitrine\/wp-json\/wp\/v2\/media\/169"}],"wp:attachment":[{"href":"https:\/\/piscinariasumare.com.br\/vitrine\/wp-json\/wp\/v2\/media?parent=168"}],"wp:term":[{"taxonomy":"product_brand","embeddable":true,"href":"https:\/\/piscinariasumare.com.br\/vitrine\/wp-json\/wp\/v2\/product_brand?post=168"},{"taxonomy":"product_cat","embeddable":true,"href":"https:\/\/piscinariasumare.com.br\/vitrine\/wp-json\/wp\/v2\/product_cat?post=168"},{"taxonomy":"product_tag","embeddable":true,"href":"https:\/\/piscinariasumare.com.br\/vitrine\/wp-json\/wp\/v2\/product_tag?post=168"}],"curies":[{"name":"wp","href":"https:\/\/api.w.org\/{rel}","templated":true}]}}