{"id":176,"date":"2025-09-23T10:24:43","date_gmt":"2025-09-23T13:24:43","guid":{"rendered":"https:\/\/piscinariasumare.com.br\/vitrine\/?post_type=product&#038;p=176"},"modified":"2025-09-23T10:24:43","modified_gmt":"2025-09-23T13:24:43","slug":"dispositivo-de-nivel-vinil-netuno","status":"publish","type":"product","link":"https:\/\/piscinariasumare.com.br\/vitrine\/produto\/dispositivo-de-nivel-vinil-netuno\/","title":{"rendered":"Dispositivo de nivel vinil Netuno"},"content":{"rendered":"<h1>Dispositivo de nivel vinil Netuno<\/h1>\n<p>O dispositivo de nivel vinil Netuno \u00e9 ideal para demarcar o n\u00edvel da \u00e1gua, o produto deve ser posicionado de forma que a l\u00e2mina d&#8217;\u00e1gua fique centralizada na pe\u00e7a, evitando assim o trasbordamento da piscina.<\/p>\n<p><strong>Especifica\u00e7\u00f5es:<\/strong><br \/>\n&#8211; Marca: Netuno<br \/>\n&#8211; Cor: Branco<br \/>\n&#8211; Material: Pl\u00e1stico<br \/>\n&#8211; Altura: 5,5 cm<br \/>\n&#8211; Di\u00e2metro: 10,7 cm<br \/>\n&#8211; Tamanho: unico<\/p>\n","protected":false},"excerpt":{"rendered":"<h4>A Piscinaria Sumar\u00e9 \u00e9 especialista em produtos para piscinas.<\/h4>\n<p>\u2013 Fabrica\u00e7\u00e3o pr\u00f3pria de produtos<br \/>\n\u2013 Distribui\u00e7\u00e3o das principais marcas do mercado<br \/>\n\u2013 Nossos especialistas ajudam na escolha do produto e equipamento ideal<\/p>\n","protected":false},"featured_media":177,"comment_status":"open","ping_status":"closed","template":"","meta":[],"product_brand":[],"product_cat":[20],"product_tag":[59],"class_list":{"0":"post-176","1":"product","2":"type-product","3":"status-publish","4":"has-post-thumbnail","6":"product_cat-dispositivos","7":"product_tag-dispositivo-de-nivel-vinil-netuno","9":"first","10":"instock","11":"shipping-taxable","12":"product-type-simple"},"_links":{"self":[{"href":"https:\/\/piscinariasumare.com.br\/vitrine\/wp-json\/wp\/v2\/product\/176","targetHints":{"allow":["GET"]}}],"collection":[{"href":"https:\/\/piscinariasumare.com.br\/vitrine\/wp-json\/wp\/v2\/product"}],"about":[{"href":"https:\/\/piscinariasumare.com.br\/vitrine\/wp-json\/wp\/v2\/types\/product"}],"replies":[{"embeddable":true,"href":"https:\/\/piscinariasumare.com.br\/vitrine\/wp-json\/wp\/v2\/comments?post=176"}],"wp:featuredmedia":[{"embeddable":true,"href":"https:\/\/piscinariasumare.com.br\/vitrine\/wp-json\/wp\/v2\/media\/177"}],"wp:attachment":[{"href":"https:\/\/piscinariasumare.com.br\/vitrine\/wp-json\/wp\/v2\/media?parent=176"}],"wp:term":[{"taxonomy":"product_brand","embeddable":true,"href":"https:\/\/piscinariasumare.com.br\/vitrine\/wp-json\/wp\/v2\/product_brand?post=176"},{"taxonomy":"product_cat","embeddable":true,"href":"https:\/\/piscinariasumare.com.br\/vitrine\/wp-json\/wp\/v2\/product_cat?post=176"},{"taxonomy":"product_tag","embeddable":true,"href":"https:\/\/piscinariasumare.com.br\/vitrine\/wp-json\/wp\/v2\/product_tag?post=176"}],"curies":[{"name":"wp","href":"https:\/\/api.w.org\/{rel}","templated":true}]}}