{"id":178,"date":"2025-09-23T10:31:18","date_gmt":"2025-09-23T13:31:18","guid":{"rendered":"https:\/\/piscinariasumare.com.br\/vitrine\/?post_type=product&#038;p=178"},"modified":"2025-09-23T10:32:25","modified_gmt":"2025-09-23T13:32:25","slug":"adaptador-led-com-garras","status":"publish","type":"product","link":"https:\/\/piscinariasumare.com.br\/vitrine\/produto\/adaptador-led-com-garras\/","title":{"rendered":"Adaptador Led com garras"},"content":{"rendered":"<h1>Adaptador Led com garras<\/h1>\n<p>O Adaptador Brustec para LED com Garras Pequeno\u00a0serve para todos os nichos de refletores dicroica<\/p>\n","protected":false},"excerpt":{"rendered":"<p>A Piscinaria Sumar\u00e9 \u00e9 especialista em produtos para piscinas.<br \/>\n\u2013 Fabrica\u00e7\u00e3o pr\u00f3pria de produtos<br \/>\n\u2013 Distribui\u00e7\u00e3o das principais marcas do mercado<br \/>\n\u2013 Nossos especialistas ajudam na escolha do produto e equipamento ideal<\/p>\n","protected":false},"featured_media":179,"comment_status":"open","ping_status":"closed","template":"","meta":[],"product_brand":[],"product_cat":[20],"product_tag":[60],"class_list":{"0":"post-178","1":"product","2":"type-product","3":"status-publish","4":"has-post-thumbnail","6":"product_cat-dispositivos","7":"product_tag-o-adaptador-brustec-para-led-com-garras-pequeno-serve-para-todos-os-nichos-de-refletores-dicroica","9":"first","10":"instock","11":"shipping-taxable","12":"product-type-simple"},"_links":{"self":[{"href":"https:\/\/piscinariasumare.com.br\/vitrine\/wp-json\/wp\/v2\/product\/178","targetHints":{"allow":["GET"]}}],"collection":[{"href":"https:\/\/piscinariasumare.com.br\/vitrine\/wp-json\/wp\/v2\/product"}],"about":[{"href":"https:\/\/piscinariasumare.com.br\/vitrine\/wp-json\/wp\/v2\/types\/product"}],"replies":[{"embeddable":true,"href":"https:\/\/piscinariasumare.com.br\/vitrine\/wp-json\/wp\/v2\/comments?post=178"}],"wp:featuredmedia":[{"embeddable":true,"href":"https:\/\/piscinariasumare.com.br\/vitrine\/wp-json\/wp\/v2\/media\/179"}],"wp:attachment":[{"href":"https:\/\/piscinariasumare.com.br\/vitrine\/wp-json\/wp\/v2\/media?parent=178"}],"wp:term":[{"taxonomy":"product_brand","embeddable":true,"href":"https:\/\/piscinariasumare.com.br\/vitrine\/wp-json\/wp\/v2\/product_brand?post=178"},{"taxonomy":"product_cat","embeddable":true,"href":"https:\/\/piscinariasumare.com.br\/vitrine\/wp-json\/wp\/v2\/product_cat?post=178"},{"taxonomy":"product_tag","embeddable":true,"href":"https:\/\/piscinariasumare.com.br\/vitrine\/wp-json\/wp\/v2\/product_tag?post=178"}],"curies":[{"name":"wp","href":"https:\/\/api.w.org\/{rel}","templated":true}]}}