{"id":185,"date":"2025-09-23T14:30:04","date_gmt":"2025-09-23T17:30:04","guid":{"rendered":"https:\/\/piscinariasumare.com.br\/vitrine\/?post_type=product&#038;p=185"},"modified":"2025-09-23T15:00:11","modified_gmt":"2025-09-23T18:00:11","slug":"gerador-de-ozonio-oz-200-ate-200-m%c2%b3","status":"publish","type":"product","link":"https:\/\/piscinariasumare.com.br\/vitrine\/produto\/gerador-de-ozonio-oz-200-ate-200-m%c2%b3\/","title":{"rendered":"Gerador de Oz\u00f4nio OZ 200 &#8211; at\u00e9 200 m\u00b3"},"content":{"rendered":"<h1>Gerador de Oz\u00f4nio OZ 200 &#8211; at\u00e9 200 m\u00b3<\/h1>\n<p>O gerador de oz\u00f4nio Condom\u00ednio \u00e9 um equipamento para tratamento de \u00e1gua de piscinas coletivas e com uso constante. Um poderoso oxidante, bactericida e fungicida, reconhecido como o mais eficaz para tratamento de \u00e1gua do mundo.<\/p>\n<p><strong>Benef\u00edcios<\/strong><br \/>\n&#8211; \u00danico com o sensor de gera\u00e7\u00e3o de oz\u00f4nio.<br \/>\n&#8211; Ecologicamtente correto.<br \/>\n&#8211; N\u00e3o agride<br \/>\n&#8211; N\u00e3o causa irrita\u00e7\u00e3o nos olhos.<br \/>\n&#8211; N\u00e3o causa esverdeamento nos cabelos.<br \/>\n&#8211; N\u00e3o resseca a pele.<br \/>\n&#8211; Sistema com tecnologia de ponta, ec\u00f4nomico.<br \/>\n&#8211; Alta efici\u00eancia.<br \/>\n&#8211; N\u00e3o precisa de recarga.<\/p>\n<p><strong>Especifica\u00e7\u00f5es t\u00e9cnicas<\/strong><\/p>\n<p>Modelo: Condom\u00ednio 200<br \/>\nCapacidade da piscina: at\u00e9 200 mil litros.<br \/>\nGrau de prote\u00e7\u00e3o: IP52<br \/>\nPot\u00eancia em Watts: 26W<br \/>\nVoltagem: 220V<\/p>\n<p><strong>Itens inclusos<\/strong><\/p>\n<p>&#8211; 1 Gerador de oz\u00f4nio condom\u00ednio 200 m\u00b3 &#8211; 220V.<br \/>\n&#8211; 1 Conjunto venturi com by-pass e bico injetor montado.<br \/>\n&#8211; 1 Par de parafusos fixadores.<br \/>\n&#8211; 1 Mangueria cristal com v\u00e1lvula de reten\u00e7\u00e3o.<br \/>\n&#8211; 1 Manual de uso\/instala\u00e7\u00e3o com termo de garantia.<\/p>\n","protected":false},"excerpt":{"rendered":"<h4>A Piscinaria Sumar\u00e9 \u00e9 especialista em produtos para piscinas.<\/h4>\n<p>\u2013 Fabrica\u00e7\u00e3o pr\u00f3pria de produtos<br \/>\n\u2013 Distribui\u00e7\u00e3o das principais marcas do mercado<br \/>\n\u2013 Nossos especialistas ajudam na escolha do produto e equipamento ideal<\/p>\n","protected":false},"featured_media":189,"comment_status":"open","ping_status":"closed","template":"","meta":[],"product_brand":[],"product_cat":[23],"product_tag":[63],"class_list":{"0":"post-185","1":"product","2":"type-product","3":"status-publish","4":"has-post-thumbnail","6":"product_cat-geradores","7":"product_tag-gerador-de-ozonio-oz-200-ate-200-m","9":"first","10":"instock","11":"shipping-taxable","12":"product-type-simple"},"_links":{"self":[{"href":"https:\/\/piscinariasumare.com.br\/vitrine\/wp-json\/wp\/v2\/product\/185","targetHints":{"allow":["GET"]}}],"collection":[{"href":"https:\/\/piscinariasumare.com.br\/vitrine\/wp-json\/wp\/v2\/product"}],"about":[{"href":"https:\/\/piscinariasumare.com.br\/vitrine\/wp-json\/wp\/v2\/types\/product"}],"replies":[{"embeddable":true,"href":"https:\/\/piscinariasumare.com.br\/vitrine\/wp-json\/wp\/v2\/comments?post=185"}],"wp:featuredmedia":[{"embeddable":true,"href":"https:\/\/piscinariasumare.com.br\/vitrine\/wp-json\/wp\/v2\/media\/189"}],"wp:attachment":[{"href":"https:\/\/piscinariasumare.com.br\/vitrine\/wp-json\/wp\/v2\/media?parent=185"}],"wp:term":[{"taxonomy":"product_brand","embeddable":true,"href":"https:\/\/piscinariasumare.com.br\/vitrine\/wp-json\/wp\/v2\/product_brand?post=185"},{"taxonomy":"product_cat","embeddable":true,"href":"https:\/\/piscinariasumare.com.br\/vitrine\/wp-json\/wp\/v2\/product_cat?post=185"},{"taxonomy":"product_tag","embeddable":true,"href":"https:\/\/piscinariasumare.com.br\/vitrine\/wp-json\/wp\/v2\/product_tag?post=185"}],"curies":[{"name":"wp","href":"https:\/\/api.w.org\/{rel}","templated":true}]}}