{"id":190,"date":"2025-09-23T15:05:11","date_gmt":"2025-09-23T18:05:11","guid":{"rendered":"https:\/\/piscinariasumare.com.br\/vitrine\/?post_type=product&#038;p=190"},"modified":"2025-09-23T15:06:17","modified_gmt":"2025-09-23T18:06:17","slug":"power-led-27w-rgb-inox-rosca","status":"publish","type":"product","link":"https:\/\/piscinariasumare.com.br\/vitrine\/produto\/power-led-27w-rgb-inox-rosca\/","title":{"rendered":"Power Led 27w RGB inox rosca"},"content":{"rendered":"<h1>Power Led 27w RGB inox rosca<\/h1>\n<h4>O Power LED 27W RGB da Piscinaria oferece ilumina\u00e7\u00e3o subaqu\u00e1tica de alto impacto com tecnologia RGB, permitindo altern\u00e2ncia de cores para criar efeitos.<\/h4>\n<p>&#8211; Peso: 0,35 kg<br \/>\n&#8211; Dimens\u00f5es: 15 \u00d7 14 \u00d7 14 cm<br \/>\n&#8211; Marca: Piscinaria<br \/>\n&#8211; Pot\u00eancia: 27 Watts<br \/>\n&#8211; Voltagem: 12V AC<br \/>\n&#8211; Cor Da Luz: RGB<br \/>\n&#8211; Material Do Aro: A\u00e7o Inox<br \/>\n&#8211; Tipo De Instala\u00e7\u00e3o: Rosca Padr\u00e3o<br \/>\n&#8211; Uso: Piscinas E Spas<\/p>\n","protected":false},"excerpt":{"rendered":"<h4>A Piscinaria Sumar\u00e9 \u00e9 especialista em produtos para piscinas.<\/h4>\n<p>\u2013 Fabrica\u00e7\u00e3o pr\u00f3pria de produtos<br \/>\n\u2013 Distribui\u00e7\u00e3o das principais marcas do mercado<br \/>\n\u2013 Nossos especialistas ajudam na escolha do produto e equipamento ideal<\/p>\n","protected":false},"featured_media":191,"comment_status":"open","ping_status":"closed","template":"","meta":[],"product_brand":[],"product_cat":[24],"product_tag":[65],"class_list":{"0":"post-190","1":"product","2":"type-product","3":"status-publish","4":"has-post-thumbnail","6":"product_cat-iluminacao","7":"product_tag-power-led-27w-rgb-inox-rosca","9":"first","10":"instock","11":"shipping-taxable","12":"product-type-simple"},"_links":{"self":[{"href":"https:\/\/piscinariasumare.com.br\/vitrine\/wp-json\/wp\/v2\/product\/190","targetHints":{"allow":["GET"]}}],"collection":[{"href":"https:\/\/piscinariasumare.com.br\/vitrine\/wp-json\/wp\/v2\/product"}],"about":[{"href":"https:\/\/piscinariasumare.com.br\/vitrine\/wp-json\/wp\/v2\/types\/product"}],"replies":[{"embeddable":true,"href":"https:\/\/piscinariasumare.com.br\/vitrine\/wp-json\/wp\/v2\/comments?post=190"}],"wp:featuredmedia":[{"embeddable":true,"href":"https:\/\/piscinariasumare.com.br\/vitrine\/wp-json\/wp\/v2\/media\/191"}],"wp:attachment":[{"href":"https:\/\/piscinariasumare.com.br\/vitrine\/wp-json\/wp\/v2\/media?parent=190"}],"wp:term":[{"taxonomy":"product_brand","embeddable":true,"href":"https:\/\/piscinariasumare.com.br\/vitrine\/wp-json\/wp\/v2\/product_brand?post=190"},{"taxonomy":"product_cat","embeddable":true,"href":"https:\/\/piscinariasumare.com.br\/vitrine\/wp-json\/wp\/v2\/product_cat?post=190"},{"taxonomy":"product_tag","embeddable":true,"href":"https:\/\/piscinariasumare.com.br\/vitrine\/wp-json\/wp\/v2\/product_tag?post=190"}],"curies":[{"name":"wp","href":"https:\/\/api.w.org\/{rel}","templated":true}]}}