{"id":197,"date":"2025-10-02T09:45:25","date_gmt":"2025-10-02T12:45:25","guid":{"rendered":"https:\/\/piscinariasumare.com.br\/vitrine\/?post_type=product&#038;p=197"},"modified":"2025-10-02T10:03:14","modified_gmt":"2025-10-02T13:03:14","slug":"bomba-dancor-chs-17-1-4-cv","status":"publish","type":"product","link":"https:\/\/piscinariasumare.com.br\/vitrine\/produto\/bomba-dancor-chs-17-1-4-cv\/","title":{"rendered":"Bomba Dancor CHS-17 1\/4 CV"},"content":{"rendered":"<h1>Bomba Dancor CHS-17 1\/4 CV<\/h1>\n<p>Normalmente utilizado em \u00e1reas residenciais.<br \/>\nVerifique sua rede el\u00e9trica antes de finalizar a compra.<\/p>\n<h2>Bomba Para Hidromassagem Dancor CHS-17 1\/4 CV Monof\u00e1sica 110V\/220V<\/h2>\n<p>A\u00a0Bomba Para Hidromassagem Dancor CHS-17, \u00e9 recomendada para uso em hidromassagens seja residencial ou predial.<\/p>\n<h2>Caracter\u00edsticas T\u00e9cnicas<\/h2>\n<p>&#8211; Pot\u00eancia: 1\/4 CV;<br \/>\n&#8211; Tens\u00e3o: 110V\/220V;<br \/>\n&#8211; Suc\u00e7\u00e3o (Entrada): 50mm (sold\u00e1vel);<br \/>\n&#8211; Recalque (Sa\u00edda): 50mm (sold\u00e1vel);<br \/>\n&#8211; Vaz\u00e3o m\u00e1xima: 12.900 l\/h para 2 mca(metros);<br \/>\n&#8211; Vaz\u00e3o m\u00ednima: 2.000 l\/h para 10 mca(metros);<br \/>\n&#8211; Motor: H\u00e9rcules (IP21);<br \/>\n&#8211; Rota\u00e7\u00e3o: 3.500 rpm (2 P\u00f3los);<br \/>\n&#8211; Carca\u00e7a: ABS;<br \/>\n&#8211; Rotor: Noryl (Fechado);<br \/>\n&#8211; Eixo: A\u00e7o carbono;<br \/>\n&#8211; Temperatura m\u00e1xima permitida: 80\u00b0C.<\/p>\n<h2>Garantia<\/h2>\n<p>O pedido acompanha nota fiscal e garantia de 18 meses do fabricante contra defeito de fabrica\u00e7\u00e3o.<\/p>\n<h2>Dimens\u00f5es do Produto<\/h2>\n<p>&#8211; Peso: 7,7 kg;<br \/>\n&#8211; Comprimento: 19,1 cm;<br \/>\n&#8211; Largura: 20,2 cm;<br \/>\n&#8211; Altura: 23,4 cm.<\/p>\n","protected":false},"excerpt":{"rendered":"<h4>A Piscinaria Sumar\u00e9 \u00e9 especialista em produtos para piscinas.<\/h4>\n<p>\u2013 Fabrica\u00e7\u00e3o pr\u00f3pria de produtos<br \/>\n\u2013 Distribuidora das principais marcas do mercado<br \/>\n\u2013 Especialistas ajudam a escolha do produto ou equipamento ideal<\/p>\n","protected":false},"featured_media":198,"comment_status":"open","ping_status":"closed","template":"","meta":[],"product_brand":[],"product_cat":[29],"product_tag":[68],"class_list":{"0":"post-197","1":"product","2":"type-product","3":"status-publish","4":"has-post-thumbnail","6":"product_cat-bombas-para-piscinas","7":"product_tag-bomba-dancor-chs-17-1-4-cv","9":"first","10":"instock","11":"shipping-taxable","12":"product-type-simple"},"_links":{"self":[{"href":"https:\/\/piscinariasumare.com.br\/vitrine\/wp-json\/wp\/v2\/product\/197","targetHints":{"allow":["GET"]}}],"collection":[{"href":"https:\/\/piscinariasumare.com.br\/vitrine\/wp-json\/wp\/v2\/product"}],"about":[{"href":"https:\/\/piscinariasumare.com.br\/vitrine\/wp-json\/wp\/v2\/types\/product"}],"replies":[{"embeddable":true,"href":"https:\/\/piscinariasumare.com.br\/vitrine\/wp-json\/wp\/v2\/comments?post=197"}],"wp:featuredmedia":[{"embeddable":true,"href":"https:\/\/piscinariasumare.com.br\/vitrine\/wp-json\/wp\/v2\/media\/198"}],"wp:attachment":[{"href":"https:\/\/piscinariasumare.com.br\/vitrine\/wp-json\/wp\/v2\/media?parent=197"}],"wp:term":[{"taxonomy":"product_brand","embeddable":true,"href":"https:\/\/piscinariasumare.com.br\/vitrine\/wp-json\/wp\/v2\/product_brand?post=197"},{"taxonomy":"product_cat","embeddable":true,"href":"https:\/\/piscinariasumare.com.br\/vitrine\/wp-json\/wp\/v2\/product_cat?post=197"},{"taxonomy":"product_tag","embeddable":true,"href":"https:\/\/piscinariasumare.com.br\/vitrine\/wp-json\/wp\/v2\/product_tag?post=197"}],"curies":[{"name":"wp","href":"https:\/\/api.w.org\/{rel}","templated":true}]}}