{"id":202,"date":"2025-10-02T09:57:16","date_gmt":"2025-10-02T12:57:16","guid":{"rendered":"https:\/\/piscinariasumare.com.br\/vitrine\/?post_type=product&#038;p=202"},"modified":"2025-10-02T09:57:16","modified_gmt":"2025-10-02T12:57:16","slug":"bomba-dancor-chs-17-1-2-cv","status":"publish","type":"product","link":"https:\/\/piscinariasumare.com.br\/vitrine\/produto\/bomba-dancor-chs-17-1-2-cv\/","title":{"rendered":"Bomba Dancor CHS-17 1\/2 CV"},"content":{"rendered":"<h1>Bomba Dancor CHS-17 1\/2 CV<\/h1>\n<h3>Descri\u00e7\u00e3o<\/h3>\n<p>A bomba Dancor CHS-17ir\u00e1 garantir que a sua piscina cumpre as condi\u00e7\u00f5es de higiene adequadas. O movimento que exercer\u00e1 sobre a \u00e1gua contida, facilitar\u00e1 a desinfec\u00e7\u00e3o e filtragem de sujeira e res\u00edduos. Voc\u00ea desfrutar\u00e1 de um mergulho agrad\u00e1vel, mergulhado em gotas de cristal!<\/p>\n<h3>Quantidade e rela\u00e7\u00e3o de tempo<\/h3>\n<p>Este equipamento funciona com um caudal m\u00e1ximo de 13.7 m\u00b3\/hque permitir\u00e1 uma circula\u00e7\u00e3o peri\u00f3dica de \u00e1gua para manuten\u00e7\u00e3o adequada, com \u00f3timos resultados de higiene e higiene.<\/p>\n","protected":false},"excerpt":{"rendered":"<h4>A Piscinaria Sumar\u00e9 \u00e9 especialista em produtos para piscinas.<\/h4>\n<p>\u2013 Fabrica\u00e7\u00e3o pr\u00f3pria de produtos<br \/>\n\u2013 Distribuidora das principais marcas do mercado<br \/>\n\u2013 Especialistas ajudam a escolha do produto ou equipamento ideal<\/p>\n","protected":false},"featured_media":203,"comment_status":"open","ping_status":"closed","template":"","meta":[],"product_brand":[],"product_cat":[29],"product_tag":[],"class_list":{"0":"post-202","1":"product","2":"type-product","3":"status-publish","4":"has-post-thumbnail","6":"product_cat-bombas-para-piscinas","8":"first","9":"instock","10":"shipping-taxable","11":"product-type-simple"},"_links":{"self":[{"href":"https:\/\/piscinariasumare.com.br\/vitrine\/wp-json\/wp\/v2\/product\/202","targetHints":{"allow":["GET"]}}],"collection":[{"href":"https:\/\/piscinariasumare.com.br\/vitrine\/wp-json\/wp\/v2\/product"}],"about":[{"href":"https:\/\/piscinariasumare.com.br\/vitrine\/wp-json\/wp\/v2\/types\/product"}],"replies":[{"embeddable":true,"href":"https:\/\/piscinariasumare.com.br\/vitrine\/wp-json\/wp\/v2\/comments?post=202"}],"wp:featuredmedia":[{"embeddable":true,"href":"https:\/\/piscinariasumare.com.br\/vitrine\/wp-json\/wp\/v2\/media\/203"}],"wp:attachment":[{"href":"https:\/\/piscinariasumare.com.br\/vitrine\/wp-json\/wp\/v2\/media?parent=202"}],"wp:term":[{"taxonomy":"product_brand","embeddable":true,"href":"https:\/\/piscinariasumare.com.br\/vitrine\/wp-json\/wp\/v2\/product_brand?post=202"},{"taxonomy":"product_cat","embeddable":true,"href":"https:\/\/piscinariasumare.com.br\/vitrine\/wp-json\/wp\/v2\/product_cat?post=202"},{"taxonomy":"product_tag","embeddable":true,"href":"https:\/\/piscinariasumare.com.br\/vitrine\/wp-json\/wp\/v2\/product_tag?post=202"}],"curies":[{"name":"wp","href":"https:\/\/api.w.org\/{rel}","templated":true}]}}