{"id":209,"date":"2025-10-02T10:16:23","date_gmt":"2025-10-02T13:16:23","guid":{"rendered":"https:\/\/piscinariasumare.com.br\/vitrine\/?post_type=product&#038;p=209"},"modified":"2025-10-02T10:16:23","modified_gmt":"2025-10-02T13:16:23","slug":"bomba-dancor-chs-17-2-cv","status":"publish","type":"product","link":"https:\/\/piscinariasumare.com.br\/vitrine\/produto\/bomba-dancor-chs-17-2-cv\/","title":{"rendered":"Bomba Dancor CHS-17 2 CV"},"content":{"rendered":"<h1>Bomba Dancor CHS-17 2 CV<\/h1>\n<p>Normalmente utilizado em \u00e1reas residenciais.<br \/>\nVerifique sua rede el\u00e9trica antes de finalizar a compra.<\/p>\n<p>Bomba Para Hidromassagem Dancor CHS-17 2 CV Monof\u00e1sica 110V\/220V<br \/>\nA Bomba Para Hidromassagem Dancor CHS-17, \u00e9 recomendada para uso em hidromassagens seja residencial ou predial.<\/p>\n<h4>Caracter\u00edsticas T\u00e9cnicas<\/h4>\n<p>&#8211; Pot\u00eancia: 2 CV;<br \/>\n&#8211; Tens\u00e3o: 110V\/220V;<br \/>\n&#8211; Suc\u00e7\u00e3o (Entrada): 50mm (sold\u00e1vel);<br \/>\n&#8211; Recalque (Sa\u00edda): 50mm (sold\u00e1vel);<br \/>\n&#8211; Vaz\u00e3o m\u00e1xima: 21.900 l\/h para 10 mca(metros);<br \/>\n&#8211; Vaz\u00e3o m\u00ednima: 7.900 l\/h para 20 mca(metros);<br \/>\n&#8211; Motor: H\u00e9rcules (IP21);<br \/>\n&#8211; Rota\u00e7\u00e3o: 3.500 rpm (2 P\u00f3los);<br \/>\n&#8211; Carca\u00e7a: ABS;<br \/>\n&#8211; Rotor: Noryl (Fechado);<br \/>\n&#8211; Eixo: A\u00e7o carbono;<br \/>\n&#8211; Temperatura m\u00e1xima permitida: 80\u00b0C.<\/p>\n<h4>Garantia<\/h4>\n<p>O pedido acompanha nota fiscal e garantia de 18 meses do fabricante contra defeito de fabrica\u00e7\u00e3o.<\/p>\n<h4>Dimens\u00f5es do Produto<\/h4>\n<p>&#8211; Peso: 22,4 kg;<br \/>\n&#8211; Comprimento: 37,6 cm;<br \/>\n&#8211; Largura: 20,2 cm;<br \/>\n&#8211; Altura: 23,4 cm.<\/p>\n","protected":false},"excerpt":{"rendered":"<h4>A Piscinaria Sumar\u00e9 \u00e9 especialista em produtos para piscinas.<\/h4>\n<p>\u2013 Fabrica\u00e7\u00e3o pr\u00f3pria de produtos<br \/>\n\u2013 Distribuidora das principais marcas do mercado<br \/>\n\u2013 Especialistas ajudam a escolha do produto ou equipamento ideal<\/p>\n","protected":false},"featured_media":207,"comment_status":"open","ping_status":"closed","template":"","meta":[],"product_brand":[],"product_cat":[29],"product_tag":[73],"class_list":{"0":"post-209","1":"product","2":"type-product","3":"status-publish","4":"has-post-thumbnail","6":"product_cat-bombas-para-piscinas","7":"product_tag-bomba-dancor-chs-17-2-cv","9":"first","10":"instock","11":"shipping-taxable","12":"product-type-simple"},"_links":{"self":[{"href":"https:\/\/piscinariasumare.com.br\/vitrine\/wp-json\/wp\/v2\/product\/209","targetHints":{"allow":["GET"]}}],"collection":[{"href":"https:\/\/piscinariasumare.com.br\/vitrine\/wp-json\/wp\/v2\/product"}],"about":[{"href":"https:\/\/piscinariasumare.com.br\/vitrine\/wp-json\/wp\/v2\/types\/product"}],"replies":[{"embeddable":true,"href":"https:\/\/piscinariasumare.com.br\/vitrine\/wp-json\/wp\/v2\/comments?post=209"}],"wp:featuredmedia":[{"embeddable":true,"href":"https:\/\/piscinariasumare.com.br\/vitrine\/wp-json\/wp\/v2\/media\/207"}],"wp:attachment":[{"href":"https:\/\/piscinariasumare.com.br\/vitrine\/wp-json\/wp\/v2\/media?parent=209"}],"wp:term":[{"taxonomy":"product_brand","embeddable":true,"href":"https:\/\/piscinariasumare.com.br\/vitrine\/wp-json\/wp\/v2\/product_brand?post=209"},{"taxonomy":"product_cat","embeddable":true,"href":"https:\/\/piscinariasumare.com.br\/vitrine\/wp-json\/wp\/v2\/product_cat?post=209"},{"taxonomy":"product_tag","embeddable":true,"href":"https:\/\/piscinariasumare.com.br\/vitrine\/wp-json\/wp\/v2\/product_tag?post=209"}],"curies":[{"name":"wp","href":"https:\/\/api.w.org\/{rel}","templated":true}]}}