{"id":210,"date":"2025-10-02T10:20:15","date_gmt":"2025-10-02T13:20:15","guid":{"rendered":"https:\/\/piscinariasumare.com.br\/vitrine\/?post_type=product&#038;p=210"},"modified":"2025-10-02T10:20:15","modified_gmt":"2025-10-02T13:20:15","slug":"bomba-dancor-chs-22-3-cv","status":"publish","type":"product","link":"https:\/\/piscinariasumare.com.br\/vitrine\/produto\/bomba-dancor-chs-22-3-cv\/","title":{"rendered":"Bomba Dancor CHS-22 3 CV"},"content":{"rendered":"<h1>Bomba Dancor CHS-22 3 CV<\/h1>\n<p>Bomba Dancor centr\u00edfuga Auto-drenante para Hidromassagem e Produtos Qu\u00edmicos. Pode operar com \u00e1gua, \u00f3leos minerais, vegetais e animais, \u00e1cidos compat\u00edveis com as mat\u00e9rias-primas constantes de sua fabrica\u00e7\u00e3o. Silenciosa. Dezoito meses de garantia conforme termo do certificado que acompanha o produto.<\/p>\n<p>&nbsp;<\/p>\n<h4>Caracter\u00edsticas<\/h4>\n<p>&#8211; Norma &#8211; Nema MG1-18.326 a MG1 &#8211; 18.341 &#8211; Jet Pump<\/p>\n<p>&#8211; 2 polos &#8211; 3.500 rpm &#8211; 60 Hz<\/p>\n<p>&#8211; Monof\u00e1sico: 110\/220V<\/p>\n<p>&#8211; Grau de Prote\u00e7\u00e3o: IP 21<\/p>\n<p>&#8211; lsolamento:Classe B<\/p>\n","protected":false},"excerpt":{"rendered":"<h4>A Piscinaria Sumar\u00e9 \u00e9 especialista em produtos para piscinas.<\/h4>\n<p>\u2013 Fabrica\u00e7\u00e3o pr\u00f3pria de produtos<br \/>\n\u2013 Distribuidora das principais marcas do mercado<br \/>\n\u2013 Especialistas ajudam a escolha do produto ou equipamento ideal<\/p>\n","protected":false},"featured_media":211,"comment_status":"open","ping_status":"closed","template":"","meta":[],"product_brand":[],"product_cat":[29],"product_tag":[74],"class_list":{"0":"post-210","1":"product","2":"type-product","3":"status-publish","4":"has-post-thumbnail","6":"product_cat-bombas-para-piscinas","7":"product_tag-bomba-dancor-chs-22-3-cv","9":"first","10":"instock","11":"shipping-taxable","12":"product-type-simple"},"_links":{"self":[{"href":"https:\/\/piscinariasumare.com.br\/vitrine\/wp-json\/wp\/v2\/product\/210","targetHints":{"allow":["GET"]}}],"collection":[{"href":"https:\/\/piscinariasumare.com.br\/vitrine\/wp-json\/wp\/v2\/product"}],"about":[{"href":"https:\/\/piscinariasumare.com.br\/vitrine\/wp-json\/wp\/v2\/types\/product"}],"replies":[{"embeddable":true,"href":"https:\/\/piscinariasumare.com.br\/vitrine\/wp-json\/wp\/v2\/comments?post=210"}],"wp:featuredmedia":[{"embeddable":true,"href":"https:\/\/piscinariasumare.com.br\/vitrine\/wp-json\/wp\/v2\/media\/211"}],"wp:attachment":[{"href":"https:\/\/piscinariasumare.com.br\/vitrine\/wp-json\/wp\/v2\/media?parent=210"}],"wp:term":[{"taxonomy":"product_brand","embeddable":true,"href":"https:\/\/piscinariasumare.com.br\/vitrine\/wp-json\/wp\/v2\/product_brand?post=210"},{"taxonomy":"product_cat","embeddable":true,"href":"https:\/\/piscinariasumare.com.br\/vitrine\/wp-json\/wp\/v2\/product_cat?post=210"},{"taxonomy":"product_tag","embeddable":true,"href":"https:\/\/piscinariasumare.com.br\/vitrine\/wp-json\/wp\/v2\/product_tag?post=210"}],"curies":[{"name":"wp","href":"https:\/\/api.w.org\/{rel}","templated":true}]}}