{"id":212,"date":"2025-10-02T10:31:05","date_gmt":"2025-10-02T13:31:05","guid":{"rendered":"https:\/\/piscinariasumare.com.br\/vitrine\/?post_type=product&#038;p=212"},"modified":"2025-10-02T10:31:05","modified_gmt":"2025-10-02T13:31:05","slug":"motobomba-dancor-pf-17-1-2-cv","status":"publish","type":"product","link":"https:\/\/piscinariasumare.com.br\/vitrine\/produto\/motobomba-dancor-pf-17-1-2-cv\/","title":{"rendered":"Motobomba Dancor PF-17 1\/2 CV"},"content":{"rendered":"<h1>Motobomba Dancor PF-17 1\/2 CV<\/h1>\n<p>&#8211; Carca\u00e7a e intermedi\u00e1ria (interna e externa) &#8211; em ABS refor\u00e7ado com fibra de vidro, termopl\u00e1stico de engenharia de excelentes qualidades.<br \/>\n&#8211; Rotor &#8211; do tipo fechado, injetado em Noryl refor\u00e7ado com fibra de vidro com ressalto na parte posterior e roscado diretamente na ponta do eixo.<br \/>\n&#8211; Veda\u00e7\u00e3o do eixo &#8211; por selo mec\u00e2nico &#8211; \u00d8 3\/4\u201d, tipo \u201c16\u201d, conjunto de precis\u00e3o, constru\u00eddo com borracha nitr\u00edlica, mola de a\u00e7o inox e as faces de veda\u00e7\u00e3o em grafite e cer\u00e2mica o qual em conjunto com o rotor Impedem, totalmente, o contato do l\u00edquido com as partes met\u00e1licas.<\/p>\n<h4>\nCaracter\u00edsticas do Motor El\u00e9trico:<\/h4>\n<p>&#8211; Norma &#8211; Nema MG1-18.326 a MG1 &#8211; 18.341 &#8211; &#8220;Jet Pump\u201d<br \/>\n&#8211; 2 p\u00f3los &#8211; 3.500 rpm &#8211; 60 Hz<br \/>\n&#8211; Monof\u00e1sico: 110\/220V<br \/>\n&#8211; Grau de Prote\u00e7\u00e3o: IP 21<br \/>\n&#8211; lsolamento:Classe &#8220;B\u201d<br \/>\n&#8211; Pot\u00eancia: 1\/2CV<\/p>\n","protected":false},"excerpt":{"rendered":"<h4>A Piscinaria Sumar\u00e9 \u00e9 especialista em produtos para piscinas.<\/h4>\n<p>\u2013 Fabrica\u00e7\u00e3o pr\u00f3pria de produtos<br \/>\n\u2013 Distribuidora das principais marcas do mercado<br \/>\n\u2013 Especialistas ajudam a escolha do produto ou equipamento ideal<\/p>\n","protected":false},"featured_media":213,"comment_status":"open","ping_status":"closed","template":"","meta":[],"product_brand":[],"product_cat":[29],"product_tag":[75],"class_list":{"0":"post-212","1":"product","2":"type-product","3":"status-publish","4":"has-post-thumbnail","6":"product_cat-bombas-para-piscinas","7":"product_tag-motobomba-dancor-pf-17-1-2-cv","9":"first","10":"instock","11":"shipping-taxable","12":"product-type-simple"},"_links":{"self":[{"href":"https:\/\/piscinariasumare.com.br\/vitrine\/wp-json\/wp\/v2\/product\/212","targetHints":{"allow":["GET"]}}],"collection":[{"href":"https:\/\/piscinariasumare.com.br\/vitrine\/wp-json\/wp\/v2\/product"}],"about":[{"href":"https:\/\/piscinariasumare.com.br\/vitrine\/wp-json\/wp\/v2\/types\/product"}],"replies":[{"embeddable":true,"href":"https:\/\/piscinariasumare.com.br\/vitrine\/wp-json\/wp\/v2\/comments?post=212"}],"wp:featuredmedia":[{"embeddable":true,"href":"https:\/\/piscinariasumare.com.br\/vitrine\/wp-json\/wp\/v2\/media\/213"}],"wp:attachment":[{"href":"https:\/\/piscinariasumare.com.br\/vitrine\/wp-json\/wp\/v2\/media?parent=212"}],"wp:term":[{"taxonomy":"product_brand","embeddable":true,"href":"https:\/\/piscinariasumare.com.br\/vitrine\/wp-json\/wp\/v2\/product_brand?post=212"},{"taxonomy":"product_cat","embeddable":true,"href":"https:\/\/piscinariasumare.com.br\/vitrine\/wp-json\/wp\/v2\/product_cat?post=212"},{"taxonomy":"product_tag","embeddable":true,"href":"https:\/\/piscinariasumare.com.br\/vitrine\/wp-json\/wp\/v2\/product_tag?post=212"}],"curies":[{"name":"wp","href":"https:\/\/api.w.org\/{rel}","templated":true}]}}