{"id":214,"date":"2025-10-02T10:35:54","date_gmt":"2025-10-02T13:35:54","guid":{"rendered":"https:\/\/piscinariasumare.com.br\/vitrine\/?post_type=product&#038;p=214"},"modified":"2025-10-02T10:35:54","modified_gmt":"2025-10-02T13:35:54","slug":"motobomba-dancor-pf-17-3-4-cv","status":"publish","type":"product","link":"https:\/\/piscinariasumare.com.br\/vitrine\/produto\/motobomba-dancor-pf-17-3-4-cv\/","title":{"rendered":"Motobomba Dancor PF-17 3\/4 CV"},"content":{"rendered":"<h1>Bomba Piscina Dancor PF-17 3\/4 CV Monof\u00e1sico Motor Weg<\/h1>\n<p>Bomba Piscina Dancor Auto Escorvante com Pr\u00e9-filtro para Piscinas. Equipada com Prote\u00e7\u00e3o T\u00e9rmica contra sobrecarga (termostato com religamento autom\u00e1tico). Bomba piscina com dezoito meses de garantia conforme termo do certificado que acompanha o produto.<\/p>\n<h4>Aplica\u00e7\u00f5es<\/h4>\n<p>Bomba para piscinas academias \u2022 Bomba para piscinas clubes \u2022 Bomba para piscinas condom\u00ednios \u2022 Bomba para piscinas parque aqu\u00e1ticos \u2022 Bomba para piscinas prediais \u2022 Bomba para piscinas residenciais \u2022 Bomba de piscinas academias \u2022 Bomba de piscinas clubes \u2022 Bomba de piscinas condom\u00ednios \u2022 Bomba de piscinas parque aqu\u00e1ticos \u2022 Bomba de piscinas prediais \u2022 Bomba de piscinas residenciais<\/p>\n<h4>Caracter\u00edsticas Bomba Piscina:<\/h4>\n<p>&#8211; Norma &#8211; Nema MG1-18.326 a MG1 &#8211; 18.341 &#8211; \u201cJet Pump\u201d<\/p>\n<p>&#8211; 2 polos &#8211; 3.500 rpm &#8211; 60 Hz<\/p>\n<p>&#8211; Monof\u00e1sico: 110\/220V<\/p>\n<p>&#8211; Grau de Prote\u00e7\u00e3o: IP 21<\/p>\n<p>&#8211; lsolamento: Classe \u201cB\u201d<\/p>\n<p><strong>A vaz\u00e3o depende do MCA aplicado. Neste caso consulte a tabela que est\u00e1 dispon\u00edvel nas imagens do produto.<\/strong><\/p>\n<h4>Garantia<\/h4>\n<p>O pedido acompanha nota fiscal e garantia de 18 meses do fabricante contra defeito de fabrica\u00e7\u00e3o.<\/p>\n<p>&nbsp;<\/p>\n","protected":false},"excerpt":{"rendered":"<h4>A Piscinaria Sumar\u00e9 \u00e9 especialista em produtos para piscinas.<\/h4>\n<p>\u2013 Fabrica\u00e7\u00e3o pr\u00f3pria de produtos<br \/>\n\u2013 Distribuidora das principais marcas do mercado<br \/>\n\u2013 Especialistas ajudam a escolha do produto ou equipamento ideal<\/p>\n","protected":false},"featured_media":215,"comment_status":"open","ping_status":"closed","template":"","meta":[],"product_brand":[],"product_cat":[29],"product_tag":[76],"class_list":{"0":"post-214","1":"product","2":"type-product","3":"status-publish","4":"has-post-thumbnail","6":"product_cat-bombas-para-piscinas","7":"product_tag-motobomba-dancor-pf-17-3-4-cv","9":"first","10":"instock","11":"shipping-taxable","12":"product-type-simple"},"_links":{"self":[{"href":"https:\/\/piscinariasumare.com.br\/vitrine\/wp-json\/wp\/v2\/product\/214","targetHints":{"allow":["GET"]}}],"collection":[{"href":"https:\/\/piscinariasumare.com.br\/vitrine\/wp-json\/wp\/v2\/product"}],"about":[{"href":"https:\/\/piscinariasumare.com.br\/vitrine\/wp-json\/wp\/v2\/types\/product"}],"replies":[{"embeddable":true,"href":"https:\/\/piscinariasumare.com.br\/vitrine\/wp-json\/wp\/v2\/comments?post=214"}],"wp:featuredmedia":[{"embeddable":true,"href":"https:\/\/piscinariasumare.com.br\/vitrine\/wp-json\/wp\/v2\/media\/215"}],"wp:attachment":[{"href":"https:\/\/piscinariasumare.com.br\/vitrine\/wp-json\/wp\/v2\/media?parent=214"}],"wp:term":[{"taxonomy":"product_brand","embeddable":true,"href":"https:\/\/piscinariasumare.com.br\/vitrine\/wp-json\/wp\/v2\/product_brand?post=214"},{"taxonomy":"product_cat","embeddable":true,"href":"https:\/\/piscinariasumare.com.br\/vitrine\/wp-json\/wp\/v2\/product_cat?post=214"},{"taxonomy":"product_tag","embeddable":true,"href":"https:\/\/piscinariasumare.com.br\/vitrine\/wp-json\/wp\/v2\/product_tag?post=214"}],"curies":[{"name":"wp","href":"https:\/\/api.w.org\/{rel}","templated":true}]}}