{"id":216,"date":"2025-10-02T10:42:46","date_gmt":"2025-10-02T13:42:46","guid":{"rendered":"https:\/\/piscinariasumare.com.br\/vitrine\/?post_type=product&#038;p=216"},"modified":"2025-10-02T10:42:46","modified_gmt":"2025-10-02T13:42:46","slug":"motobomba-dancor-pf-17-1-cv","status":"publish","type":"product","link":"https:\/\/piscinariasumare.com.br\/vitrine\/produto\/motobomba-dancor-pf-17-1-cv\/","title":{"rendered":"Motobomba Dancor PF-17 1 CV"},"content":{"rendered":"<h1>Bomba Piscina Dancor PF-17 1CV 110\/220V Monof\u00e1sica Motor WEG<\/h1>\n<p>A Bomba para Piscina Dancor PF-17 1CV \u00e9 projetada para oferecer alto desempenho e confiabilidade em piscinas residenciais e prediais de at\u00e9 132.000 litros. Equipada com motor monof\u00e1sico bivolt (110V\/220V) e pr\u00e9-filtro integrado, facilita a manuten\u00e7\u00e3o e prolonga a vida \u00fatil do sistema de filtragem.<\/p>\n<h4>Benef\u00edcios:<\/h4>\n<p>Alto desempenho com vaz\u00e3o m\u00e1xima de at\u00e9 17.300 litros\/hora<br \/>\nPr\u00e9-filtro integrado que protege o motor e facilita a limpeza<br \/>\nIdeal para piscinas grandes, hidromassagens e cascatas<br \/>\nConstru\u00e7\u00e3o resistente em ABS e rotor em Noryl fechado<br \/>\nMotor H\u00e9rcules IP21 com rota\u00e7\u00e3o de 3.500 rpm, dur\u00e1vel e eficiente<\/p>\n<h4>Pode ser usada em:<\/h4>\n<p>Piscinas residenciais e prediais at\u00e9 132.000 L, sistemas de hidromassagem, cascatas decorativas<\/p>\n<h4>Especifica\u00e7\u00f5es T\u00e9cnicas:<\/h4>\n<p>Marca: Dancor<br \/>\nModelo: PF-17<br \/>\nPot\u00eancia: 1 CV<br \/>\nTens\u00e3o: 110V\/220V (Bivolt)<br \/>\nSuc\u00e7\u00e3o\/Recalque: 50 mm<br \/>\nVaz\u00e3o M\u00e1xima: 17.300 L\/h (4 mca)<br \/>\nVaz\u00e3o M\u00ednima: 2.400 L\/h (18 mca)<br \/>\nRota\u00e7\u00e3o: 3.500 rpm (2 P\u00f3los)<br \/>\nMotor: H\u00e9rcules (IP21)<br \/>\nRotor: Noryl (Fechado)<br \/>\nEixo: A\u00e7o carbono<br \/>\nCarca\u00e7a: ABS<br \/>\nTemperatura M\u00e1xima: 80\u00b0C<\/p>\n<h4>Garantia:<\/h4>\n<p><strong>Produto acompanha nota fiscal e garantia de 18 meses do fabricante contra defeitos de fabrica\u00e7\u00e3o.<\/strong><\/p>\n<h4>Dimens\u00f5es do Produto:<\/h4>\n<p>Peso: 17,7 kg;<br \/>\nComprimento: 60,3 cm;<br \/>\nLargura: 20,2 cm;<br \/>\nAltura: 29,5 cm.<\/p>\n","protected":false},"excerpt":{"rendered":"<h4>A Piscinaria Sumar\u00e9 \u00e9 especialista em produtos para piscinas.<\/h4>\n<p>\u2013 Fabrica\u00e7\u00e3o pr\u00f3pria de produtos<br \/>\n\u2013 Distribuidora das principais marcas do mercado<br \/>\n\u2013 Especialistas ajudam a escolha do produto ou equipamento ideal<\/p>\n","protected":false},"featured_media":217,"comment_status":"open","ping_status":"closed","template":"","meta":[],"product_brand":[],"product_cat":[29],"product_tag":[77],"class_list":{"0":"post-216","1":"product","2":"type-product","3":"status-publish","4":"has-post-thumbnail","6":"product_cat-bombas-para-piscinas","7":"product_tag-motobomba-dancor-pf-17-1-cv","9":"first","10":"instock","11":"shipping-taxable","12":"product-type-simple"},"_links":{"self":[{"href":"https:\/\/piscinariasumare.com.br\/vitrine\/wp-json\/wp\/v2\/product\/216","targetHints":{"allow":["GET"]}}],"collection":[{"href":"https:\/\/piscinariasumare.com.br\/vitrine\/wp-json\/wp\/v2\/product"}],"about":[{"href":"https:\/\/piscinariasumare.com.br\/vitrine\/wp-json\/wp\/v2\/types\/product"}],"replies":[{"embeddable":true,"href":"https:\/\/piscinariasumare.com.br\/vitrine\/wp-json\/wp\/v2\/comments?post=216"}],"wp:featuredmedia":[{"embeddable":true,"href":"https:\/\/piscinariasumare.com.br\/vitrine\/wp-json\/wp\/v2\/media\/217"}],"wp:attachment":[{"href":"https:\/\/piscinariasumare.com.br\/vitrine\/wp-json\/wp\/v2\/media?parent=216"}],"wp:term":[{"taxonomy":"product_brand","embeddable":true,"href":"https:\/\/piscinariasumare.com.br\/vitrine\/wp-json\/wp\/v2\/product_brand?post=216"},{"taxonomy":"product_cat","embeddable":true,"href":"https:\/\/piscinariasumare.com.br\/vitrine\/wp-json\/wp\/v2\/product_cat?post=216"},{"taxonomy":"product_tag","embeddable":true,"href":"https:\/\/piscinariasumare.com.br\/vitrine\/wp-json\/wp\/v2\/product_tag?post=216"}],"curies":[{"name":"wp","href":"https:\/\/api.w.org\/{rel}","templated":true}]}}