{"id":220,"date":"2025-10-02T11:00:42","date_gmt":"2025-10-02T14:00:42","guid":{"rendered":"https:\/\/piscinariasumare.com.br\/vitrine\/?post_type=product&#038;p=220"},"modified":"2025-10-02T11:05:15","modified_gmt":"2025-10-02T14:05:15","slug":"motobomba-dancor-pf-17-1-1-2-cv","status":"publish","type":"product","link":"https:\/\/piscinariasumare.com.br\/vitrine\/produto\/motobomba-dancor-pf-17-1-1-2-cv\/","title":{"rendered":"Motobomba Dancor PF-17 1.1\/2 CV"},"content":{"rendered":"<h1>Motobomba Dancor PF-17 1.1\/2 CV<\/h1>\n<p style=\"font-weight: 400;\">Equipamentos monof\u00e1sicos normalmente s\u00e3o utilizados em resid\u00eancias, necessitam de 2 cabos de alimenta\u00e7\u00e3o.<\/p>\n<p style=\"font-weight: 400;\"><b>Bomba Autoescorvante com Pr\u00e9-filtro Dancor PF-17 1.1\/2 CV Monof\u00e1sico<\/b><\/p>\n<p style=\"font-weight: 400;\">Bomba Piscina Dancor Auto Escorvante com Pr\u00e9-filtro para Piscinas. Equipada com Prote\u00e7\u00e3o T\u00e9rmica contra sobrecarga (termostato com religamento autom\u00e1tico). Bomba piscina com dezoito meses de garantia conforme termo do certificado que acompanha o produto.<\/p>\n<table>\n<tbody>\n<tr>\n<td colspan=\"2\"><b>Especifica\u00e7\u00f5es:<\/b><\/td>\n<\/tr>\n<tr>\n<td><b>Norma:<\/b><\/td>\n<td>Nema MG1-18.326 a MG1 &#8211; 18.341 &#8211; \u201cJet Pump\u201d<\/td>\n<\/tr>\n<tr>\n<td><b>P\u00f3los:<\/b><\/td>\n<td>2 polos &#8211; 3.500 rpm &#8211; 60 Hz<\/td>\n<\/tr>\n<tr>\n<td><b>Tens\u00e3o:<\/b><\/td>\n<td>Monof\u00e1sico: 110\/220V<\/td>\n<\/tr>\n<tr>\n<td><b>Grau de Prote\u00e7\u00e3o: <\/b><\/td>\n<td>IP 21<\/td>\n<\/tr>\n<tr>\n<td><b>Isolamento:<\/b><\/td>\n<td>Classe \u201cB\u201d<\/td>\n<\/tr>\n<\/tbody>\n<\/table>\n<p style=\"font-weight: 400;\"><b>+ Acompanha 02 uni\u00f5es de 50mm.<\/b><\/p>\n<h4 style=\"font-weight: 400;\">Aplica\u00e7\u00f5es<\/h4>\n<p style=\"font-weight: 400;\">Bomba para piscinas academias \u2022 Bomba para piscinas clubes \u2022 Bomba para piscinas condom\u00ednios \u2022 Bomba para piscinas parque aqu\u00e1ticos \u2022 Bomba para piscinas prediais \u2022 Bomba para piscinas residenciais \u2022 Bomba de piscinas academias \u2022 Bomba de piscinas clubes \u2022 Bomba de piscinas condom\u00ednios \u2022 Bomba de piscinas parque aqu\u00e1ticos \u2022 Bomba de piscinas prediais \u2022 Bomba de piscinas residenciais<\/p>\n<h4>Garantia<\/h4>\n<p style=\"font-weight: 400;\">O pedido acompanha nota fiscal e garantia de 18 meses do fabricante contra defeito de fabrica\u00e7\u00e3o.<\/p>\n<h4>Dimens\u00f5es do Produto<\/h4>\n<p style=\"font-weight: 400;\">&#8211; Peso: 23 kg;<br \/>\n&#8211; Comprimento: 31 cm;<br \/>\n&#8211; Largura: 21 cm;<br \/>\n&#8211; Altura: 30 cm.<\/p>\n","protected":false},"excerpt":{"rendered":"<h4>A Piscinaria Sumar\u00e9 \u00e9 especialista em produtos para piscinas.<\/h4>\n<p>\u2013 Fabrica\u00e7\u00e3o pr\u00f3pria de produtos<br \/>\n\u2013 Distribuidora das principais marcas do mercado<br \/>\n\u2013 Especialistas ajudam a escolha do produto ou equipamento ideal<\/p>\n","protected":false},"featured_media":221,"comment_status":"open","ping_status":"closed","template":"","meta":[],"product_brand":[],"product_cat":[29],"product_tag":[],"class_list":{"0":"post-220","1":"product","2":"type-product","3":"status-publish","4":"has-post-thumbnail","6":"product_cat-bombas-para-piscinas","8":"first","9":"instock","10":"shipping-taxable","11":"product-type-simple"},"_links":{"self":[{"href":"https:\/\/piscinariasumare.com.br\/vitrine\/wp-json\/wp\/v2\/product\/220","targetHints":{"allow":["GET"]}}],"collection":[{"href":"https:\/\/piscinariasumare.com.br\/vitrine\/wp-json\/wp\/v2\/product"}],"about":[{"href":"https:\/\/piscinariasumare.com.br\/vitrine\/wp-json\/wp\/v2\/types\/product"}],"replies":[{"embeddable":true,"href":"https:\/\/piscinariasumare.com.br\/vitrine\/wp-json\/wp\/v2\/comments?post=220"}],"wp:featuredmedia":[{"embeddable":true,"href":"https:\/\/piscinariasumare.com.br\/vitrine\/wp-json\/wp\/v2\/media\/221"}],"wp:attachment":[{"href":"https:\/\/piscinariasumare.com.br\/vitrine\/wp-json\/wp\/v2\/media?parent=220"}],"wp:term":[{"taxonomy":"product_brand","embeddable":true,"href":"https:\/\/piscinariasumare.com.br\/vitrine\/wp-json\/wp\/v2\/product_brand?post=220"},{"taxonomy":"product_cat","embeddable":true,"href":"https:\/\/piscinariasumare.com.br\/vitrine\/wp-json\/wp\/v2\/product_cat?post=220"},{"taxonomy":"product_tag","embeddable":true,"href":"https:\/\/piscinariasumare.com.br\/vitrine\/wp-json\/wp\/v2\/product_tag?post=220"}],"curies":[{"name":"wp","href":"https:\/\/api.w.org\/{rel}","templated":true}]}}