{"id":225,"date":"2025-10-02T11:20:13","date_gmt":"2025-10-02T14:20:13","guid":{"rendered":"https:\/\/piscinariasumare.com.br\/vitrine\/?post_type=product&#038;p=225"},"modified":"2025-10-02T11:20:13","modified_gmt":"2025-10-02T14:20:13","slug":"motobomba-dancor-pf-22-3-cv","status":"publish","type":"product","link":"https:\/\/piscinariasumare.com.br\/vitrine\/produto\/motobomba-dancor-pf-22-3-cv\/","title":{"rendered":"Motobomba Dancor PF-22 3 CV"},"content":{"rendered":"<h1>Motobomba Dancor PF-22 3 CV<\/h1>\n<p>Normalmente utilizado em \u00e1reas industriais.<\/p>\n<h2>Bomba Para Piscina Dancor PF-22 3 CV Trif\u00e1sica 220v\/380v com Pr\u00e9-Filtro &#8211; At\u00e9 391.200 Litros<\/h2>\n<p>A Bomba Autoescorvante Dancor PF-22 com Pr\u00e9-Filtro, \u00e9 uma bomba autoescorvante recomendada para piscinas residenciais e prediais, com volume at\u00e9 391.200 litros. Pode ser utilizada tamb\u00e9m para hidromassagens e cascatas.<\/p>\n<p><strong>\u00c9 indicado o uso com dois filtros:<\/strong><br \/>\nFiltro Para Piscina Dancor Dfr-30 &#8211; At\u00e9 202.800 Litros<\/p>\n<h4>Caracter\u00edsticas T\u00e9cnicas<\/h4>\n<p>&#8211; Pot\u00eancia: 3 CV;<br \/>\n&#8211; Tens\u00e3o: 220V\/380V;<br \/>\n&#8211; Suc\u00e7\u00e3o (Entrada) \/ Recalque (Sa\u00edda): 60 mm (Sold\u00e1vel);<br \/>\n&#8211; Vaz\u00e3o m\u00e1xima: 33.000 L\/h para 12 mca(metros);<br \/>\n&#8211; Vaz\u00e3o m\u00ednima: 8.300 L\/h para 22 mca(metros);<br \/>\n&#8211; Motor: H\u00e9rcules;<br \/>\n&#8211; Rota\u00e7\u00e3o: 3.500 rpm (2 P\u00f3los);<br \/>\n&#8211; Rotor: Noryl (Tipo fechado);<br \/>\n&#8211; Carca\u00e7a: ABS;<br \/>\n&#8211; Temperatura m\u00e1xima permitida: 80\u00b0C.<\/p>\n<h4>Garantia<\/h4>\n<p>O pedido acompanha nota fiscal e garantia de 18 meses do fabricante contra defeito de fabrica\u00e7\u00e3o.<\/p>\n<h4>Dimens\u00f5es do Produto<\/h4>\n<p>&#8211; Peso: 26 kg;<br \/>\n&#8211; Comprimento: 66 cm;<br \/>\n&#8211; Largura: 24 cm;<br \/>\n&#8211; Altura: 31 cm.<\/p>\n<p>&nbsp;<\/p>\n","protected":false},"excerpt":{"rendered":"<h4>A Piscinaria Sumar\u00e9 \u00e9 especialista em produtos para piscinas.<\/h4>\n<p>\u2013 Fabrica\u00e7\u00e3o pr\u00f3pria de produtos<br \/>\n\u2013 Distribuidora das principais marcas do mercado<br \/>\n\u2013 Especialistas ajudam a escolha do produto ou equipamento ideal<\/p>\n","protected":false},"featured_media":226,"comment_status":"open","ping_status":"closed","template":"","meta":[],"product_brand":[],"product_cat":[29],"product_tag":[82],"class_list":{"0":"post-225","1":"product","2":"type-product","3":"status-publish","4":"has-post-thumbnail","6":"product_cat-bombas-para-piscinas","7":"product_tag-motobomba-dancor-pf-22-3-cv","9":"first","10":"instock","11":"shipping-taxable","12":"product-type-simple"},"_links":{"self":[{"href":"https:\/\/piscinariasumare.com.br\/vitrine\/wp-json\/wp\/v2\/product\/225","targetHints":{"allow":["GET"]}}],"collection":[{"href":"https:\/\/piscinariasumare.com.br\/vitrine\/wp-json\/wp\/v2\/product"}],"about":[{"href":"https:\/\/piscinariasumare.com.br\/vitrine\/wp-json\/wp\/v2\/types\/product"}],"replies":[{"embeddable":true,"href":"https:\/\/piscinariasumare.com.br\/vitrine\/wp-json\/wp\/v2\/comments?post=225"}],"wp:featuredmedia":[{"embeddable":true,"href":"https:\/\/piscinariasumare.com.br\/vitrine\/wp-json\/wp\/v2\/media\/226"}],"wp:attachment":[{"href":"https:\/\/piscinariasumare.com.br\/vitrine\/wp-json\/wp\/v2\/media?parent=225"}],"wp:term":[{"taxonomy":"product_brand","embeddable":true,"href":"https:\/\/piscinariasumare.com.br\/vitrine\/wp-json\/wp\/v2\/product_brand?post=225"},{"taxonomy":"product_cat","embeddable":true,"href":"https:\/\/piscinariasumare.com.br\/vitrine\/wp-json\/wp\/v2\/product_cat?post=225"},{"taxonomy":"product_tag","embeddable":true,"href":"https:\/\/piscinariasumare.com.br\/vitrine\/wp-json\/wp\/v2\/product_tag?post=225"}],"curies":[{"name":"wp","href":"https:\/\/api.w.org\/{rel}","templated":true}]}}