{"id":229,"date":"2025-10-02T11:30:48","date_gmt":"2025-10-02T14:30:48","guid":{"rendered":"https:\/\/piscinariasumare.com.br\/vitrine\/?post_type=product&#038;p=229"},"modified":"2025-10-02T11:30:48","modified_gmt":"2025-10-02T14:30:48","slug":"motobomba-bpf-17-1-4-cv-pentair-110-220-v","status":"publish","type":"product","link":"https:\/\/piscinariasumare.com.br\/vitrine\/produto\/motobomba-bpf-17-1-4-cv-pentair-110-220-v\/","title":{"rendered":"Motobomba BPF-17 1\/4 CV PENTAIR 110\/220 V"},"content":{"rendered":"<h1>Motobomba BPF-17 1\/4 CV PENTAIR 110\/220 V<\/h1>\n<p>As motobombas Pentair BPF s\u00e3o motobombas centrifugas fabricadas totalmente em material termopl\u00e1stico que promovem maior resist\u00eancia a corros\u00e3o. Seu corpo \u00e9 fabricado em ABS refor\u00e7ado com fibra e o rotor em Noryl. O pr\u00e9 filtro possui uma tampa em policarbonato para facilitar a visualiza\u00e7\u00e3o de sujeiras retidas no cesto. A entrada da motobomba (suc\u00e7\u00e3o) \u00e9 do tipo sold\u00e1vel com medida de 1.1\/2 polegadas (50 mm) e a sa\u00edda da motobomba (recalque) \u00e9 do tipo sold\u00e1vel com medida de 1 \u00bd polegadas (50 mm). Os motores el\u00e9tricos s\u00e3o de fabrica\u00e7\u00e3o da empresa brasileira WEG, nos modelos com motor copo a ponta de eixo \u00e9 feita em a\u00e7o-inoxid\u00e1vel.<\/p>\n<p>As motobombas Pentair BPF s\u00e3o certificadas pelo Inmetro conforme Portaria n.\u00ba 455, de 01 de dezembro de 2010 do MINIST\u00c9RIO DO DESENVOLVIMENTO, IND\u00daSTRIA E COM\u00c9RCIO EXTERIOR e do INSTITUTO NACIONAL DE METROLOGIA, NORMALIZA\u00c7\u00c3O E QUALIDADE INDUSTRIAL &#8211; INMETRO. Essa portaria estabelece os crit\u00e9rios para o programa de avalia\u00e7\u00e3o da conformidade para bombas e motobombas centr\u00edfugas, atrav\u00e9s do mecanismo da etiquetagem, para utiliza\u00e7\u00e3o da Etiqueta Nacional de Conserva\u00e7\u00e3o de Energia \u2013 ENCE, atendendo aos requisitos do Programa Brasileiro de Etiquetagem &#8211; PBE. As motobombas Pentair BPF receberam a Etiqueta Nacional de Conserva\u00e7\u00e3o de Energia com CLASSIFICA\u00c7\u00c3O A (Motores Copo) e B (Motores Split Phase de 1,4 CV), ou seja uma motobomba com alt\u00edssima efici\u00eancia energ\u00e9tica.<\/p>\n","protected":false},"excerpt":{"rendered":"<h4>A Piscinaria Sumar\u00e9 \u00e9 especialista em produtos para piscinas.<\/h4>\n<p>\u2013 Fabrica\u00e7\u00e3o pr\u00f3pria de produtos<br \/>\n\u2013 Distribuidora das principais marcas do mercado<br \/>\n\u2013 Especialistas ajudam a escolha do produto ou equipamento ideal<\/p>\n","protected":false},"featured_media":230,"comment_status":"open","ping_status":"closed","template":"","meta":[],"product_brand":[],"product_cat":[29],"product_tag":[84],"class_list":{"0":"post-229","1":"product","2":"type-product","3":"status-publish","4":"has-post-thumbnail","6":"product_cat-bombas-para-piscinas","7":"product_tag-motobomba-bpf-17-1-4-cv-pentair-110-220-v","9":"first","10":"instock","11":"shipping-taxable","12":"product-type-simple"},"_links":{"self":[{"href":"https:\/\/piscinariasumare.com.br\/vitrine\/wp-json\/wp\/v2\/product\/229","targetHints":{"allow":["GET"]}}],"collection":[{"href":"https:\/\/piscinariasumare.com.br\/vitrine\/wp-json\/wp\/v2\/product"}],"about":[{"href":"https:\/\/piscinariasumare.com.br\/vitrine\/wp-json\/wp\/v2\/types\/product"}],"replies":[{"embeddable":true,"href":"https:\/\/piscinariasumare.com.br\/vitrine\/wp-json\/wp\/v2\/comments?post=229"}],"wp:featuredmedia":[{"embeddable":true,"href":"https:\/\/piscinariasumare.com.br\/vitrine\/wp-json\/wp\/v2\/media\/230"}],"wp:attachment":[{"href":"https:\/\/piscinariasumare.com.br\/vitrine\/wp-json\/wp\/v2\/media?parent=229"}],"wp:term":[{"taxonomy":"product_brand","embeddable":true,"href":"https:\/\/piscinariasumare.com.br\/vitrine\/wp-json\/wp\/v2\/product_brand?post=229"},{"taxonomy":"product_cat","embeddable":true,"href":"https:\/\/piscinariasumare.com.br\/vitrine\/wp-json\/wp\/v2\/product_cat?post=229"},{"taxonomy":"product_tag","embeddable":true,"href":"https:\/\/piscinariasumare.com.br\/vitrine\/wp-json\/wp\/v2\/product_tag?post=229"}],"curies":[{"name":"wp","href":"https:\/\/api.w.org\/{rel}","templated":true}]}}