{"id":232,"date":"2025-10-02T11:42:07","date_gmt":"2025-10-02T14:42:07","guid":{"rendered":"https:\/\/piscinariasumare.com.br\/vitrine\/?post_type=product&#038;p=232"},"modified":"2025-10-02T11:42:07","modified_gmt":"2025-10-02T14:42:07","slug":"motobomba-bpf-3-4-cv-pentair-110-220-v","status":"publish","type":"product","link":"https:\/\/piscinariasumare.com.br\/vitrine\/produto\/motobomba-bpf-3-4-cv-pentair-110-220-v\/","title":{"rendered":"Motobomba BPF 3\/4 CV PENTAIR 110\/220 V"},"content":{"rendered":"<h1>Motobomba BPF 3\/4 CV PENTAIR 110\/220 V<\/h1>\n<p>As bombas da Pentair Piscinas\u2122 Linha Pro s\u00e3o a combina\u00e7\u00e3o perfeita para filtros de piscinas. Estas bombas de alto desempenho garantem baixo consumo de energia. Al\u00e9m disso, s\u00e3o a prova de corros\u00e3o, garantindo uma longa vida \u00fatil em compara\u00e7\u00e3o com as da concorr\u00eancia.<\/p>\n<p>As motobombas s\u00e3o silenciosas e inteligentes. Como s\u00e3o autoescorvantes, retiram o ar da tubula\u00e7\u00e3o e da mangueira de suc\u00e7\u00e3o, dispensando o preenchimento com \u00e1gua na hora de aspirar. Um rel\u00ea t\u00e9rmico garante a seguran\u00e7a do motor, que \u00e9 desligado caso falte \u00e1gua. Um cooler refrigera e previne o superaquecimento do motor. A combina\u00e7\u00e3o perfeita para filtros de piscina<\/p>\n<h4>Especifica\u00e7\u00f5es:<\/h4>\n<p>&#8211; Vaz\u00e3o 11 m\u00b3\/h<br \/>\n&#8211; Press\u00e3o 13 m.c.a<br \/>\n&#8211; Pot\u00eancia de 3\/4 cv<br \/>\n&#8211; Regime de giro 3500 rpm<br \/>\n&#8211; Medidas (cm): 0,54 x 0,21 x 0,32<br \/>\n&#8211; Tens\u00e3o El\u00e9trica: Bivolt 110\/220 V Monof\u00e1sico<\/p>\n","protected":false},"excerpt":{"rendered":"<h4>A Piscinaria Sumar\u00e9 \u00e9 especialista em produtos e acess\u00f3rios para piscinas.<\/h4>\n<p>\u2013 Fabrica\u00e7\u00e3o pr\u00f3pria de produtos<br \/>\n\u2013 Distribuidora das principais marcas do mercado<br \/>\n\u2013 Especialistas ajudam a escolha do produto ou equipamento ideal<\/p>\n","protected":false},"featured_media":230,"comment_status":"open","ping_status":"closed","template":"","meta":[],"product_brand":[],"product_cat":[29],"product_tag":[86],"class_list":{"0":"post-232","1":"product","2":"type-product","3":"status-publish","4":"has-post-thumbnail","6":"product_cat-bombas-para-piscinas","7":"product_tag-motobomba-bpf-3-4-cv-pentair-110-220-v","9":"first","10":"instock","11":"shipping-taxable","12":"product-type-simple"},"_links":{"self":[{"href":"https:\/\/piscinariasumare.com.br\/vitrine\/wp-json\/wp\/v2\/product\/232","targetHints":{"allow":["GET"]}}],"collection":[{"href":"https:\/\/piscinariasumare.com.br\/vitrine\/wp-json\/wp\/v2\/product"}],"about":[{"href":"https:\/\/piscinariasumare.com.br\/vitrine\/wp-json\/wp\/v2\/types\/product"}],"replies":[{"embeddable":true,"href":"https:\/\/piscinariasumare.com.br\/vitrine\/wp-json\/wp\/v2\/comments?post=232"}],"wp:featuredmedia":[{"embeddable":true,"href":"https:\/\/piscinariasumare.com.br\/vitrine\/wp-json\/wp\/v2\/media\/230"}],"wp:attachment":[{"href":"https:\/\/piscinariasumare.com.br\/vitrine\/wp-json\/wp\/v2\/media?parent=232"}],"wp:term":[{"taxonomy":"product_brand","embeddable":true,"href":"https:\/\/piscinariasumare.com.br\/vitrine\/wp-json\/wp\/v2\/product_brand?post=232"},{"taxonomy":"product_cat","embeddable":true,"href":"https:\/\/piscinariasumare.com.br\/vitrine\/wp-json\/wp\/v2\/product_cat?post=232"},{"taxonomy":"product_tag","embeddable":true,"href":"https:\/\/piscinariasumare.com.br\/vitrine\/wp-json\/wp\/v2\/product_tag?post=232"}],"curies":[{"name":"wp","href":"https:\/\/api.w.org\/{rel}","templated":true}]}}