{"id":233,"date":"2025-10-02T11:48:29","date_gmt":"2025-10-02T14:48:29","guid":{"rendered":"https:\/\/piscinariasumare.com.br\/vitrine\/?post_type=product&#038;p=233"},"modified":"2025-10-02T11:48:29","modified_gmt":"2025-10-02T14:48:29","slug":"motobomba-lepono-submersivel-lks-1-2-cv-110v","status":"publish","type":"product","link":"https:\/\/piscinariasumare.com.br\/vitrine\/produto\/motobomba-lepono-submersivel-lks-1-2-cv-110v\/","title":{"rendered":"Motobomba Lepono Submers\u00edvel LKS &#8211; 1\/2 CV &#8211; 110v"},"content":{"rendered":"<h1>Motobomba Lepono Submers\u00edvel LKS &#8211; 1\/2 CV &#8211; 110v<\/h1>\n<p><strong>Para pequenas irriga\u00e7\u00f5es, drenagem de equipamentos e cisternas.<\/strong><\/p>\n<h4>Caracter\u00edsticas:<\/h4>\n<p>Motobomba leve e de f\u00e1cil aplica\u00e7\u00e3o, utiliza\u00e7\u00e3o para \u00e1gua limpa e isenta de s\u00f3lidos. Cabo de alimenta\u00e7\u00e3o com 10 metros e boia de controle. (Uso Dom\u00e9stico &#8211; Ocasional).<\/p>\n<h4>Motobomba:<\/h4>\n<p>&#8211; Corpo de pl\u00e1stico.<br \/>\n&#8211; Eixo do motor em inox.<br \/>\n&#8211; Profundidade de imers\u00e3o m\u00e1xima: 5m<br \/>\n&#8211; Temperatura m\u00e1xima +35\u00b0C<br \/>\n&#8211; Boia de controle.<br \/>\n&#8211; 2 Op\u00e7\u00f5es de recalque.<br \/>\n&#8211; Suc\u00e7\u00e3o e recalque: 1\u201d.<\/p>\n<h4>Motor:<\/h4>\n<p>&#8211; Protetor t\u00e9rmico<br \/>\n&#8211; Classe de isola\u00e7\u00e3o: F<br \/>\n&#8211; Classe de prote\u00e7\u00e3o: IPX8<\/p>\n","protected":false},"excerpt":{"rendered":"<h4>A Piscinaria Sumar\u00e9 \u00e9 especialista em produtos e acess\u00f3rios para piscinas.<\/h4>\n<p>\u2013 Fabrica\u00e7\u00e3o pr\u00f3pria de produtos<br \/>\n\u2013 Distribuidora das principais marcas do mercado<br \/>\n\u2013 Especialistas ajudam a escolha do produto ou equipamento ideal<\/p>\n","protected":false},"featured_media":234,"comment_status":"open","ping_status":"closed","template":"","meta":[],"product_brand":[],"product_cat":[29],"product_tag":[87],"class_list":{"0":"post-233","1":"product","2":"type-product","3":"status-publish","4":"has-post-thumbnail","6":"product_cat-bombas-para-piscinas","7":"product_tag-motobomba-lepono-submersivel-lks-1-2-cv-110v","9":"first","10":"instock","11":"shipping-taxable","12":"product-type-simple"},"_links":{"self":[{"href":"https:\/\/piscinariasumare.com.br\/vitrine\/wp-json\/wp\/v2\/product\/233","targetHints":{"allow":["GET"]}}],"collection":[{"href":"https:\/\/piscinariasumare.com.br\/vitrine\/wp-json\/wp\/v2\/product"}],"about":[{"href":"https:\/\/piscinariasumare.com.br\/vitrine\/wp-json\/wp\/v2\/types\/product"}],"replies":[{"embeddable":true,"href":"https:\/\/piscinariasumare.com.br\/vitrine\/wp-json\/wp\/v2\/comments?post=233"}],"wp:featuredmedia":[{"embeddable":true,"href":"https:\/\/piscinariasumare.com.br\/vitrine\/wp-json\/wp\/v2\/media\/234"}],"wp:attachment":[{"href":"https:\/\/piscinariasumare.com.br\/vitrine\/wp-json\/wp\/v2\/media?parent=233"}],"wp:term":[{"taxonomy":"product_brand","embeddable":true,"href":"https:\/\/piscinariasumare.com.br\/vitrine\/wp-json\/wp\/v2\/product_brand?post=233"},{"taxonomy":"product_cat","embeddable":true,"href":"https:\/\/piscinariasumare.com.br\/vitrine\/wp-json\/wp\/v2\/product_cat?post=233"},{"taxonomy":"product_tag","embeddable":true,"href":"https:\/\/piscinariasumare.com.br\/vitrine\/wp-json\/wp\/v2\/product_tag?post=233"}],"curies":[{"name":"wp","href":"https:\/\/api.w.org\/{rel}","templated":true}]}}