{"id":237,"date":"2025-10-02T11:59:56","date_gmt":"2025-10-02T14:59:56","guid":{"rendered":"https:\/\/piscinariasumare.com.br\/vitrine\/?post_type=product&#038;p=237"},"modified":"2025-10-02T12:00:39","modified_gmt":"2025-10-02T15:00:39","slug":"motobomba-lepono-xkp-1-2-cv-220v-lepono","status":"publish","type":"product","link":"https:\/\/piscinariasumare.com.br\/vitrine\/produto\/motobomba-lepono-xkp-1-2-cv-220v-lepono\/","title":{"rendered":"Motobomba Lepono XKP 1\/2 CV &#8211; 220v &#8211; LEPONO"},"content":{"rendered":"<h1>Motobomba Lepono XKP 1\/2 CV &#8211; 220v &#8211; LEPONO<\/h1>\n<p>A bomba Lepono XKP 405 ir\u00e1 garantir que a sua piscina cumpre as condi\u00e7\u00f5es de higiene adequadas. O movimento que exercer\u00e1 sobre a \u00e1gua contida, facilitar\u00e1 a desinfec\u00e7\u00e3o e filtragem de sujeira e res\u00edduos. Voc\u00ea desfrutar\u00e1 de um mergulho agrad\u00e1vel, mergulhado em gotas de cristal!<\/p>\n<h4>Descri\u00e7\u00e3o<\/h4>\n<p>Motobomba para Piscina 1\/3 HP 220V Monof\u00e1sica XKP405 LEPONO<br \/>\nMotobomba Para Piscinas At\u00e9 28.000L Lepono XKP405 1\/3Hp Monof\u00e1sica<br \/>\nA Motobomba de Superf\u00edcie para Piscinas XKP405 da Lepono \u00e9 ideal para utiliza\u00e7\u00e3o em piscinas de pequeno e m\u00e9dio porte.<br \/>\nLeve, compacta e com alta efici\u00eancia, acompanha conex\u00f5es r\u00e1pidas e pr\u00e9-filtro transparente que possibilita a visualiza\u00e7\u00e3o da quantidade de sujeira.<\/p>\n<h4>Conte\u00fado da embalagem:<\/h4>\n<p>1 Motobomba<br \/>\n1 Kit Conex\u00f5es r\u00e1pidas<br \/>\n1 Manual<\/p>\n<h4>DADOS LOG\u00cdSTICOS:<\/h4>\n<p>Dimens\u00f5es aproximadas do produto: 180x 202x 410 mm (L x A x P)<br \/>\nDimens\u00f5es aproximadas da embalagem: 435 x 215x 190 cm (L x A x P)<br \/>\nPeso aproximado do produto: 6,9 Kg<br \/>\nPeso aproximado da embalagem: 7,3 Kg<\/p>\n<p>&#8211; Imagens meramente ilustrativas.<br \/>\n&#8211; Todas as informa\u00e7\u00f5es divulgadas s\u00e3o de responsabilidade do Fabricante\/Fornecedor.<\/p>\n","protected":false},"excerpt":{"rendered":"<h4>A Piscinaria Sumar\u00e9 \u00e9 especialista em produtos e acess\u00f3rios para piscinas.<\/h4>\n<p>\u2013 Fabrica\u00e7\u00e3o pr\u00f3pria de produtos<br \/>\n\u2013 Distribuidora das principais marcas do mercado<br \/>\n\u2013 Especialistas ajudam a escolha do produto ou equipamento ideal<\/p>\n","protected":false},"featured_media":236,"comment_status":"open","ping_status":"closed","template":"","meta":[],"product_brand":[],"product_cat":[29],"product_tag":[89],"class_list":{"0":"post-237","1":"product","2":"type-product","3":"status-publish","4":"has-post-thumbnail","6":"product_cat-bombas-para-piscinas","7":"product_tag-motobomba-lepono-xkp-1-2-cv-220v-lepono","9":"first","10":"instock","11":"shipping-taxable","12":"product-type-simple"},"_links":{"self":[{"href":"https:\/\/piscinariasumare.com.br\/vitrine\/wp-json\/wp\/v2\/product\/237","targetHints":{"allow":["GET"]}}],"collection":[{"href":"https:\/\/piscinariasumare.com.br\/vitrine\/wp-json\/wp\/v2\/product"}],"about":[{"href":"https:\/\/piscinariasumare.com.br\/vitrine\/wp-json\/wp\/v2\/types\/product"}],"replies":[{"embeddable":true,"href":"https:\/\/piscinariasumare.com.br\/vitrine\/wp-json\/wp\/v2\/comments?post=237"}],"wp:featuredmedia":[{"embeddable":true,"href":"https:\/\/piscinariasumare.com.br\/vitrine\/wp-json\/wp\/v2\/media\/236"}],"wp:attachment":[{"href":"https:\/\/piscinariasumare.com.br\/vitrine\/wp-json\/wp\/v2\/media?parent=237"}],"wp:term":[{"taxonomy":"product_brand","embeddable":true,"href":"https:\/\/piscinariasumare.com.br\/vitrine\/wp-json\/wp\/v2\/product_brand?post=237"},{"taxonomy":"product_cat","embeddable":true,"href":"https:\/\/piscinariasumare.com.br\/vitrine\/wp-json\/wp\/v2\/product_cat?post=237"},{"taxonomy":"product_tag","embeddable":true,"href":"https:\/\/piscinariasumare.com.br\/vitrine\/wp-json\/wp\/v2\/product_tag?post=237"}],"curies":[{"name":"wp","href":"https:\/\/api.w.org\/{rel}","templated":true}]}}