{"id":243,"date":"2025-10-02T12:41:20","date_gmt":"2025-10-02T15:41:20","guid":{"rendered":"https:\/\/piscinariasumare.com.br\/vitrine\/?post_type=product&#038;p=243"},"modified":"2025-10-02T12:41:20","modified_gmt":"2025-10-02T15:41:20","slug":"motobomba-xkp-1-cv-220c-lepono","status":"publish","type":"product","link":"https:\/\/piscinariasumare.com.br\/vitrine\/produto\/motobomba-xkp-1-cv-220c-lepono\/","title":{"rendered":"Motobomba XKP 1 CV &#8211; 220C &#8211; LEPONO"},"content":{"rendered":"<h1>Motobomba XKP 1 CV &#8211; 220C &#8211; LEPONO<\/h1>\n<p>Garanta \u00e1gua limpa e cristalina na sua piscina com a Motobomba XKP \u2013 ideal para sistemas de filtragem em piscinas de pequeno e m\u00e9dio porte. Compacta, eficiente e de f\u00e1cil instala\u00e7\u00e3o, conta com pr\u00e9-filtro transparente na suc\u00e7\u00e3o, permitindo a visualiza\u00e7\u00e3o da sujeira acumulada e facilitando a manuten\u00e7\u00e3o.<\/p>\n<p>Fabricada com corpo em pl\u00e1stico resistente (PP), eixo em a\u00e7o carbono SAE 1045 e selo mec\u00e2nico em grafite\/cer\u00e2mica, ela oferece alta durabilidade e desempenho mesmo em uso cont\u00ednuo. Seu motor com protetor t\u00e9rmico, grau de prote\u00e7\u00e3o IPX5 e classe de isola\u00e7\u00e3o F suporta temperaturas de at\u00e9 40\u00b0C, proporcionando seguran\u00e7a e efici\u00eancia.<\/p>\n<h4>Destaques do Produto:<\/h4>\n<p>&#8211; Leve, compacta e de alta efici\u00eancia<br \/>\n&#8211; Pr\u00e9-filtro incorporado e transparente<br \/>\n&#8211; Altura m\u00e1xima de suc\u00e7\u00e3o: 3,5 m<br \/>\n&#8211; Temperatura m\u00e1xima do l\u00edquido: 35\u00b0C<br \/>\n&#8211; Acompanha conex\u00f5es r\u00e1pidas<\/p>\n<p><strong>Ideal para piscinas de pequeno e m\u00e9dio porte<\/strong><\/p>\n<p>Invista em qualidade e praticidade para manter sua piscina sempre pronta para o lazer!<\/p>\n<p><strong>Garantia de f\u00e1brica: 12 meses<\/strong><\/p>\n","protected":false},"excerpt":{"rendered":"<h4>A Piscinaria Sumar\u00e9 \u00e9 especialista em produtos e acess\u00f3rios para piscinas.<\/h4>\n<p>\u2013 Fabrica\u00e7\u00e3o pr\u00f3pria de produtos<br \/>\n\u2013 Distribuidora das principais marcas do mercado<br \/>\n\u2013 Especialistas ajudam a escolha do produto ou equipamento ideal<\/p>\n","protected":false},"featured_media":236,"comment_status":"open","ping_status":"closed","template":"","meta":[],"product_brand":[],"product_cat":[29],"product_tag":[94],"class_list":{"0":"post-243","1":"product","2":"type-product","3":"status-publish","4":"has-post-thumbnail","6":"product_cat-bombas-para-piscinas","7":"product_tag-motobomba-xkp-1-cv-220c-lepono","9":"first","10":"instock","11":"shipping-taxable","12":"product-type-simple"},"_links":{"self":[{"href":"https:\/\/piscinariasumare.com.br\/vitrine\/wp-json\/wp\/v2\/product\/243","targetHints":{"allow":["GET"]}}],"collection":[{"href":"https:\/\/piscinariasumare.com.br\/vitrine\/wp-json\/wp\/v2\/product"}],"about":[{"href":"https:\/\/piscinariasumare.com.br\/vitrine\/wp-json\/wp\/v2\/types\/product"}],"replies":[{"embeddable":true,"href":"https:\/\/piscinariasumare.com.br\/vitrine\/wp-json\/wp\/v2\/comments?post=243"}],"wp:featuredmedia":[{"embeddable":true,"href":"https:\/\/piscinariasumare.com.br\/vitrine\/wp-json\/wp\/v2\/media\/236"}],"wp:attachment":[{"href":"https:\/\/piscinariasumare.com.br\/vitrine\/wp-json\/wp\/v2\/media?parent=243"}],"wp:term":[{"taxonomy":"product_brand","embeddable":true,"href":"https:\/\/piscinariasumare.com.br\/vitrine\/wp-json\/wp\/v2\/product_brand?post=243"},{"taxonomy":"product_cat","embeddable":true,"href":"https:\/\/piscinariasumare.com.br\/vitrine\/wp-json\/wp\/v2\/product_cat?post=243"},{"taxonomy":"product_tag","embeddable":true,"href":"https:\/\/piscinariasumare.com.br\/vitrine\/wp-json\/wp\/v2\/product_tag?post=243"}],"curies":[{"name":"wp","href":"https:\/\/api.w.org\/{rel}","templated":true}]}}