{"id":244,"date":"2025-10-02T12:46:24","date_gmt":"2025-10-02T15:46:24","guid":{"rendered":"https:\/\/piscinariasumare.com.br\/vitrine\/?post_type=product&#038;p=244"},"modified":"2025-10-02T12:46:24","modified_gmt":"2025-10-02T15:46:24","slug":"motobomba-periferica-cp60-1-2-cv-220c-claw","status":"publish","type":"product","link":"https:\/\/piscinariasumare.com.br\/vitrine\/produto\/motobomba-periferica-cp60-1-2-cv-220c-claw\/","title":{"rendered":"Motobomba Perif\u00e9rica CP60 1\/2 CV &#8211; 220C &#8211; CLAW"},"content":{"rendered":"<h1>Motobomba Perif\u00e9rica CP60 1\/2 CV &#8211; 220C &#8211; CLAW<\/h1>\n<p>Recomendada para abastecimento, recalque,<br \/>\npressuriza\u00e7\u00e3o, pequenas irriga\u00e7\u00f5es e recircula\u00e7\u00e3o<br \/>\nde \u00e1gua limpa isenta de s\u00f3lidos.<\/p>\n<h4>Caracter\u00edsticas:<\/h4>\n<p>&#8211; Corpo da bomba em ferro fundido;<br \/>\n&#8211; Rolamento blindado;<br \/>\n&#8211; Rotor perif\u00e9rico em bronze;<br \/>\n&#8211; Protetor t\u00e9rmico;<br \/>\n&#8211; Grau de prote\u00e7\u00e3o: IP44;<br \/>\n&#8211; Selo mec\u00e2nico em grafite cer\u00e2mica buna.<\/p>\n<h4>Desempenho:<\/h4>\n<p>&#8211; Vaz\u00e3o de at\u00e9 30L\/min (1,8m3\/h);<br \/>\n&#8211; Altura manom\u00e9trica total de at\u00e9 19 m.c.a.<\/p>\n<h4>Limites de uso:<\/h4>\n<p>&#8211; Suc\u00e7\u00e3o m\u00e1xima: 8 metros;<br \/>\n&#8211; Temperatura ambiente: m\u00e1x. +40\u00b0C;<br \/>\n&#8211; Temperatura do l\u00edquido: m\u00e1x. +40\u00b0C;<br \/>\n&#8211; pH do l\u00edquido 6-8;<br \/>\n&#8211; Tens\u00e3o 1~127V ou 220V.<\/p>\n","protected":false},"excerpt":{"rendered":"<h4>A Piscinaria Sumar\u00e9 \u00e9 especialista em produtos e acess\u00f3rios para piscinas.<\/h4>\n<p>\u2013 Fabrica\u00e7\u00e3o pr\u00f3pria de produtos<br \/>\n\u2013 Distribuidora das principais marcas do mercado<br \/>\n\u2013 Especialistas ajudam a escolha do produto ou equipamento ideal<\/p>\n","protected":false},"featured_media":245,"comment_status":"open","ping_status":"closed","template":"","meta":[],"product_brand":[],"product_cat":[29],"product_tag":[95],"class_list":{"0":"post-244","1":"product","2":"type-product","3":"status-publish","4":"has-post-thumbnail","6":"product_cat-bombas-para-piscinas","7":"product_tag-motobomba-periferica-cp60-1-2-cv-220c-claw","9":"first","10":"instock","11":"shipping-taxable","12":"product-type-simple"},"_links":{"self":[{"href":"https:\/\/piscinariasumare.com.br\/vitrine\/wp-json\/wp\/v2\/product\/244","targetHints":{"allow":["GET"]}}],"collection":[{"href":"https:\/\/piscinariasumare.com.br\/vitrine\/wp-json\/wp\/v2\/product"}],"about":[{"href":"https:\/\/piscinariasumare.com.br\/vitrine\/wp-json\/wp\/v2\/types\/product"}],"replies":[{"embeddable":true,"href":"https:\/\/piscinariasumare.com.br\/vitrine\/wp-json\/wp\/v2\/comments?post=244"}],"wp:featuredmedia":[{"embeddable":true,"href":"https:\/\/piscinariasumare.com.br\/vitrine\/wp-json\/wp\/v2\/media\/245"}],"wp:attachment":[{"href":"https:\/\/piscinariasumare.com.br\/vitrine\/wp-json\/wp\/v2\/media?parent=244"}],"wp:term":[{"taxonomy":"product_brand","embeddable":true,"href":"https:\/\/piscinariasumare.com.br\/vitrine\/wp-json\/wp\/v2\/product_brand?post=244"},{"taxonomy":"product_cat","embeddable":true,"href":"https:\/\/piscinariasumare.com.br\/vitrine\/wp-json\/wp\/v2\/product_cat?post=244"},{"taxonomy":"product_tag","embeddable":true,"href":"https:\/\/piscinariasumare.com.br\/vitrine\/wp-json\/wp\/v2\/product_tag?post=244"}],"curies":[{"name":"wp","href":"https:\/\/api.w.org\/{rel}","templated":true}]}}