{"id":251,"date":"2025-10-02T15:46:04","date_gmt":"2025-10-02T18:46:04","guid":{"rendered":"https:\/\/piscinariasumare.com.br\/vitrine\/?post_type=product&#038;p=251"},"modified":"2025-10-02T15:46:04","modified_gmt":"2025-10-02T18:46:04","slug":"motobomba-veico-pro-1-cv","status":"publish","type":"product","link":"https:\/\/piscinariasumare.com.br\/vitrine\/produto\/motobomba-veico-pro-1-cv\/","title":{"rendered":"Motobomba Veico &#8211; PRO 1 CV"},"content":{"rendered":"<h1>Motobomba Veico &#8211; PRO 1 CV<\/h1>\n<p>Equipamentos monof\u00e1sicos normalmente s\u00e3o utilizados em resid\u00eancias, necessitam de 2 cabos de alimenta\u00e7\u00e3o. Confira sua rede el\u00e9trica antes de adquirir o equipamento.<\/p>\n<p>Se voc\u00ea possui uma piscina em casa, sabe como \u00e9 importante mant\u00ea-la limpa e bem-cuidada. E para isso, voc\u00ea precisa de equipamentos de qualidade, como a <strong>Bomba Piscina Fluidra Veico Pro 1 CV<\/strong> Monof\u00e1sico 110\/220V.<\/p>\n<p>Esta motobomba \u00e9 autoescorvante, o que significa que \u00e9 f\u00e1cil de instalar e usar. Al\u00e9m disso, possui um conjunto de parafusos em a\u00e7o inox e conex\u00f5es de 50mm, garantindo uma vida \u00fatil mais longa e resist\u00eancia \u00e0 corros\u00e3o.<\/p>\n<p>O corpo e o difusor da motobomba s\u00e3o produzidos com pl\u00e1stico de engenharia e o rotor em Noryl, um material de alta qualidade que garante o melhor desempenho. O isolamento do motor \u00e9 de classe F, o que significa que suporta temperaturas de at\u00e9 155\u00b0C, com grau de prote\u00e7\u00e3o IP-21, projetada para suportar subtens\u00e3o e sobretens\u00e3o (110 \u00e0 127V e 220 \u00e0 254V), fator de servi\u00e7o de at\u00e9 1,15.<\/p>\n<p>Com uma pot\u00eancia de 1 cv e tens\u00e3o de 110\/220v, a Bomba Piscina Fluidra Veico Pro \u00e9 a escolha ideal para manter a sua piscina sempre limpa e em perfeito estado. N\u00e3o perca mais tempo e adquira agora mesmo este equipamento de qualidade e efici\u00eancia comprovadas. Invista na sua piscina e aproveite momentos incr\u00edveis com a sua fam\u00edlia e amigos.<\/p>\n<p>&#8211; Pot\u00eancia: 1CV<br \/>\n&#8211; Tipo de motor: Monof\u00e1sico<br \/>\n&#8211; Tens\u00e3o: 110\/220v (bivolt)<br \/>\n&#8211; Autoescorvante: Sim<br \/>\n&#8211; Conex\u00f5es: 50mm<br \/>\n&#8211; Corpo e difusor: Pl\u00e1stico de engenharia<br \/>\n&#8211; Rotor: Noryl<br \/>\n&#8211; Isolamento do motor: Classe F<br \/>\n&#8211; Grau de prote\u00e7\u00e3o: IP-21<br \/>\n&#8211; Fator de servi\u00e7o: At\u00e9 1,15<br \/>\n&#8211; Suporta subtens\u00e3o e sobretens\u00e3o: 110 \u00e0 127V e 220 \u00e0 254V<\/p>\n<h4>Garantia<\/h4>\n<p><strong>O pedido acompanha nota fiscal e garantia de 12 meses do fabricante contra defeito de fabrica\u00e7\u00e3o.<\/strong><\/p>\n","protected":false},"excerpt":{"rendered":"<h4>A Piscinaria Sumar\u00e9 \u00e9 especialista em produtos e acess\u00f3rios para piscinas.<\/h4>\n<p>\u2013 Fabrica\u00e7\u00e3o pr\u00f3pria de produtos<br \/>\n\u2013 Distribuidora das principais marcas do mercado<br \/>\n\u2013 Especialistas ajudam a escolha do produto ou equipamento ideal<\/p>\n","protected":false},"featured_media":252,"comment_status":"open","ping_status":"closed","template":"","meta":[],"product_brand":[],"product_cat":[29],"product_tag":[99],"class_list":{"0":"post-251","1":"product","2":"type-product","3":"status-publish","4":"has-post-thumbnail","6":"product_cat-bombas-para-piscinas","7":"product_tag-motobomba-veico-pro-1-cv","9":"first","10":"instock","11":"shipping-taxable","12":"product-type-simple"},"_links":{"self":[{"href":"https:\/\/piscinariasumare.com.br\/vitrine\/wp-json\/wp\/v2\/product\/251","targetHints":{"allow":["GET"]}}],"collection":[{"href":"https:\/\/piscinariasumare.com.br\/vitrine\/wp-json\/wp\/v2\/product"}],"about":[{"href":"https:\/\/piscinariasumare.com.br\/vitrine\/wp-json\/wp\/v2\/types\/product"}],"replies":[{"embeddable":true,"href":"https:\/\/piscinariasumare.com.br\/vitrine\/wp-json\/wp\/v2\/comments?post=251"}],"wp:featuredmedia":[{"embeddable":true,"href":"https:\/\/piscinariasumare.com.br\/vitrine\/wp-json\/wp\/v2\/media\/252"}],"wp:attachment":[{"href":"https:\/\/piscinariasumare.com.br\/vitrine\/wp-json\/wp\/v2\/media?parent=251"}],"wp:term":[{"taxonomy":"product_brand","embeddable":true,"href":"https:\/\/piscinariasumare.com.br\/vitrine\/wp-json\/wp\/v2\/product_brand?post=251"},{"taxonomy":"product_cat","embeddable":true,"href":"https:\/\/piscinariasumare.com.br\/vitrine\/wp-json\/wp\/v2\/product_cat?post=251"},{"taxonomy":"product_tag","embeddable":true,"href":"https:\/\/piscinariasumare.com.br\/vitrine\/wp-json\/wp\/v2\/product_tag?post=251"}],"curies":[{"name":"wp","href":"https:\/\/api.w.org\/{rel}","templated":true}]}}