{"id":259,"date":"2025-10-03T08:55:05","date_gmt":"2025-10-03T11:55:05","guid":{"rendered":"https:\/\/piscinariasumare.com.br\/vitrine\/?post_type=product&#038;p=259"},"modified":"2025-10-03T08:55:05","modified_gmt":"2025-10-03T11:55:05","slug":"sal-moido-sem-iodo-25-kg","status":"publish","type":"product","link":"https:\/\/piscinariasumare.com.br\/vitrine\/produto\/sal-moido-sem-iodo-25-kg\/","title":{"rendered":"Sal mo\u00eddo sem iodo &#8211; 25 kg"},"content":{"rendered":"<h1>Sal mo\u00eddo sem iodo &#8211; 25 kg<\/h1>\n<p>O Sal Mo\u00eddo sem Iodo da Sosal, produzido no parque salineiro da Cimsal, \u00e9 obtido naturalmente pela evapora\u00e7\u00e3o da \u00e1gua do mar.<\/p>\n<p>Sendo a Cimsal, produtora de sal marinho no Brasil, o Sosal Marinho \u00e9 a garantia de um produto de origem e qualidade comprovada.<\/p>\n<p><strong>Destinado para uso Industria, Agro, Piscina Dentre outros;<\/strong><\/p>\n<p>&#8211; Conte\u00fado 25 kg;<br \/>\n&#8211; Tipo: Sal Mo\u00eddo sem Iodo;<\/p>\n","protected":false},"excerpt":{"rendered":"<h4>A Piscinaria Sumar\u00e9 \u00e9 especialista em produtos e acess\u00f3rios para piscinas.<\/h4>\n<p>\u2013 Fabrica\u00e7\u00e3o pr\u00f3pria de produtos<br \/>\n\u2013 Distribuidora das principais marcas do mercado<br \/>\n\u2013 Especialistas ajudam a escolha do produto ou equipamento ideal<\/p>\n","protected":false},"featured_media":260,"comment_status":"open","ping_status":"closed","template":"","meta":[],"product_brand":[],"product_cat":[16],"product_tag":[103],"class_list":{"0":"post-259","1":"product","2":"type-product","3":"status-publish","4":"has-post-thumbnail","6":"product_cat-acessorios-limpeza","7":"product_tag-sal-moido-sem-iodo","9":"first","10":"instock","11":"shipping-taxable","12":"product-type-simple"},"_links":{"self":[{"href":"https:\/\/piscinariasumare.com.br\/vitrine\/wp-json\/wp\/v2\/product\/259","targetHints":{"allow":["GET"]}}],"collection":[{"href":"https:\/\/piscinariasumare.com.br\/vitrine\/wp-json\/wp\/v2\/product"}],"about":[{"href":"https:\/\/piscinariasumare.com.br\/vitrine\/wp-json\/wp\/v2\/types\/product"}],"replies":[{"embeddable":true,"href":"https:\/\/piscinariasumare.com.br\/vitrine\/wp-json\/wp\/v2\/comments?post=259"}],"wp:featuredmedia":[{"embeddable":true,"href":"https:\/\/piscinariasumare.com.br\/vitrine\/wp-json\/wp\/v2\/media\/260"}],"wp:attachment":[{"href":"https:\/\/piscinariasumare.com.br\/vitrine\/wp-json\/wp\/v2\/media?parent=259"}],"wp:term":[{"taxonomy":"product_brand","embeddable":true,"href":"https:\/\/piscinariasumare.com.br\/vitrine\/wp-json\/wp\/v2\/product_brand?post=259"},{"taxonomy":"product_cat","embeddable":true,"href":"https:\/\/piscinariasumare.com.br\/vitrine\/wp-json\/wp\/v2\/product_cat?post=259"},{"taxonomy":"product_tag","embeddable":true,"href":"https:\/\/piscinariasumare.com.br\/vitrine\/wp-json\/wp\/v2\/product_tag?post=259"}],"curies":[{"name":"wp","href":"https:\/\/api.w.org\/{rel}","templated":true}]}}