{"id":261,"date":"2025-10-03T09:00:13","date_gmt":"2025-10-03T12:00:13","guid":{"rendered":"https:\/\/piscinariasumare.com.br\/vitrine\/?post_type=product&#038;p=261"},"modified":"2025-10-03T09:00:24","modified_gmt":"2025-10-03T12:00:24","slug":"aspirador-com-venturi","status":"publish","type":"product","link":"https:\/\/piscinariasumare.com.br\/vitrine\/produto\/aspirador-com-venturi\/","title":{"rendered":"Aspirador com venturi"},"content":{"rendered":"<h1>Aspirador com venturi<\/h1>\n<p>O Aspirador com Venturi \u00e9 uma solu\u00e7\u00e3o pr\u00e1tica e eficaz para a limpeza de piscinas remov\u00edveis, SPAs ou fontes. Este aspirador utiliza o princ\u00edpio do venturi para remover sujeira e detritos da \u00e1gua, sem a necessidade de uma bomba de aspira\u00e7\u00e3o.<\/p>\n<p>Este aspirador \u00e9 acompanhado por um cabo telesc\u00f3pico de 1,20\u00a0metros, proporcionando alcance suficiente para limpar \u00e1reas de dif\u00edcil acesso. Destinado a ser usado com um saco de rede, o Aspirador com Venturi \u00e9 ligado \u00e0 mangueira de jardim, onde a press\u00e3o da \u00e1gua cria um efeito venturi dentro do aspirador, empurrando a sujeira diretamente para o saco de rede.<\/p>\n<p>\u00c9 importante notar que este aspirador \u00e9 ideal para piscinas de lona ou piscinas pequenas, pois n\u00e3o requer uma bomba de aspira\u00e7\u00e3o. Ele \u00e9 projetado para aspirar apenas sujeira s\u00f3lida depositada no saco de rede, n\u00e3o sendo adequado para decanta\u00e7\u00e3o.<\/p>\n","protected":false},"excerpt":{"rendered":"<h4>A Piscinaria Sumar\u00e9 \u00e9 especialista em produtos e acess\u00f3rios para piscinas.<\/h4>\n<p>\u2013 Fabrica\u00e7\u00e3o pr\u00f3pria de produtos<br \/>\n\u2013 Distribuidora das principais marcas do mercado<br \/>\n\u2013 Especialistas ajudam a escolha do produto ou equipamento ideal<\/p>\n","protected":false},"featured_media":262,"comment_status":"open","ping_status":"closed","template":"","meta":[],"product_brand":[],"product_cat":[16],"product_tag":[104],"class_list":{"0":"post-261","1":"product","2":"type-product","3":"status-publish","4":"has-post-thumbnail","6":"product_cat-acessorios-limpeza","7":"product_tag-aspirador-com-venturi","9":"first","10":"instock","11":"shipping-taxable","12":"product-type-simple"},"_links":{"self":[{"href":"https:\/\/piscinariasumare.com.br\/vitrine\/wp-json\/wp\/v2\/product\/261","targetHints":{"allow":["GET"]}}],"collection":[{"href":"https:\/\/piscinariasumare.com.br\/vitrine\/wp-json\/wp\/v2\/product"}],"about":[{"href":"https:\/\/piscinariasumare.com.br\/vitrine\/wp-json\/wp\/v2\/types\/product"}],"replies":[{"embeddable":true,"href":"https:\/\/piscinariasumare.com.br\/vitrine\/wp-json\/wp\/v2\/comments?post=261"}],"wp:featuredmedia":[{"embeddable":true,"href":"https:\/\/piscinariasumare.com.br\/vitrine\/wp-json\/wp\/v2\/media\/262"}],"wp:attachment":[{"href":"https:\/\/piscinariasumare.com.br\/vitrine\/wp-json\/wp\/v2\/media?parent=261"}],"wp:term":[{"taxonomy":"product_brand","embeddable":true,"href":"https:\/\/piscinariasumare.com.br\/vitrine\/wp-json\/wp\/v2\/product_brand?post=261"},{"taxonomy":"product_cat","embeddable":true,"href":"https:\/\/piscinariasumare.com.br\/vitrine\/wp-json\/wp\/v2\/product_cat?post=261"},{"taxonomy":"product_tag","embeddable":true,"href":"https:\/\/piscinariasumare.com.br\/vitrine\/wp-json\/wp\/v2\/product_tag?post=261"}],"curies":[{"name":"wp","href":"https:\/\/api.w.org\/{rel}","templated":true}]}}