{"id":265,"date":"2025-10-03T09:34:31","date_gmt":"2025-10-03T12:34:31","guid":{"rendered":"https:\/\/piscinariasumare.com.br\/vitrine\/?post_type=product&#038;p=265"},"modified":"2025-10-03T09:34:31","modified_gmt":"2025-10-03T12:34:31","slug":"aspirador-jumbo-com-3-rodas-e-escovas-netuno","status":"publish","type":"product","link":"https:\/\/piscinariasumare.com.br\/vitrine\/produto\/aspirador-jumbo-com-3-rodas-e-escovas-netuno\/","title":{"rendered":"Aspirador Jumbo com 3 rodas e Escovas Netuno"},"content":{"rendered":"<h1>Aspirador Jumbo com 3 rodas e Escovas Netuno<\/h1>\n<p>O tratamento f\u00edsico da piscina \u00e9 imprescind\u00edvel e proporciona a economia dos produtos qu\u00edmicos, pois a escova\u00e7\u00e3o promove a remo\u00e7\u00e3o das algas e a aspira\u00e7\u00e3o promove a retirada da sujeira depositada no fundo da piscina.<\/p>\n<p>Aspirador Jumbo 3 Rodas com Escova NETUNO, aspira\u00e7\u00e3o e escova\u00e7\u00e3o em um s\u00f3 produto.<\/p>\n<p>Roletes com regulagem de altura, garantindo maior durabilidade das cerdas.<\/p>\n<p>Produto exclusivo confeccionado com material virgem de excelente qualidade e preenchido com concreto ecol\u00f3gico, que evita a oxida\u00e7\u00e3o e conseq\u00fcentemente a probabilidade de manchas na piscina (n\u00e3o utilizamos ferro ou chumbo no preenchimento do aspirador).<\/p>\n<p>Aspirador injetado em termopl\u00e1stico, com peso aproximado de 2 kg, 3 rodas com ajuste de altura e escova. Utiliza parafusos em a\u00e7o INOX.<\/p>\n<p>Permite a substitui\u00e7\u00e3o da base sem que haja a troca total do acess\u00f3rio.<\/p>\n","protected":false},"excerpt":{"rendered":"<h4>A Piscinaria Sumar\u00e9 \u00e9 especialista em produtos e acess\u00f3rios para piscinas.<\/h4>\n<p>\u2013 Fabrica\u00e7\u00e3o pr\u00f3pria de produtos<br \/>\n\u2013 Distribuidora das principais marcas do mercado<br \/>\n\u2013 Especialistas ajudam a escolha do produto ou equipamento ideal<\/p>\n","protected":false},"featured_media":266,"comment_status":"open","ping_status":"closed","template":"","meta":[],"product_brand":[],"product_cat":[16],"product_tag":[106],"class_list":{"0":"post-265","1":"product","2":"type-product","3":"status-publish","4":"has-post-thumbnail","6":"product_cat-acessorios-limpeza","7":"product_tag-aspirador-jumbo-com-3-rodas-e-escovas-netuno","9":"first","10":"instock","11":"shipping-taxable","12":"product-type-simple"},"_links":{"self":[{"href":"https:\/\/piscinariasumare.com.br\/vitrine\/wp-json\/wp\/v2\/product\/265","targetHints":{"allow":["GET"]}}],"collection":[{"href":"https:\/\/piscinariasumare.com.br\/vitrine\/wp-json\/wp\/v2\/product"}],"about":[{"href":"https:\/\/piscinariasumare.com.br\/vitrine\/wp-json\/wp\/v2\/types\/product"}],"replies":[{"embeddable":true,"href":"https:\/\/piscinariasumare.com.br\/vitrine\/wp-json\/wp\/v2\/comments?post=265"}],"wp:featuredmedia":[{"embeddable":true,"href":"https:\/\/piscinariasumare.com.br\/vitrine\/wp-json\/wp\/v2\/media\/266"}],"wp:attachment":[{"href":"https:\/\/piscinariasumare.com.br\/vitrine\/wp-json\/wp\/v2\/media?parent=265"}],"wp:term":[{"taxonomy":"product_brand","embeddable":true,"href":"https:\/\/piscinariasumare.com.br\/vitrine\/wp-json\/wp\/v2\/product_brand?post=265"},{"taxonomy":"product_cat","embeddable":true,"href":"https:\/\/piscinariasumare.com.br\/vitrine\/wp-json\/wp\/v2\/product_cat?post=265"},{"taxonomy":"product_tag","embeddable":true,"href":"https:\/\/piscinariasumare.com.br\/vitrine\/wp-json\/wp\/v2\/product_tag?post=265"}],"curies":[{"name":"wp","href":"https:\/\/api.w.org\/{rel}","templated":true}]}}