{"id":267,"date":"2025-10-03T09:40:19","date_gmt":"2025-10-03T12:40:19","guid":{"rendered":"https:\/\/piscinariasumare.com.br\/vitrine\/?post_type=product&#038;p=267"},"modified":"2025-10-03T09:40:19","modified_gmt":"2025-10-03T12:40:19","slug":"aspirador-para-piscina-esfera","status":"publish","type":"product","link":"https:\/\/piscinariasumare.com.br\/vitrine\/produto\/aspirador-para-piscina-esfera\/","title":{"rendered":"Aspirador para piscina esfera"},"content":{"rendered":"<h1>Aspirador para piscina esfera<\/h1>\n<p>O tratamento f\u00edsico da piscina \u00e9 essencial e proporciona economia de produtos qu\u00edmicos, pois a aspira\u00e7\u00e3o remove a sujeira depositada no fundo.<\/p>\n<p>O Aspirador Esfera oferece ampla movimenta\u00e7\u00e3o em todas as dire\u00e7\u00f5es sem exigir esfor\u00e7o do usu\u00e1rio.<\/p>\n<p>Com seu formato aerodin\u00e2mico, facilita a remo\u00e7\u00e3o da sujeira ap\u00f3s a decanta\u00e7\u00e3o, causando m\u00ednima movimenta\u00e7\u00e3o da \u00e1gua.<\/p>\n<p>Confeccionado em termopl\u00e1stico (ABS) injetado, \u00e9 adequado para piscinas de fibra e de alvenaria, com material de excelente qualidade.<\/p>\n","protected":false},"excerpt":{"rendered":"<h4>A Piscinaria Sumar\u00e9 \u00e9 especialista em produtos e acess\u00f3rios para piscinas.<\/h4>\n<p>\u2013 Fabrica\u00e7\u00e3o pr\u00f3pria de produtos<br \/>\n\u2013 Distribuidora das principais marcas do mercado<br \/>\n\u2013 Especialistas ajudam a escolha do produto ou equipamento ideal<\/p>\n","protected":false},"featured_media":268,"comment_status":"open","ping_status":"closed","template":"","meta":[],"product_brand":[],"product_cat":[16],"product_tag":[107],"class_list":{"0":"post-267","1":"product","2":"type-product","3":"status-publish","4":"has-post-thumbnail","6":"product_cat-acessorios-limpeza","7":"product_tag-aspirador-para-piscina-esfera","9":"first","10":"instock","11":"shipping-taxable","12":"product-type-simple"},"_links":{"self":[{"href":"https:\/\/piscinariasumare.com.br\/vitrine\/wp-json\/wp\/v2\/product\/267","targetHints":{"allow":["GET"]}}],"collection":[{"href":"https:\/\/piscinariasumare.com.br\/vitrine\/wp-json\/wp\/v2\/product"}],"about":[{"href":"https:\/\/piscinariasumare.com.br\/vitrine\/wp-json\/wp\/v2\/types\/product"}],"replies":[{"embeddable":true,"href":"https:\/\/piscinariasumare.com.br\/vitrine\/wp-json\/wp\/v2\/comments?post=267"}],"wp:featuredmedia":[{"embeddable":true,"href":"https:\/\/piscinariasumare.com.br\/vitrine\/wp-json\/wp\/v2\/media\/268"}],"wp:attachment":[{"href":"https:\/\/piscinariasumare.com.br\/vitrine\/wp-json\/wp\/v2\/media?parent=267"}],"wp:term":[{"taxonomy":"product_brand","embeddable":true,"href":"https:\/\/piscinariasumare.com.br\/vitrine\/wp-json\/wp\/v2\/product_brand?post=267"},{"taxonomy":"product_cat","embeddable":true,"href":"https:\/\/piscinariasumare.com.br\/vitrine\/wp-json\/wp\/v2\/product_cat?post=267"},{"taxonomy":"product_tag","embeddable":true,"href":"https:\/\/piscinariasumare.com.br\/vitrine\/wp-json\/wp\/v2\/product_tag?post=267"}],"curies":[{"name":"wp","href":"https:\/\/api.w.org\/{rel}","templated":true}]}}