{"id":274,"date":"2025-10-03T09:57:32","date_gmt":"2025-10-03T12:57:32","guid":{"rendered":"https:\/\/piscinariasumare.com.br\/vitrine\/?post_type=product&#038;p=274"},"modified":"2025-10-03T09:57:32","modified_gmt":"2025-10-03T12:57:32","slug":"aspirador-8-rodas-para-piscinas","status":"publish","type":"product","link":"https:\/\/piscinariasumare.com.br\/vitrine\/produto\/aspirador-8-rodas-para-piscinas\/","title":{"rendered":"Aspirador 8 rodas para piscinas"},"content":{"rendered":"<h1>Aspirador 8 rodas para piscinas<\/h1>\n<p>Aspirador para Piscina 8 Rodas Flex\u00edvel<br \/>\nA limpeza e manuten\u00e7\u00e3o s\u00e3o processos essenciais para manter a sua piscina bem conservada. Ele \u00e9 feito de um material resistente e flex\u00edvel, al\u00e9m de ser ideal para piscinas de fibra e de alvenaria.<\/p>\n<p><strong>Diferencial:<\/strong><\/p>\n<p>O aspirador para piscinas tem 35 cm de comprimento. Ele conta com oito rodas que facilitam sua movimenta\u00e7\u00e3o, distribu\u00eddas igualmente dos dois lados. Tem um engate r\u00e1pido e \u00e9 capaz de aspirar folhas, algas, gravetos e quaisquer outros res\u00edduos que possam cair no fundo da piscina. Realiza uma limpeza r\u00e1pida e eficiente, al\u00e9m de poder ser manipulado por uma pessoa leiga sem dificuldade. A embalagem cont\u00e9m uma unidade do aspirador e n\u00e3o acompanha cabo ou demais acess\u00f3rios.<br \/>\nVantagens do Aspirador para Piscina 8 Rodas Flex\u00edvel.<\/p>\n<p><strong>CARACTER\u00cdSTICAS<\/strong><br \/>\n&#8211; Produto flex\u00edvel e eficiente na limpeza de res\u00edduos.<br \/>\n&#8211; Conta com 8 rodas que facilitam a movimenta\u00e7\u00e3o.<br \/>\n&#8211; O Aspirador para Piscina 8 Rodas Flex\u00edvel \u00e9 feito de pl\u00e1stico resistente e duradouro.<br \/>\n&#8211; F\u00e1cil manuseio.<\/p>\n","protected":false},"excerpt":{"rendered":"<h4>A Piscinaria Sumar\u00e9 \u00e9 especialista em produtos e acess\u00f3rios para piscinas.<\/h4>\n<p>\u2013 Fabrica\u00e7\u00e3o pr\u00f3pria de produtos<br \/>\n\u2013 Distribuidora das principais marcas do mercado<br \/>\n\u2013 Especialistas ajudam a escolha do produto ou equipamento ideal<\/p>\n","protected":false},"featured_media":275,"comment_status":"open","ping_status":"closed","template":"","meta":[],"product_brand":[],"product_cat":[16],"product_tag":[110],"class_list":{"0":"post-274","1":"product","2":"type-product","3":"status-publish","4":"has-post-thumbnail","6":"product_cat-acessorios-limpeza","7":"product_tag-aspirador-8-rodas-para-piscinas","9":"first","10":"instock","11":"shipping-taxable","12":"product-type-simple"},"_links":{"self":[{"href":"https:\/\/piscinariasumare.com.br\/vitrine\/wp-json\/wp\/v2\/product\/274","targetHints":{"allow":["GET"]}}],"collection":[{"href":"https:\/\/piscinariasumare.com.br\/vitrine\/wp-json\/wp\/v2\/product"}],"about":[{"href":"https:\/\/piscinariasumare.com.br\/vitrine\/wp-json\/wp\/v2\/types\/product"}],"replies":[{"embeddable":true,"href":"https:\/\/piscinariasumare.com.br\/vitrine\/wp-json\/wp\/v2\/comments?post=274"}],"wp:featuredmedia":[{"embeddable":true,"href":"https:\/\/piscinariasumare.com.br\/vitrine\/wp-json\/wp\/v2\/media\/275"}],"wp:attachment":[{"href":"https:\/\/piscinariasumare.com.br\/vitrine\/wp-json\/wp\/v2\/media?parent=274"}],"wp:term":[{"taxonomy":"product_brand","embeddable":true,"href":"https:\/\/piscinariasumare.com.br\/vitrine\/wp-json\/wp\/v2\/product_brand?post=274"},{"taxonomy":"product_cat","embeddable":true,"href":"https:\/\/piscinariasumare.com.br\/vitrine\/wp-json\/wp\/v2\/product_cat?post=274"},{"taxonomy":"product_tag","embeddable":true,"href":"https:\/\/piscinariasumare.com.br\/vitrine\/wp-json\/wp\/v2\/product_tag?post=274"}],"curies":[{"name":"wp","href":"https:\/\/api.w.org\/{rel}","templated":true}]}}