{"id":276,"date":"2025-10-03T10:02:47","date_gmt":"2025-10-03T13:02:47","guid":{"rendered":"https:\/\/piscinariasumare.com.br\/vitrine\/?post_type=product&#038;p=276"},"modified":"2025-10-03T10:02:47","modified_gmt":"2025-10-03T13:02:47","slug":"cabinho-para-aspirador","status":"publish","type":"product","link":"https:\/\/piscinariasumare.com.br\/vitrine\/produto\/cabinho-para-aspirador\/","title":{"rendered":"Cabinho para aspirador"},"content":{"rendered":"<h1>Cabinho para aspirador<\/h1>\n<p>Este dispositivo serve para adaptar o encaixe do cabo telesc\u00f3pico no aspirador, permitindo efetuar a limpeza da piscina.<\/p>\n<p>&#8211; Kit cabinho completo para aspiradores.<br \/>\n&#8211; Material: abs;<br \/>\n&#8211; Cont\u00e9m: 01 cabinho + 02 pinos para aspiradores grandes + 02 pinos para aspiradores pequenos + 01 clip em &#8220;v&#8221; para fixa\u00e7\u00e3o.<br \/>\n&#8211; Instala\u00e7\u00e3o: simples, basta colocar o pino adequado ao seu aspirador sodramar e efetuar o encaixe.<\/p>\n","protected":false},"excerpt":{"rendered":"<h4>A Piscinaria Sumar\u00e9 \u00e9 especialista em produtos e acess\u00f3rios para piscinas.<\/h4>\n<p>\u2013 Fabrica\u00e7\u00e3o pr\u00f3pria de produtos<br \/>\n\u2013 Distribuidora das principais marcas do mercado<br \/>\n\u2013 Especialistas ajudam a escolha do produto ou equipamento ideal<\/p>\n","protected":false},"featured_media":277,"comment_status":"open","ping_status":"closed","template":"","meta":[],"product_brand":[],"product_cat":[16],"product_tag":[111],"class_list":{"0":"post-276","1":"product","2":"type-product","3":"status-publish","4":"has-post-thumbnail","6":"product_cat-acessorios-limpeza","7":"product_tag-cabinho-para-aspirador","9":"first","10":"instock","11":"shipping-taxable","12":"product-type-simple"},"_links":{"self":[{"href":"https:\/\/piscinariasumare.com.br\/vitrine\/wp-json\/wp\/v2\/product\/276","targetHints":{"allow":["GET"]}}],"collection":[{"href":"https:\/\/piscinariasumare.com.br\/vitrine\/wp-json\/wp\/v2\/product"}],"about":[{"href":"https:\/\/piscinariasumare.com.br\/vitrine\/wp-json\/wp\/v2\/types\/product"}],"replies":[{"embeddable":true,"href":"https:\/\/piscinariasumare.com.br\/vitrine\/wp-json\/wp\/v2\/comments?post=276"}],"wp:featuredmedia":[{"embeddable":true,"href":"https:\/\/piscinariasumare.com.br\/vitrine\/wp-json\/wp\/v2\/media\/277"}],"wp:attachment":[{"href":"https:\/\/piscinariasumare.com.br\/vitrine\/wp-json\/wp\/v2\/media?parent=276"}],"wp:term":[{"taxonomy":"product_brand","embeddable":true,"href":"https:\/\/piscinariasumare.com.br\/vitrine\/wp-json\/wp\/v2\/product_brand?post=276"},{"taxonomy":"product_cat","embeddable":true,"href":"https:\/\/piscinariasumare.com.br\/vitrine\/wp-json\/wp\/v2\/product_cat?post=276"},{"taxonomy":"product_tag","embeddable":true,"href":"https:\/\/piscinariasumare.com.br\/vitrine\/wp-json\/wp\/v2\/product_tag?post=276"}],"curies":[{"name":"wp","href":"https:\/\/api.w.org\/{rel}","templated":true}]}}