{"id":278,"date":"2025-10-03T10:15:03","date_gmt":"2025-10-03T13:15:03","guid":{"rendered":"https:\/\/piscinariasumare.com.br\/vitrine\/?post_type=product&#038;p=278"},"modified":"2025-10-03T10:15:47","modified_gmt":"2025-10-03T13:15:47","slug":"cabo-telescopico-6mts","status":"publish","type":"product","link":"https:\/\/piscinariasumare.com.br\/vitrine\/produto\/cabo-telescopico-6mts\/","title":{"rendered":"Cabo telesc\u00f3pico 6mts"},"content":{"rendered":"<h1>Cabo telesc\u00f3pico DE 2 a 6mts<\/h1>\n<p>O Cabo Extensor \u00e9 em alum\u00ednio, ajust\u00e1vel, podendo ser estendido de 2 metros a 6 metros conforme a necessidade da tarefa. Equipado com rosca, este modelo permite a adapta\u00e7\u00e3o de diferentes acess\u00f3rios, tornando-se uma solu\u00e7\u00e3o vers\u00e1til para diversos tipos de trabalho. Ideal para profissionais e para quem realiza tarefas dom\u00e9sticas, ele atende \u00e0s demandas de limpeza e pintura em altura de forma eficaz.<\/p>\n<p>Sua constru\u00e7\u00e3o robusta assegura que voc\u00ea ter\u00e1 um equipamento dur\u00e1vel e confi\u00e1vel por muito tempo. Invista na qualidade do Cabo Extensor Telesc\u00f3pico e experimente uma nova forma de cuidar de seus ambientes com praticidade e seguran\u00e7a.<\/p>\n","protected":false},"excerpt":{"rendered":"<h4>A Piscinaria Sumar\u00e9 \u00e9 especialista em produtos e acess\u00f3rios para piscinas.<\/h4>\n<p>\u2013 Fabrica\u00e7\u00e3o pr\u00f3pria de produtos<br \/>\n\u2013 Distribuidora das principais marcas do mercado<br \/>\n\u2013 Especialistas ajudam a escolha do produto ou equipamento ideal<\/p>\n","protected":false},"featured_media":279,"comment_status":"open","ping_status":"closed","template":"","meta":[],"product_brand":[],"product_cat":[16],"product_tag":[112],"class_list":{"0":"post-278","1":"product","2":"type-product","3":"status-publish","4":"has-post-thumbnail","6":"product_cat-acessorios-limpeza","7":"product_tag-cabo-telescopico-6mts","9":"first","10":"instock","11":"shipping-taxable","12":"product-type-simple"},"_links":{"self":[{"href":"https:\/\/piscinariasumare.com.br\/vitrine\/wp-json\/wp\/v2\/product\/278","targetHints":{"allow":["GET"]}}],"collection":[{"href":"https:\/\/piscinariasumare.com.br\/vitrine\/wp-json\/wp\/v2\/product"}],"about":[{"href":"https:\/\/piscinariasumare.com.br\/vitrine\/wp-json\/wp\/v2\/types\/product"}],"replies":[{"embeddable":true,"href":"https:\/\/piscinariasumare.com.br\/vitrine\/wp-json\/wp\/v2\/comments?post=278"}],"wp:featuredmedia":[{"embeddable":true,"href":"https:\/\/piscinariasumare.com.br\/vitrine\/wp-json\/wp\/v2\/media\/279"}],"wp:attachment":[{"href":"https:\/\/piscinariasumare.com.br\/vitrine\/wp-json\/wp\/v2\/media?parent=278"}],"wp:term":[{"taxonomy":"product_brand","embeddable":true,"href":"https:\/\/piscinariasumare.com.br\/vitrine\/wp-json\/wp\/v2\/product_brand?post=278"},{"taxonomy":"product_cat","embeddable":true,"href":"https:\/\/piscinariasumare.com.br\/vitrine\/wp-json\/wp\/v2\/product_cat?post=278"},{"taxonomy":"product_tag","embeddable":true,"href":"https:\/\/piscinariasumare.com.br\/vitrine\/wp-json\/wp\/v2\/product_tag?post=278"}],"curies":[{"name":"wp","href":"https:\/\/api.w.org\/{rel}","templated":true}]}}