{"id":284,"date":"2025-10-03T10:29:36","date_gmt":"2025-10-03T13:29:36","guid":{"rendered":"https:\/\/piscinariasumare.com.br\/vitrine\/?post_type=product&#038;p=284"},"modified":"2025-10-03T16:10:28","modified_gmt":"2025-10-03T19:10:28","slug":"clorador-automatico-vulcano","status":"publish","type":"product","link":"https:\/\/piscinariasumare.com.br\/vitrine\/produto\/clorador-automatico-vulcano\/","title":{"rendered":"Clorador autom\u00e1tico Vulcano"},"content":{"rendered":"<h1>Clorador autom\u00e1tico Vulcano<\/h1>\n<p>O Dosador Clorador Autom\u00e1tico de Pastilhas Netuno (Vulcano) \u00e9 produzido com resina termopl\u00e1stica de alta resist\u00eancia para suportar a a\u00e7\u00e3o corrosiva do cloro em pastilha tricloro, tamb\u00e9m conhecido como \u00e1cido tricloroisocianurico, que normalmente tem concentra\u00e7\u00e3o de 90% de cloro ativo, sendo o cloro mais reativo e com maior efic\u00e1cia no tratamento da \u00e1gua da sua piscina.<\/p>\n<p>O Dosador de Cloro tem a fun\u00e7\u00e3o de automatizar o tratamento qu\u00edmico da \u00e1gua com a dissolu\u00e7\u00e3o controlada de cloro em tabletes, facilitando a limpeza e a efic\u00e1cia na homogeneiza\u00e7\u00e3o do produto em toda a \u00e1gua da piscina.<\/p>\n<p>Este acess\u00f3rio dever\u00e1 ser instalado na tubula\u00e7\u00e3o de retorno da piscina, ap\u00f3s o filtro e o aquecedor (se houver). Sempre que poss\u00edvel \u00e9 recomend\u00e1vel que se instale o clorador acima do n\u00edvel da \u00e1gua da piscina.<\/p>\n<p><strong>Use uma v\u00e1lvula de reten\u00e7\u00e3o antes do dosador de cloro e a utiliza\u00e7\u00e3o de timer no filtro para controlar a mesma dosagem di\u00e1ria de cloro na piscina *<\/strong><\/p>\n","protected":false},"excerpt":{"rendered":"<h4>A Piscinaria Sumar\u00e9 \u00e9 especialista em produtos e acess\u00f3rios para piscinas.<\/h4>\n<p>\u2013 Fabrica\u00e7\u00e3o pr\u00f3pria de produtos<br \/>\n\u2013 Distribuidora das principais marcas do mercado<br \/>\n\u2013 Especialistas ajudam a escolha do produto ou equipamento ideal<\/p>\n","protected":false},"featured_media":330,"comment_status":"open","ping_status":"closed","template":"","meta":[],"product_brand":[],"product_cat":[16],"product_tag":[115],"class_list":{"0":"post-284","1":"product","2":"type-product","3":"status-publish","4":"has-post-thumbnail","6":"product_cat-acessorios-limpeza","7":"product_tag-clorador-automatico-vulcano","9":"first","10":"instock","11":"shipping-taxable","12":"product-type-simple"},"_links":{"self":[{"href":"https:\/\/piscinariasumare.com.br\/vitrine\/wp-json\/wp\/v2\/product\/284","targetHints":{"allow":["GET"]}}],"collection":[{"href":"https:\/\/piscinariasumare.com.br\/vitrine\/wp-json\/wp\/v2\/product"}],"about":[{"href":"https:\/\/piscinariasumare.com.br\/vitrine\/wp-json\/wp\/v2\/types\/product"}],"replies":[{"embeddable":true,"href":"https:\/\/piscinariasumare.com.br\/vitrine\/wp-json\/wp\/v2\/comments?post=284"}],"wp:featuredmedia":[{"embeddable":true,"href":"https:\/\/piscinariasumare.com.br\/vitrine\/wp-json\/wp\/v2\/media\/330"}],"wp:attachment":[{"href":"https:\/\/piscinariasumare.com.br\/vitrine\/wp-json\/wp\/v2\/media?parent=284"}],"wp:term":[{"taxonomy":"product_brand","embeddable":true,"href":"https:\/\/piscinariasumare.com.br\/vitrine\/wp-json\/wp\/v2\/product_brand?post=284"},{"taxonomy":"product_cat","embeddable":true,"href":"https:\/\/piscinariasumare.com.br\/vitrine\/wp-json\/wp\/v2\/product_cat?post=284"},{"taxonomy":"product_tag","embeddable":true,"href":"https:\/\/piscinariasumare.com.br\/vitrine\/wp-json\/wp\/v2\/product_tag?post=284"}],"curies":[{"name":"wp","href":"https:\/\/api.w.org\/{rel}","templated":true}]}}