{"id":295,"date":"2025-10-03T12:01:47","date_gmt":"2025-10-03T15:01:47","guid":{"rendered":"https:\/\/piscinariasumare.com.br\/vitrine\/?post_type=product&#038;p=295"},"modified":"2025-10-03T12:01:47","modified_gmt":"2025-10-03T15:01:47","slug":"emenda-de-mangueira-para-piscinas","status":"publish","type":"product","link":"https:\/\/piscinariasumare.com.br\/vitrine\/produto\/emenda-de-mangueira-para-piscinas\/","title":{"rendered":"Emenda de mangueira para piscinas"},"content":{"rendered":"<h1>Emenda de mangueira para piscinas<\/h1>\n<p>&nbsp;<\/p>\n","protected":false},"excerpt":{"rendered":"<h4>A Piscinaria Sumar\u00e9 \u00e9 especialista em produtos e acess\u00f3rios para piscinas.<\/h4>\n<p>\u2013 Fabrica\u00e7\u00e3o pr\u00f3pria de produtos<br \/>\n\u2013 Distribuidora das principais marcas do mercado<br \/>\n\u2013 Especialistas ajudam a escolha do produto ou equipamento ideal<\/p>\n","protected":false},"featured_media":296,"comment_status":"open","ping_status":"closed","template":"","meta":[],"product_brand":[],"product_cat":[16],"product_tag":[120],"class_list":{"0":"post-295","1":"product","2":"type-product","3":"status-publish","4":"has-post-thumbnail","6":"product_cat-acessorios-limpeza","7":"product_tag-emenda-de-mangueira-para-piscinas","9":"first","10":"instock","11":"shipping-taxable","12":"product-type-simple"},"_links":{"self":[{"href":"https:\/\/piscinariasumare.com.br\/vitrine\/wp-json\/wp\/v2\/product\/295","targetHints":{"allow":["GET"]}}],"collection":[{"href":"https:\/\/piscinariasumare.com.br\/vitrine\/wp-json\/wp\/v2\/product"}],"about":[{"href":"https:\/\/piscinariasumare.com.br\/vitrine\/wp-json\/wp\/v2\/types\/product"}],"replies":[{"embeddable":true,"href":"https:\/\/piscinariasumare.com.br\/vitrine\/wp-json\/wp\/v2\/comments?post=295"}],"wp:featuredmedia":[{"embeddable":true,"href":"https:\/\/piscinariasumare.com.br\/vitrine\/wp-json\/wp\/v2\/media\/296"}],"wp:attachment":[{"href":"https:\/\/piscinariasumare.com.br\/vitrine\/wp-json\/wp\/v2\/media?parent=295"}],"wp:term":[{"taxonomy":"product_brand","embeddable":true,"href":"https:\/\/piscinariasumare.com.br\/vitrine\/wp-json\/wp\/v2\/product_brand?post=295"},{"taxonomy":"product_cat","embeddable":true,"href":"https:\/\/piscinariasumare.com.br\/vitrine\/wp-json\/wp\/v2\/product_cat?post=295"},{"taxonomy":"product_tag","embeddable":true,"href":"https:\/\/piscinariasumare.com.br\/vitrine\/wp-json\/wp\/v2\/product_tag?post=295"}],"curies":[{"name":"wp","href":"https:\/\/api.w.org\/{rel}","templated":true}]}}