{"id":297,"date":"2025-10-03T12:07:10","date_gmt":"2025-10-03T15:07:10","guid":{"rendered":"https:\/\/piscinariasumare.com.br\/vitrine\/?post_type=product&#038;p=297"},"modified":"2025-10-03T12:07:10","modified_gmt":"2025-10-03T15:07:10","slug":"kit-reparo-vinil-para-piscinas","status":"publish","type":"product","link":"https:\/\/piscinariasumare.com.br\/vitrine\/produto\/kit-reparo-vinil-para-piscinas\/","title":{"rendered":"Kit reparo vinil para piscinas"},"content":{"rendered":"<h1>Kit reparo vinil para piscinas<\/h1>\n<p>Cola Vinil \u2013 Reparos em PVC Flex\u00edvel com Praticidade<\/p>\n<p><strong>Conte\u00fado do produto:<\/strong><\/p>\n<p><strong>Ficha t\u00e9cnica:<\/strong><br \/>\nModelo: Kit Cola\/Vinil<br \/>\nIndica\u00e7\u00e3o: colagem de materiais em PVC flex\u00edvel, como:<br \/>\nPiscinas de vinil<br \/>\nBoias infl\u00e1veis<br \/>\nBrinquedos infl\u00e1veis<br \/>\nLonas<br \/>\nMalas<br \/>\nBarracas<br \/>\nArmazenamento: manter o tubo bem fechado ap\u00f3s o uso para preservar a reutiliza\u00e7\u00e3o<br \/>\nAplica\u00e7\u00e3o recomendada: em superf\u00edcie limpa e seca<br \/>\nIdeal para uso com a piscina sem \u00e1gua<\/p>\n<p><strong>Benef\u00edcios:<\/strong><br \/>\nCola de alta performance e secagem r\u00e1pida<br \/>\nReparo pr\u00e1tico, dur\u00e1vel e com excelente ader\u00eancia<br \/>\nAlta flexibilidade ap\u00f3s a cura<br \/>\nVers\u00e1til para diversos tipos de reparos dom\u00e9sticos ou profissionais<\/p>\n<p><strong>Aten\u00e7\u00e3o:<\/strong><br \/>\nProduto n\u00e3o acompanha vinil para remendo<br \/>\nCertifique-se de que a superf\u00edcie esteja seca e sem impurezas para melhor resultado<br \/>\nPode ser usado em piscinas cheias, mas o resultado ideal ocorre com a piscina vazia<\/p>\n","protected":false},"excerpt":{"rendered":"<h4>A Piscinaria Sumar\u00e9 \u00e9 especialista em produtos e acess\u00f3rios para piscinas.<\/h4>\n<p>\u2013 Fabrica\u00e7\u00e3o pr\u00f3pria de produtos<br \/>\n\u2013 Distribuidora das principais marcas do mercado<br \/>\n\u2013 Especialistas ajudam a escolha do produto ou equipamento ideal<\/p>\n","protected":false},"featured_media":298,"comment_status":"open","ping_status":"closed","template":"","meta":[],"product_brand":[],"product_cat":[16],"product_tag":[121],"class_list":{"0":"post-297","1":"product","2":"type-product","3":"status-publish","4":"has-post-thumbnail","6":"product_cat-acessorios-limpeza","7":"product_tag-kit-reparo-vinil-para-piscinas","9":"first","10":"instock","11":"shipping-taxable","12":"product-type-simple"},"_links":{"self":[{"href":"https:\/\/piscinariasumare.com.br\/vitrine\/wp-json\/wp\/v2\/product\/297","targetHints":{"allow":["GET"]}}],"collection":[{"href":"https:\/\/piscinariasumare.com.br\/vitrine\/wp-json\/wp\/v2\/product"}],"about":[{"href":"https:\/\/piscinariasumare.com.br\/vitrine\/wp-json\/wp\/v2\/types\/product"}],"replies":[{"embeddable":true,"href":"https:\/\/piscinariasumare.com.br\/vitrine\/wp-json\/wp\/v2\/comments?post=297"}],"wp:featuredmedia":[{"embeddable":true,"href":"https:\/\/piscinariasumare.com.br\/vitrine\/wp-json\/wp\/v2\/media\/298"}],"wp:attachment":[{"href":"https:\/\/piscinariasumare.com.br\/vitrine\/wp-json\/wp\/v2\/media?parent=297"}],"wp:term":[{"taxonomy":"product_brand","embeddable":true,"href":"https:\/\/piscinariasumare.com.br\/vitrine\/wp-json\/wp\/v2\/product_brand?post=297"},{"taxonomy":"product_cat","embeddable":true,"href":"https:\/\/piscinariasumare.com.br\/vitrine\/wp-json\/wp\/v2\/product_cat?post=297"},{"taxonomy":"product_tag","embeddable":true,"href":"https:\/\/piscinariasumare.com.br\/vitrine\/wp-json\/wp\/v2\/product_tag?post=297"}],"curies":[{"name":"wp","href":"https:\/\/api.w.org\/{rel}","templated":true}]}}