{"id":301,"date":"2025-10-03T12:13:54","date_gmt":"2025-10-03T15:13:54","guid":{"rendered":"https:\/\/piscinariasumare.com.br\/vitrine\/?post_type=product&#038;p=301"},"modified":"2025-10-03T12:13:54","modified_gmt":"2025-10-03T15:13:54","slug":"mangueira-flutuante-siliconada-15","status":"publish","type":"product","link":"https:\/\/piscinariasumare.com.br\/vitrine\/produto\/mangueira-flutuante-siliconada-15\/","title":{"rendered":"Mangueira flutuante siliconada 1,5"},"content":{"rendered":"<h1>Mangueira flutuante siliconada 1.5 polegadas<\/h1>\n<p>Mangueira de Metros com Di\u00e2metro Interno de 2 polegadas siliconada<\/p>\n<p>Ideal para piscinas de Fibra, Vinil e Alvenaria<\/p>\n<p>N\u00e3o recomendada para piscinas infl\u00e1veis ou de arma\u00e7\u00e3o.<\/p>\n<p>Mangueira resistente e perfeita para limpezas intensas e suaves, com 38mm de di\u00e2metro, encaixa perfeitamente com a maioria dos adaptadores e aspiradores de piscinas convencionais.<\/p>\n<p>A mangueira siliconada \u00e9 uma op\u00e7\u00e3o mais dur\u00e1vel e resistente do que as mangueiras convencionais para piscinas.<\/p>\n","protected":false},"excerpt":{"rendered":"<h4>A Piscinaria Sumar\u00e9 \u00e9 especialista em produtos e acess\u00f3rios para piscinas.<\/h4>\n<p>\u2013 Fabrica\u00e7\u00e3o pr\u00f3pria de produtos<br \/>\n\u2013 Distribuidora das principais marcas do mercado<br \/>\n\u2013 Especialistas ajudam a escolha do produto ou equipamento ideal<\/p>\n","protected":false},"featured_media":302,"comment_status":"open","ping_status":"closed","template":"","meta":[],"product_brand":[],"product_cat":[16],"product_tag":[123],"class_list":{"0":"post-301","1":"product","2":"type-product","3":"status-publish","4":"has-post-thumbnail","6":"product_cat-acessorios-limpeza","7":"product_tag-mangueira-flutuante-siliconada-1","9":"first","10":"instock","11":"shipping-taxable","12":"product-type-simple"},"_links":{"self":[{"href":"https:\/\/piscinariasumare.com.br\/vitrine\/wp-json\/wp\/v2\/product\/301","targetHints":{"allow":["GET"]}}],"collection":[{"href":"https:\/\/piscinariasumare.com.br\/vitrine\/wp-json\/wp\/v2\/product"}],"about":[{"href":"https:\/\/piscinariasumare.com.br\/vitrine\/wp-json\/wp\/v2\/types\/product"}],"replies":[{"embeddable":true,"href":"https:\/\/piscinariasumare.com.br\/vitrine\/wp-json\/wp\/v2\/comments?post=301"}],"wp:featuredmedia":[{"embeddable":true,"href":"https:\/\/piscinariasumare.com.br\/vitrine\/wp-json\/wp\/v2\/media\/302"}],"wp:attachment":[{"href":"https:\/\/piscinariasumare.com.br\/vitrine\/wp-json\/wp\/v2\/media?parent=301"}],"wp:term":[{"taxonomy":"product_brand","embeddable":true,"href":"https:\/\/piscinariasumare.com.br\/vitrine\/wp-json\/wp\/v2\/product_brand?post=301"},{"taxonomy":"product_cat","embeddable":true,"href":"https:\/\/piscinariasumare.com.br\/vitrine\/wp-json\/wp\/v2\/product_cat?post=301"},{"taxonomy":"product_tag","embeddable":true,"href":"https:\/\/piscinariasumare.com.br\/vitrine\/wp-json\/wp\/v2\/product_tag?post=301"}],"curies":[{"name":"wp","href":"https:\/\/api.w.org\/{rel}","templated":true}]}}