{"id":311,"date":"2025-10-03T14:54:52","date_gmt":"2025-10-03T17:54:52","guid":{"rendered":"https:\/\/piscinariasumare.com.br\/vitrine\/?post_type=product&#038;p=311"},"modified":"2025-10-03T14:54:52","modified_gmt":"2025-10-03T17:54:52","slug":"prolongador-de-caixa-de-passagem","status":"publish","type":"product","link":"https:\/\/piscinariasumare.com.br\/vitrine\/produto\/prolongador-de-caixa-de-passagem\/","title":{"rendered":"Prolongador de caixa de passagem"},"content":{"rendered":"<h1>Prolongador de caixa de passagem<\/h1>\n<p>O Prolongador Para Caixa Passagem E Gordura Pequena 10 Litros \u00e9 um produto de alta qualidade, projetado para atender \u00e0s suas necessidades de maneira eficiente.<\/p>\n<p>Este prolongador \u00e9 ideal para uso em resid\u00eancias, restaurantes, hot\u00e9is e outros estabelecimentos que necessitam de um sistema eficiente de passagem e armazenamento de gordura. Sua constru\u00e7\u00e3o robusta garante durabilidade e resist\u00eancia, proporcionando um excelente custo-benef\u00edcio.<\/p>\n<p>O design do Prolongador Para Caixa Passagem E Gordura \u00e9 simples e pr\u00e1tico, facilitando a instala\u00e7\u00e3o e o uso. Al\u00e9m disso, sua manuten\u00e7\u00e3o \u00e9 simples, evitando preocupa\u00e7\u00f5es com reparos frequentes.<\/p>\n<p>\u00c9 uma solu\u00e7\u00e3o confi\u00e1vel e de alta qualidade para suas necessidades de passagem e armazenamento de gordura.<\/p>\n","protected":false},"excerpt":{"rendered":"<h4>A Piscinaria Sumar\u00e9 \u00e9 especialista em produtos e acess\u00f3rios para piscinas.<\/h4>\n<p>\u2013 Fabrica\u00e7\u00e3o pr\u00f3pria de produtos<br \/>\n\u2013 Distribuidora das principais marcas do mercado<br \/>\n\u2013 Especialistas ajudam a escolha do produto ou equipamento ideal<\/p>\n","protected":false},"featured_media":312,"comment_status":"open","ping_status":"closed","template":"","meta":[],"product_brand":[],"product_cat":[16],"product_tag":[129],"class_list":{"0":"post-311","1":"product","2":"type-product","3":"status-publish","4":"has-post-thumbnail","6":"product_cat-acessorios-limpeza","7":"product_tag-prolongador-de-caixa-de-passagem","9":"first","10":"instock","11":"shipping-taxable","12":"product-type-simple"},"_links":{"self":[{"href":"https:\/\/piscinariasumare.com.br\/vitrine\/wp-json\/wp\/v2\/product\/311","targetHints":{"allow":["GET"]}}],"collection":[{"href":"https:\/\/piscinariasumare.com.br\/vitrine\/wp-json\/wp\/v2\/product"}],"about":[{"href":"https:\/\/piscinariasumare.com.br\/vitrine\/wp-json\/wp\/v2\/types\/product"}],"replies":[{"embeddable":true,"href":"https:\/\/piscinariasumare.com.br\/vitrine\/wp-json\/wp\/v2\/comments?post=311"}],"wp:featuredmedia":[{"embeddable":true,"href":"https:\/\/piscinariasumare.com.br\/vitrine\/wp-json\/wp\/v2\/media\/312"}],"wp:attachment":[{"href":"https:\/\/piscinariasumare.com.br\/vitrine\/wp-json\/wp\/v2\/media?parent=311"}],"wp:term":[{"taxonomy":"product_brand","embeddable":true,"href":"https:\/\/piscinariasumare.com.br\/vitrine\/wp-json\/wp\/v2\/product_brand?post=311"},{"taxonomy":"product_cat","embeddable":true,"href":"https:\/\/piscinariasumare.com.br\/vitrine\/wp-json\/wp\/v2\/product_cat?post=311"},{"taxonomy":"product_tag","embeddable":true,"href":"https:\/\/piscinariasumare.com.br\/vitrine\/wp-json\/wp\/v2\/product_tag?post=311"}],"curies":[{"name":"wp","href":"https:\/\/api.w.org\/{rel}","templated":true}]}}