{"id":313,"date":"2025-10-03T15:07:05","date_gmt":"2025-10-03T18:07:05","guid":{"rendered":"https:\/\/piscinariasumare.com.br\/vitrine\/?post_type=product&#038;p=313"},"modified":"2025-10-03T15:07:05","modified_gmt":"2025-10-03T18:07:05","slug":"respiro-de-hidro-encaixe-com-acabamento","status":"publish","type":"product","link":"https:\/\/piscinariasumare.com.br\/vitrine\/produto\/respiro-de-hidro-encaixe-com-acabamento\/","title":{"rendered":"Respiro de hidro encaixe com acabamento"},"content":{"rendered":"<h1>Respiro de hidro encaixe com acabamento<\/h1>\n<p>O Respiro de hidro encaixe com acabamento, t\u00eam como diferencial o design, com riqueza de detalhes e acabamento impec\u00e1vel, colocando este produto na categoria de alto padr\u00e3o.<\/p>\n<p>Seu a\u00e7o inox polido e espelhado \u00e9 moldurado em ABS na cor cinza, desta forma, a exclusividade da sua piscina ou projeto estar\u00e1 ao seu alcance por um \u00f3timo custo benef\u00edcio, al\u00e9m de possuir um acabamento extremamente fino, este respiro possui face superior fechada e passagem direta de ar, garantindo maior seguran\u00e7a e performance na mistura do sistema de hidromassagem.<\/p>\n","protected":false},"excerpt":{"rendered":"<h4>A Piscinaria Sumar\u00e9 \u00e9 especialista em produtos e acess\u00f3rios para piscinas.<\/h4>\n<p>\u2013 Fabrica\u00e7\u00e3o pr\u00f3pria de produtos<br \/>\n\u2013 Distribuidora das principais marcas do mercado<br \/>\n\u2013 Especialistas ajudam a escolha do produto ou equipamento ideal<\/p>\n","protected":false},"featured_media":314,"comment_status":"open","ping_status":"closed","template":"","meta":[],"product_brand":[],"product_cat":[16],"product_tag":[130],"class_list":{"0":"post-313","1":"product","2":"type-product","3":"status-publish","4":"has-post-thumbnail","6":"product_cat-acessorios-limpeza","7":"product_tag-respiro-de-hidro-encaixe-com-acabamento","9":"first","10":"instock","11":"shipping-taxable","12":"product-type-simple"},"_links":{"self":[{"href":"https:\/\/piscinariasumare.com.br\/vitrine\/wp-json\/wp\/v2\/product\/313","targetHints":{"allow":["GET"]}}],"collection":[{"href":"https:\/\/piscinariasumare.com.br\/vitrine\/wp-json\/wp\/v2\/product"}],"about":[{"href":"https:\/\/piscinariasumare.com.br\/vitrine\/wp-json\/wp\/v2\/types\/product"}],"replies":[{"embeddable":true,"href":"https:\/\/piscinariasumare.com.br\/vitrine\/wp-json\/wp\/v2\/comments?post=313"}],"wp:featuredmedia":[{"embeddable":true,"href":"https:\/\/piscinariasumare.com.br\/vitrine\/wp-json\/wp\/v2\/media\/314"}],"wp:attachment":[{"href":"https:\/\/piscinariasumare.com.br\/vitrine\/wp-json\/wp\/v2\/media?parent=313"}],"wp:term":[{"taxonomy":"product_brand","embeddable":true,"href":"https:\/\/piscinariasumare.com.br\/vitrine\/wp-json\/wp\/v2\/product_brand?post=313"},{"taxonomy":"product_cat","embeddable":true,"href":"https:\/\/piscinariasumare.com.br\/vitrine\/wp-json\/wp\/v2\/product_cat?post=313"},{"taxonomy":"product_tag","embeddable":true,"href":"https:\/\/piscinariasumare.com.br\/vitrine\/wp-json\/wp\/v2\/product_tag?post=313"}],"curies":[{"name":"wp","href":"https:\/\/api.w.org\/{rel}","templated":true}]}}