{"id":317,"date":"2025-10-03T15:15:22","date_gmt":"2025-10-03T18:15:22","guid":{"rendered":"https:\/\/piscinariasumare.com.br\/vitrine\/?post_type=product&#038;p=317"},"modified":"2025-10-03T15:15:22","modified_gmt":"2025-10-03T18:15:22","slug":"tampa-da-caixa-de-passagem-inox-para-piscinas","status":"publish","type":"product","link":"https:\/\/piscinariasumare.com.br\/vitrine\/produto\/tampa-da-caixa-de-passagem-inox-para-piscinas\/","title":{"rendered":"Tampa da caixa de passagem inox para piscinas"},"content":{"rendered":"<h1>Tampa da caixa de passagem inox para piscinas<\/h1>\n<p><strong>Dimens\u00f5es Caixa de Passagem: 9x9x9<\/strong><\/p>\n<p>A Caixa de Passagem Inox facilita a instala\u00e7\u00e3o e manuten\u00e7\u00e3o da ilumina\u00e7\u00e3o de piscinas. Este modelo conta com um sistema que permite adapta\u00e7\u00e3o a diferentes tipos de acabamento de borda de piscina.<\/p>\n<p><strong>Benef\u00edcios da Caixa de Passagem Inox<\/strong><\/p>\n<p>A Caixa de Passagem Inox \u00e9 resistente e dur\u00e1vel, proporcionando manuten\u00e7\u00e3o da ilumina\u00e7\u00e3o de forma pr\u00e1tica. Fabricada em termopl\u00e1stico (ABS) injetado, possui tampa em A\u00e7o ou ABS fixada com quatro parafusos em a\u00e7o inox, guarni\u00e7\u00e3o de borracha, sistema prensa cabo e quatro sa\u00eddas opcionais de 3\/4 col\u00e1vel. Inclui um sistema de prolongador exclusivo que permite adapta\u00e7\u00e3o a qualquer tipo de acabamento na borda da piscina, facilitando a manuten\u00e7\u00e3o e instala\u00e7\u00e3o da ilumina\u00e7\u00e3o subaqu\u00e1tica.<\/p>\n","protected":false},"excerpt":{"rendered":"<h4>A Piscinaria Sumar\u00e9 \u00e9 especialista em produtos e acess\u00f3rios para piscinas.<\/h4>\n<p>\u2013 Fabrica\u00e7\u00e3o pr\u00f3pria de produtos<br \/>\n\u2013 Distribuidora das principais marcas do mercado<br \/>\n\u2013 Especialistas ajudam a escolha do produto ou equipamento ideal<\/p>\n","protected":false},"featured_media":318,"comment_status":"open","ping_status":"closed","template":"","meta":[],"product_brand":[],"product_cat":[16],"product_tag":[132],"class_list":{"0":"post-317","1":"product","2":"type-product","3":"status-publish","4":"has-post-thumbnail","6":"product_cat-acessorios-limpeza","7":"product_tag-tampa-da-caixa-de-passagem-inox-para-piscinas","9":"first","10":"instock","11":"shipping-taxable","12":"product-type-simple"},"_links":{"self":[{"href":"https:\/\/piscinariasumare.com.br\/vitrine\/wp-json\/wp\/v2\/product\/317","targetHints":{"allow":["GET"]}}],"collection":[{"href":"https:\/\/piscinariasumare.com.br\/vitrine\/wp-json\/wp\/v2\/product"}],"about":[{"href":"https:\/\/piscinariasumare.com.br\/vitrine\/wp-json\/wp\/v2\/types\/product"}],"replies":[{"embeddable":true,"href":"https:\/\/piscinariasumare.com.br\/vitrine\/wp-json\/wp\/v2\/comments?post=317"}],"wp:featuredmedia":[{"embeddable":true,"href":"https:\/\/piscinariasumare.com.br\/vitrine\/wp-json\/wp\/v2\/media\/318"}],"wp:attachment":[{"href":"https:\/\/piscinariasumare.com.br\/vitrine\/wp-json\/wp\/v2\/media?parent=317"}],"wp:term":[{"taxonomy":"product_brand","embeddable":true,"href":"https:\/\/piscinariasumare.com.br\/vitrine\/wp-json\/wp\/v2\/product_brand?post=317"},{"taxonomy":"product_cat","embeddable":true,"href":"https:\/\/piscinariasumare.com.br\/vitrine\/wp-json\/wp\/v2\/product_cat?post=317"},{"taxonomy":"product_tag","embeddable":true,"href":"https:\/\/piscinariasumare.com.br\/vitrine\/wp-json\/wp\/v2\/product_tag?post=317"}],"curies":[{"name":"wp","href":"https:\/\/api.w.org\/{rel}","templated":true}]}}