{"id":319,"date":"2025-10-03T15:20:43","date_gmt":"2025-10-03T18:20:43","guid":{"rendered":"https:\/\/piscinariasumare.com.br\/vitrine\/?post_type=product&#038;p=319"},"modified":"2025-10-03T15:20:43","modified_gmt":"2025-10-03T18:20:43","slug":"timer-digital","status":"publish","type":"product","link":"https:\/\/piscinariasumare.com.br\/vitrine\/produto\/timer-digital\/","title":{"rendered":"Timer digital"},"content":{"rendered":"<h1>Timer digital<\/h1>\n<p>Otimize seu tempo e economize energia com esse Temporizador Digital.<\/p>\n<p>Este dispositivo pode ser utilizado em diversos lugares, como bombas de piscinas, aqu\u00e1rios, luzes, cafeteiras, fornos el\u00e9tricos e muito mais.<\/p>\n<p>Ele possui 16 programa\u00e7\u00f5es poss\u00edveis e voc\u00ea pode ajustar facilmente a semana, hora, minuto e segundo de opera\u00e7\u00e3o, adaptando-se perfeitamente \u00e0 sua rotina.<\/p>\n<p>O display LCD fornece uma visualiza\u00e7\u00e3o clara das configura\u00e7\u00f5es e seu material antichamas garante a seguran\u00e7a durante o uso.<\/p>\n<p>Conta com LEDs indicadores que fornecem um feedback visual sobre o status do temporizador, facilitando ainda mais o controle.<\/p>\n","protected":false},"excerpt":{"rendered":"<h4>A Piscinaria Sumar\u00e9 \u00e9 especialista em produtos e acess\u00f3rios para piscinas.<\/h4>\n<p>\u2013 Fabrica\u00e7\u00e3o pr\u00f3pria de produtos<br \/>\n\u2013 Distribuidora das principais marcas do mercado<br \/>\n\u2013 Especialistas ajudam a escolha do produto ou equipamento ideal<\/p>\n","protected":false},"featured_media":320,"comment_status":"open","ping_status":"closed","template":"","meta":[],"product_brand":[],"product_cat":[16],"product_tag":[133],"class_list":{"0":"post-319","1":"product","2":"type-product","3":"status-publish","4":"has-post-thumbnail","6":"product_cat-acessorios-limpeza","7":"product_tag-timer-digital","9":"first","10":"instock","11":"shipping-taxable","12":"product-type-simple"},"_links":{"self":[{"href":"https:\/\/piscinariasumare.com.br\/vitrine\/wp-json\/wp\/v2\/product\/319","targetHints":{"allow":["GET"]}}],"collection":[{"href":"https:\/\/piscinariasumare.com.br\/vitrine\/wp-json\/wp\/v2\/product"}],"about":[{"href":"https:\/\/piscinariasumare.com.br\/vitrine\/wp-json\/wp\/v2\/types\/product"}],"replies":[{"embeddable":true,"href":"https:\/\/piscinariasumare.com.br\/vitrine\/wp-json\/wp\/v2\/comments?post=319"}],"wp:featuredmedia":[{"embeddable":true,"href":"https:\/\/piscinariasumare.com.br\/vitrine\/wp-json\/wp\/v2\/media\/320"}],"wp:attachment":[{"href":"https:\/\/piscinariasumare.com.br\/vitrine\/wp-json\/wp\/v2\/media?parent=319"}],"wp:term":[{"taxonomy":"product_brand","embeddable":true,"href":"https:\/\/piscinariasumare.com.br\/vitrine\/wp-json\/wp\/v2\/product_brand?post=319"},{"taxonomy":"product_cat","embeddable":true,"href":"https:\/\/piscinariasumare.com.br\/vitrine\/wp-json\/wp\/v2\/product_cat?post=319"},{"taxonomy":"product_tag","embeddable":true,"href":"https:\/\/piscinariasumare.com.br\/vitrine\/wp-json\/wp\/v2\/product_tag?post=319"}],"curies":[{"name":"wp","href":"https:\/\/api.w.org\/{rel}","templated":true}]}}