{"id":321,"date":"2025-10-03T15:23:54","date_gmt":"2025-10-03T18:23:54","guid":{"rendered":"https:\/\/piscinariasumare.com.br\/vitrine\/?post_type=product&#038;p=321"},"modified":"2025-10-03T15:23:54","modified_gmt":"2025-10-03T18:23:54","slug":"timer-analogico","status":"publish","type":"product","link":"https:\/\/piscinariasumare.com.br\/vitrine\/produto\/timer-analogico\/","title":{"rendered":"Timer anal\u00f3gico"},"content":{"rendered":"<h1>Timer anal\u00f3gico<\/h1>\n<p><strong>Timer Temporizado anal\u00f3gico Bivolt<\/strong><br \/>\nTemporizador anal\u00f3gico desenvolvido para ligar e desligar automaticamente aparelhos el\u00e9tricos ou eletr\u00f4nicos com hor\u00e1rios programados.<br \/>\nO temporizador \u00e9 um equipamento port\u00e1til e de f\u00e1cil instala\u00e7\u00e3o, basta fazer a programa\u00e7\u00e3o e ligar na tomada da rede el\u00e9trica em 127V ou 220V<\/p>\n<p><strong>Aplica\u00e7\u00f5es:<\/strong><br \/>\nIlumina\u00e7\u00e3o dom\u00e9stica, de fachadas, pain\u00e9is luminosos, piscinas, aqu\u00e1rios e jardins.<br \/>\nBombas de piscina, hidromassagens e ofur\u00f4s.<br \/>\nEletrodom\u00e9sticos e Eletroeletr\u00f4nicos.<br \/>\nIrriga\u00e7\u00e3o de hortas, pomares e jardins.<br \/>\nAr Condicionado.<br \/>\nAquecedores.<br \/>\nSistemas de Vigil\u00e2ncia entre outras aplica\u00e7\u00f5es.<br \/>\nEntre outros&#8230;<\/p>\n<p><strong>Caracter\u00edsticas:<\/strong><br \/>\nTens\u00e3o: 127 \/ 220 VCA &#8211; 60 Hz \/ Bivolt autom\u00e1tico<br \/>\nFun\u00e7\u00e3o timer: Liga e desliga no tempo programado<br \/>\nFun\u00e7\u00e3o sempre ligada: funciona como tomada comum<br \/>\nLED indicativo da carga acionada Program\u00e1vel 24 horas<br \/>\nFonte com maior resist\u00eancia a varia\u00e7\u00f5es da tens\u00e3o da rede el\u00e9trica<br \/>\nPlugue e tomada dimensionado conforme norma NBR 14136<br \/>\nAmperagem n\u00e3o pode ultrapassar a corrente de 10A<br \/>\nA programa\u00e7\u00e3o no modelo anal\u00f3gico \u00e9 de 15 minutos num intervalo m\u00e1ximo de 24 horas.<\/p>\n","protected":false},"excerpt":{"rendered":"<h4>A Piscinaria Sumar\u00e9 \u00e9 especialista em produtos e acess\u00f3rios para piscinas.<\/h4>\n<p>\u2013 Fabrica\u00e7\u00e3o pr\u00f3pria de produtos<br \/>\n\u2013 Distribuidora das principais marcas do mercado<br \/>\n\u2013 Especialistas ajudam a escolha do produto ou equipamento ideal<\/p>\n","protected":false},"featured_media":322,"comment_status":"open","ping_status":"closed","template":"","meta":[],"product_brand":[],"product_cat":[16],"product_tag":[134],"class_list":{"0":"post-321","1":"product","2":"type-product","3":"status-publish","4":"has-post-thumbnail","6":"product_cat-acessorios-limpeza","7":"product_tag-timer-analogico","9":"first","10":"instock","11":"shipping-taxable","12":"product-type-simple"},"_links":{"self":[{"href":"https:\/\/piscinariasumare.com.br\/vitrine\/wp-json\/wp\/v2\/product\/321","targetHints":{"allow":["GET"]}}],"collection":[{"href":"https:\/\/piscinariasumare.com.br\/vitrine\/wp-json\/wp\/v2\/product"}],"about":[{"href":"https:\/\/piscinariasumare.com.br\/vitrine\/wp-json\/wp\/v2\/types\/product"}],"replies":[{"embeddable":true,"href":"https:\/\/piscinariasumare.com.br\/vitrine\/wp-json\/wp\/v2\/comments?post=321"}],"wp:featuredmedia":[{"embeddable":true,"href":"https:\/\/piscinariasumare.com.br\/vitrine\/wp-json\/wp\/v2\/media\/322"}],"wp:attachment":[{"href":"https:\/\/piscinariasumare.com.br\/vitrine\/wp-json\/wp\/v2\/media?parent=321"}],"wp:term":[{"taxonomy":"product_brand","embeddable":true,"href":"https:\/\/piscinariasumare.com.br\/vitrine\/wp-json\/wp\/v2\/product_brand?post=321"},{"taxonomy":"product_cat","embeddable":true,"href":"https:\/\/piscinariasumare.com.br\/vitrine\/wp-json\/wp\/v2\/product_cat?post=321"},{"taxonomy":"product_tag","embeddable":true,"href":"https:\/\/piscinariasumare.com.br\/vitrine\/wp-json\/wp\/v2\/product_tag?post=321"}],"curies":[{"name":"wp","href":"https:\/\/api.w.org\/{rel}","templated":true}]}}