{"id":327,"date":"2025-10-03T15:38:31","date_gmt":"2025-10-03T18:38:31","guid":{"rendered":"https:\/\/piscinariasumare.com.br\/vitrine\/?post_type=product&#038;p=327"},"modified":"2025-10-03T15:38:31","modified_gmt":"2025-10-03T18:38:31","slug":"aspirador-escova-asa-delta-brustec","status":"publish","type":"product","link":"https:\/\/piscinariasumare.com.br\/vitrine\/produto\/aspirador-escova-asa-delta-brustec\/","title":{"rendered":"Aspirador escova asa delta Brustec"},"content":{"rendered":"<h1>Aspirador escova asa delta Brustec<\/h1>\n<p>O aspirador asa delta tem base com cerdas de nylon e \u00e9 feito de termopl\u00e1sticos de alta qualidade (abs).<br \/>\nFacilita a limpeza ao aspirar res\u00edduos e escovar o fundo da piscina, ajudando na remo\u00e7\u00e3o de microrganismos e detritos mais aderentes.<\/p>\n<p>Conta com bocal de aspira\u00e7\u00e3o articulado para melhor manuseio da mangueira e sistema de engate para cabo de alum\u00ednio (n\u00e3o incluso).<\/p>\n","protected":false},"excerpt":{"rendered":"<h4>A Piscinaria Sumar\u00e9 \u00e9 especialista em produtos e acess\u00f3rios para piscinas.<\/h4>\n<p>\u2013 Fabrica\u00e7\u00e3o pr\u00f3pria de produtos<br \/>\n\u2013 Distribuidora das principais marcas do mercado<br \/>\n\u2013 Especialistas ajudam a escolha do produto ou equipamento ideal<\/p>\n","protected":false},"featured_media":328,"comment_status":"open","ping_status":"closed","template":"","meta":[],"product_brand":[],"product_cat":[16],"product_tag":[137],"class_list":{"0":"post-327","1":"product","2":"type-product","3":"status-publish","4":"has-post-thumbnail","6":"product_cat-acessorios-limpeza","7":"product_tag-aspirador-escova-asa-delta-brustec","9":"first","10":"instock","11":"shipping-taxable","12":"product-type-simple"},"_links":{"self":[{"href":"https:\/\/piscinariasumare.com.br\/vitrine\/wp-json\/wp\/v2\/product\/327","targetHints":{"allow":["GET"]}}],"collection":[{"href":"https:\/\/piscinariasumare.com.br\/vitrine\/wp-json\/wp\/v2\/product"}],"about":[{"href":"https:\/\/piscinariasumare.com.br\/vitrine\/wp-json\/wp\/v2\/types\/product"}],"replies":[{"embeddable":true,"href":"https:\/\/piscinariasumare.com.br\/vitrine\/wp-json\/wp\/v2\/comments?post=327"}],"wp:featuredmedia":[{"embeddable":true,"href":"https:\/\/piscinariasumare.com.br\/vitrine\/wp-json\/wp\/v2\/media\/328"}],"wp:attachment":[{"href":"https:\/\/piscinariasumare.com.br\/vitrine\/wp-json\/wp\/v2\/media?parent=327"}],"wp:term":[{"taxonomy":"product_brand","embeddable":true,"href":"https:\/\/piscinariasumare.com.br\/vitrine\/wp-json\/wp\/v2\/product_brand?post=327"},{"taxonomy":"product_cat","embeddable":true,"href":"https:\/\/piscinariasumare.com.br\/vitrine\/wp-json\/wp\/v2\/product_cat?post=327"},{"taxonomy":"product_tag","embeddable":true,"href":"https:\/\/piscinariasumare.com.br\/vitrine\/wp-json\/wp\/v2\/product_tag?post=327"}],"curies":[{"name":"wp","href":"https:\/\/api.w.org\/{rel}","templated":true}]}}